{"id":3394,"date":"2024-05-24T17:02:58","date_gmt":"2024-05-24T09:02:58","guid":{"rendered":"http:\/\/pinyueppwovenbag.com\/?post_type=product&#038;p=3394"},"modified":"2024-08-24T14:37:52","modified_gmt":"2024-08-24T06:37:52","slug":"choosing-non-woven-bags-for-diy-create-a-great-life","status":"publish","type":"product","link":"https:\/\/pinyueppwovenbag.com\/pt\/product\/choosing-non-woven-bags-for-diy-create-a-great-life\/","title":{"rendered":"Escolher sacos de n\u00e3o tecido para bricolage Criar uma vida fant\u00e1stica"},"content":{"rendered":"<p>A sele\u00e7\u00e3o de sacos de n\u00e3o-tecido para projectos de bricolage pode ser uma experi\u00eancia transformadora, permitindo que os indiv\u00edduos libertem a sua criatividade enquanto contribuem para um estilo de vida gratificante.<\/p>\n<p>Quando se embarca em projectos de bricolage, a escolha dos materiais \u00e9 crucial, e os sacos de n\u00e3o-tecido oferecem uma op\u00e7\u00e3o vers\u00e1til e amiga do ambiente. Quer esteja a criar sacos de compras, bolsas ou artigos decorativos, os sacos em n\u00e3o-tecido proporcionam uma base robusta que \u00e9 f\u00e1cil de trabalhar e personalizar.<\/p>\n<p>Considere o tamanho e o estilo dos sacos de n\u00e3o-tecido que melhor se adequam ao seu projeto de bricolage. Os sacos em tecido n\u00e3o tecido s\u00e3o ideais para cria\u00e7\u00f5es maiores, como sacos de compras ou sacos de praia, enquanto os sacos mais pequenos, como as bolsas com cord\u00e3o, s\u00e3o perfeitos para organizar j\u00f3ias ou embalar presentes. Escolha sacos de n\u00e3o-tecido em v\u00e1rias cores para acrescentar interesse visual e complementar a sua vis\u00e3o est\u00e9tica.<\/p>\n<p>Outra vantagem da utiliza\u00e7\u00e3o de sacos de n\u00e3o-tecido para projectos de bricolage \u00e9 a sua acessibilidade e pre\u00e7o. Dispon\u00edveis em grandes quantidades a pre\u00e7os acess\u00edveis, os sacos em n\u00e3o-tecido constituem uma solu\u00e7\u00e3o econ\u00f3mica para artes\u00e3os de todos os n\u00edveis. Quer seja um entusiasta experiente da bricolage ou um artes\u00e3o principiante, os sacos em n\u00e3o-tecido oferecem infinitas possibilidades de express\u00e3o criativa.<\/p>\n<p>Al\u00e9m disso, os sacos em tecido n\u00e3o tecido podem ser facilmente personalizados e embelezados para refletir o seu estilo e personalidade \u00fanicos. Experimente tintas para tecido, remendos para passar a ferro ou bordados para acrescentar desenhos e adornos personalizados \u00e0s suas cria\u00e7\u00f5es. Com os sacos em n\u00e3o-tecido como tela, o \u00fanico limite \u00e9 a sua imagina\u00e7\u00e3o.<\/p>\n<p>A escolha de sacos de n\u00e3o-tecido para projectos de bricolage n\u00e3o s\u00f3 lhe permite expressar a sua criatividade, como tamb\u00e9m promove a sustentabilidade e a responsabilidade ambiental. Ao reutilizar e reciclar sacos de n\u00e3o-tecido, est\u00e1 a contribuir para reduzir os res\u00edduos e minimizar a sua pegada ecol\u00f3gica, criando uma forma de vida mais sustent\u00e1vel e consciente.<\/p>\n<p><strong>O nosso servi\u00e7o:<\/strong><br \/>\n<strong>-Design e amostras gr\u00e1tis.<\/strong><br \/>\n<strong>-Ciclo de produ\u00e7\u00e3o curto.<\/strong><br \/>\n<strong>-De acordo com os clientes, qualquer pedido de custo.<\/strong><br \/>\n<strong>- Os nossos sacos t\u00eam uma elevada resist\u00eancia e resist\u00eancia ao impacto.<\/strong><br \/>\n<strong>-Suporte de alta qualidade e baixo pre\u00e7o\/MOQ.<\/strong><\/p>\n<p>&nbsp;<\/p>\n<p><img fetchpriority=\"high\" decoding=\"async\" class=\"alignnone size-medium wp-image-3349\" src=\"http:\/\/pinyueppwovenbag.com\/wp-content\/uploads\/2024\/04\/\u5171\u7528\u56fe2-300x300.jpg\" alt=\"\" width=\"300\" height=\"300\" srcset=\"https:\/\/pinyueppwovenbag.com\/wp-content\/uploads\/2024\/04\/\u5171\u7528\u56fe2-300x300.jpg 300w, https:\/\/pinyueppwovenbag.com\/wp-content\/uploads\/2024\/04\/\u5171\u7528\u56fe2-150x150.jpg 150w, https:\/\/pinyueppwovenbag.com\/wp-content\/uploads\/2024\/04\/\u5171\u7528\u56fe2-12x12.jpg 12w, https:\/\/pinyueppwovenbag.com\/wp-content\/uploads\/2024\/04\/\u5171\u7528\u56fe2-600x600.jpg 600w, https:\/\/pinyueppwovenbag.com\/wp-content\/uploads\/2024\/04\/\u5171\u7528\u56fe2-100x100.jpg 100w, https:\/\/pinyueppwovenbag.com\/wp-content\/uploads\/2024\/04\/\u5171\u7528\u56fe2.jpg 668w\" sizes=\"(max-width: 300px) 100vw, 300px\" \/><\/p>\n<p><img decoding=\"async\" class=\"alignnone size-medium wp-image-3380\" src=\"http:\/\/pinyueppwovenbag.com\/wp-content\/uploads\/2024\/05\/2-1-300x300.jpg\" alt=\"\" width=\"300\" height=\"300\" srcset=\"https:\/\/pinyueppwovenbag.com\/wp-content\/uploads\/2024\/05\/2-1-300x300.jpg 300w, https:\/\/pinyueppwovenbag.com\/wp-content\/uploads\/2024\/05\/2-1-150x150.jpg 150w, https:\/\/pinyueppwovenbag.com\/wp-content\/uploads\/2024\/05\/2-1-12x12.jpg 12w, https:\/\/pinyueppwovenbag.com\/wp-content\/uploads\/2024\/05\/2-1-600x600.jpg 600w, https:\/\/pinyueppwovenbag.com\/wp-content\/uploads\/2024\/05\/2-1-100x100.jpg 100w, https:\/\/pinyueppwovenbag.com\/wp-content\/uploads\/2024\/05\/2-1.jpg 640w\" sizes=\"(max-width: 300px) 100vw, 300px\" \/><\/p>","protected":false},"excerpt":{"rendered":"<p>Selecting non-woven bags for DIY projects can be a transformative experience, enabling individuals to unleash their creativity while contributing to a fulfilling lifestyle. When embarking on DIY projects, the choice of materials is crucial, and non-woven bags offer a versatile and eco-friendly option. Whether you&#8217;re crafting tote bags, pouches, or decorative items, non-woven bags provide [&hellip;]<\/p>","protected":false},"featured_media":3395,"comment_status":"open","ping_status":"closed","template":"","meta":{"om_disable_all_campaigns":false,"_monsterinsights_skip_tracking":false,"_monsterinsights_sitenote_active":false,"_monsterinsights_sitenote_note":"","_monsterinsights_sitenote_category":0,"_uf_show_specific_survey":0,"_uf_disable_surveys":false},"product_cat":[55],"product_tag":[],"class_list":{"0":"post-3394","1":"product","2":"type-product","3":"status-publish","4":"has-post-thumbnail","6":"product_cat-non-woven-bags","8":"first","9":"instock","10":"shipping-taxable","11":"product-type-simple"},"yoast_head":"<!-- This site is optimized with the Yoast SEO plugin v23.2 - https:\/\/yoast.com\/wordpress\/plugins\/seo\/ -->\n<title>Choosing Non-Woven Bags for DIY Create a great life - Shenzhen PinYue Technology Co., Ltd.<\/title>\n<meta name=\"description\" content=\"Selecting non-woven bags for DIY projects can be a transformative experience, enabling individuals to unleash their creativity.\" \/>\n<meta name=\"robots\" content=\"index, follow, max-snippet:-1, max-image-preview:large, max-video-preview:-1\" \/>\n<link rel=\"canonical\" href=\"https:\/\/pinyueppwovenbag.com\/pt\/produto\/choosing-non-woven-bags-for-diy-create-a-great-life\/\" \/>\n<meta property=\"og:locale\" content=\"pt_PT\" \/>\n<meta property=\"og:type\" content=\"article\" \/>\n<meta property=\"og:title\" content=\"Choosing Non-Woven Bags for DIY Create a great life - Shenzhen PinYue Technology Co., Ltd.\" \/>\n<meta property=\"og:description\" content=\"Selecting non-woven bags for DIY projects can be a transformative experience, enabling individuals to unleash their creativity.\" \/>\n<meta property=\"og:url\" content=\"https:\/\/pinyueppwovenbag.com\/pt\/produto\/choosing-non-woven-bags-for-diy-create-a-great-life\/\" \/>\n<meta property=\"og:site_name\" content=\"Shenzhen PinYue Technology Co., Ltd.\" \/>\n<meta property=\"article:modified_time\" content=\"2024-08-24T06:37:52+00:00\" \/>\n<meta property=\"og:image\" content=\"https:\/\/pinyueppwovenbag.com\/wp-content\/uploads\/2024\/05\/Non-Woven-Bags5-24-6.jpg\" \/>\n\t<meta property=\"og:image:width\" content=\"640\" \/>\n\t<meta property=\"og:image:height\" content=\"640\" \/>\n\t<meta property=\"og:image:type\" content=\"image\/jpeg\" \/>\n<meta name=\"twitter:card\" content=\"summary_large_image\" \/>\n<meta name=\"twitter:site\" content=\"@pinyuepacking\" \/>\n<meta name=\"twitter:label1\" content=\"Tempo estimado de leitura\" \/>\n\t<meta name=\"twitter:data1\" content=\"3 minutos\" \/>\n<script type=\"application\/ld+json\" class=\"yoast-schema-graph\">{\"@context\":\"https:\/\/schema.org\",\"@graph\":[{\"@type\":\"WebPage\",\"@id\":\"https:\/\/pinyueppwovenbag.com\/th\/product\/choosing-non-woven-bags-for-diy-create-a-great-life\/\",\"url\":\"https:\/\/pinyueppwovenbag.com\/th\/product\/choosing-non-woven-bags-for-diy-create-a-great-life\/\",\"name\":\"Choosing Non-Woven Bags for DIY Create a great life - Shenzhen PinYue Technology Co., Ltd.\",\"isPartOf\":{\"@id\":\"https:\/\/www.pinyueppwovenbag.com\/#website\"},\"primaryImageOfPage\":{\"@id\":\"https:\/\/pinyueppwovenbag.com\/th\/product\/choosing-non-woven-bags-for-diy-create-a-great-life\/#primaryimage\"},\"image\":{\"@id\":\"https:\/\/pinyueppwovenbag.com\/th\/product\/choosing-non-woven-bags-for-diy-create-a-great-life\/#primaryimage\"},\"thumbnailUrl\":\"https:\/\/pinyueppwovenbag.com\/wp-content\/uploads\/2024\/05\/Non-Woven-Bags5-24-6.jpg\",\"datePublished\":\"2024-05-24T09:02:58+00:00\",\"dateModified\":\"2024-08-24T06:37:52+00:00\",\"description\":\"Selecting non-woven bags for DIY projects can be a transformative experience, enabling individuals to unleash their creativity.\",\"breadcrumb\":{\"@id\":\"https:\/\/pinyueppwovenbag.com\/th\/product\/choosing-non-woven-bags-for-diy-create-a-great-life\/#breadcrumb\"},\"inLanguage\":\"pt-PT\",\"potentialAction\":[{\"@type\":\"ReadAction\",\"target\":[\"https:\/\/pinyueppwovenbag.com\/th\/product\/choosing-non-woven-bags-for-diy-create-a-great-life\/\"]}]},{\"@type\":\"ImageObject\",\"inLanguage\":\"pt-PT\",\"@id\":\"https:\/\/pinyueppwovenbag.com\/th\/product\/choosing-non-woven-bags-for-diy-create-a-great-life\/#primaryimage\",\"url\":\"https:\/\/pinyueppwovenbag.com\/wp-content\/uploads\/2024\/05\/Non-Woven-Bags5-24-6.jpg\",\"contentUrl\":\"https:\/\/pinyueppwovenbag.com\/wp-content\/uploads\/2024\/05\/Non-Woven-Bags5-24-6.jpg\",\"width\":640,\"height\":640},{\"@type\":\"BreadcrumbList\",\"@id\":\"https:\/\/pinyueppwovenbag.com\/th\/product\/choosing-non-woven-bags-for-diy-create-a-great-life\/#breadcrumb\",\"itemListElement\":[{\"@type\":\"ListItem\",\"position\":1,\"name\":\"\u9996\u9875\",\"item\":\"https:\/\/pinyueppwovenbag.com\/\"},{\"@type\":\"ListItem\",\"position\":2,\"name\":\"Products\",\"item\":\"https:\/\/pinyueppwovenbag.com\/products\/\"},{\"@type\":\"ListItem\",\"position\":3,\"name\":\"Choosing Non-Woven Bags for DIY Create a great life\"}]},{\"@type\":\"WebSite\",\"@id\":\"https:\/\/www.pinyueppwovenbag.com\/#website\",\"url\":\"https:\/\/www.pinyueppwovenbag.com\/\",\"name\":\"Shenzhen PinYue Technology Co., Ltd.\",\"description\":\"\",\"publisher\":{\"@id\":\"https:\/\/www.pinyueppwovenbag.com\/#organization\"},\"potentialAction\":[{\"@type\":\"SearchAction\",\"target\":{\"@type\":\"EntryPoint\",\"urlTemplate\":\"https:\/\/www.pinyueppwovenbag.com\/?s={search_term_string}\"},\"query-input\":\"required name=search_term_string\"}],\"inLanguage\":\"pt-PT\"},{\"@type\":\"Organization\",\"@id\":\"https:\/\/www.pinyueppwovenbag.com\/#organization\",\"name\":\"Shenzhen PinYue Technology Co., Ltd.\",\"url\":\"https:\/\/www.pinyueppwovenbag.com\/\",\"logo\":{\"@type\":\"ImageObject\",\"inLanguage\":\"pt-PT\",\"@id\":\"https:\/\/www.pinyueppwovenbag.com\/#\/schema\/logo\/image\/\",\"url\":\"http:\/\/pinyueppwovenbag.com\/wp-content\/uploads\/2018\/07\/8171101867b458fbb8ba537ab1003d4.png\",\"contentUrl\":\"http:\/\/pinyueppwovenbag.com\/wp-content\/uploads\/2018\/07\/8171101867b458fbb8ba537ab1003d4.png\",\"width\":569,\"height\":533,\"caption\":\"Shenzhen PinYue Technology Co., Ltd.\"},\"image\":{\"@id\":\"https:\/\/www.pinyueppwovenbag.com\/#\/schema\/logo\/image\/\"},\"sameAs\":[\"https:\/\/x.com\/pinyuepacking\",\"https:\/\/www.youtube.com\/@pinyueppbag\"]}]}<\/script>\n<!-- \/ Yoast SEO plugin. -->","yoast_head_json":{"title":"Choosing Non-Woven Bags for DIY Create a great life - Shenzhen PinYue Technology Co., Ltd.","description":"Selecting non-woven bags for DIY projects can be a transformative experience, enabling individuals to unleash their creativity.","robots":{"index":"index","follow":"follow","max-snippet":"max-snippet:-1","max-image-preview":"max-image-preview:large","max-video-preview":"max-video-preview:-1"},"canonical":"https:\/\/pinyueppwovenbag.com\/pt\/produto\/choosing-non-woven-bags-for-diy-create-a-great-life\/","og_locale":"pt_PT","og_type":"article","og_title":"Choosing Non-Woven Bags for DIY Create a great life - Shenzhen PinYue Technology Co., Ltd.","og_description":"Selecting non-woven bags for DIY projects can be a transformative experience, enabling individuals to unleash their creativity.","og_url":"https:\/\/pinyueppwovenbag.com\/pt\/produto\/choosing-non-woven-bags-for-diy-create-a-great-life\/","og_site_name":"Shenzhen PinYue Technology Co., Ltd.","article_modified_time":"2024-08-24T06:37:52+00:00","og_image":[{"width":640,"height":640,"url":"https:\/\/pinyueppwovenbag.com\/wp-content\/uploads\/2024\/05\/Non-Woven-Bags5-24-6.jpg","type":"image\/jpeg"}],"twitter_card":"summary_large_image","twitter_site":"@pinyuepacking","twitter_misc":{"Tempo estimado de leitura":"3 minutos"},"schema":{"@context":"https:\/\/schema.org","@graph":[{"@type":"WebPage","@id":"https:\/\/pinyueppwovenbag.com\/th\/product\/choosing-non-woven-bags-for-diy-create-a-great-life\/","url":"https:\/\/pinyueppwovenbag.com\/th\/product\/choosing-non-woven-bags-for-diy-create-a-great-life\/","name":"Choosing Non-Woven Bags for DIY Create a great life - Shenzhen PinYue Technology Co., Ltd.","isPartOf":{"@id":"https:\/\/www.pinyueppwovenbag.com\/#website"},"primaryImageOfPage":{"@id":"https:\/\/pinyueppwovenbag.com\/th\/product\/choosing-non-woven-bags-for-diy-create-a-great-life\/#primaryimage"},"image":{"@id":"https:\/\/pinyueppwovenbag.com\/th\/product\/choosing-non-woven-bags-for-diy-create-a-great-life\/#primaryimage"},"thumbnailUrl":"https:\/\/pinyueppwovenbag.com\/wp-content\/uploads\/2024\/05\/Non-Woven-Bags5-24-6.jpg","datePublished":"2024-05-24T09:02:58+00:00","dateModified":"2024-08-24T06:37:52+00:00","description":"Selecting non-woven bags for DIY projects can be a transformative experience, enabling individuals to unleash their creativity.","breadcrumb":{"@id":"https:\/\/pinyueppwovenbag.com\/th\/product\/choosing-non-woven-bags-for-diy-create-a-great-life\/#breadcrumb"},"inLanguage":"pt-PT","potentialAction":[{"@type":"ReadAction","target":["https:\/\/pinyueppwovenbag.com\/th\/product\/choosing-non-woven-bags-for-diy-create-a-great-life\/"]}]},{"@type":"ImageObject","inLanguage":"pt-PT","@id":"https:\/\/pinyueppwovenbag.com\/th\/product\/choosing-non-woven-bags-for-diy-create-a-great-life\/#primaryimage","url":"https:\/\/pinyueppwovenbag.com\/wp-content\/uploads\/2024\/05\/Non-Woven-Bags5-24-6.jpg","contentUrl":"https:\/\/pinyueppwovenbag.com\/wp-content\/uploads\/2024\/05\/Non-Woven-Bags5-24-6.jpg","width":640,"height":640},{"@type":"BreadcrumbList","@id":"https:\/\/pinyueppwovenbag.com\/th\/product\/choosing-non-woven-bags-for-diy-create-a-great-life\/#breadcrumb","itemListElement":[{"@type":"ListItem","position":1,"name":"\u9996\u9875","item":"https:\/\/pinyueppwovenbag.com\/"},{"@type":"ListItem","position":2,"name":"Products","item":"https:\/\/pinyueppwovenbag.com\/products\/"},{"@type":"ListItem","position":3,"name":"Choosing Non-Woven Bags for DIY Create a great life"}]},{"@type":"WebSite","@id":"https:\/\/www.pinyueppwovenbag.com\/#website","url":"https:\/\/www.pinyueppwovenbag.com\/","name":"Shenzhen PinYue Technology Co., Ltd.","description":"","publisher":{"@id":"https:\/\/www.pinyueppwovenbag.com\/#organization"},"potentialAction":[{"@type":"SearchAction","target":{"@type":"EntryPoint","urlTemplate":"https:\/\/www.pinyueppwovenbag.com\/?s={search_term_string}"},"query-input":"required name=search_term_string"}],"inLanguage":"pt-PT"},{"@type":"Organization","@id":"https:\/\/www.pinyueppwovenbag.com\/#organization","name":"Shenzhen PinYue Technology Co., Ltd.","url":"https:\/\/www.pinyueppwovenbag.com\/","logo":{"@type":"ImageObject","inLanguage":"pt-PT","@id":"https:\/\/www.pinyueppwovenbag.com\/#\/schema\/logo\/image\/","url":"http:\/\/pinyueppwovenbag.com\/wp-content\/uploads\/2018\/07\/8171101867b458fbb8ba537ab1003d4.png","contentUrl":"http:\/\/pinyueppwovenbag.com\/wp-content\/uploads\/2018\/07\/8171101867b458fbb8ba537ab1003d4.png","width":569,"height":533,"caption":"Shenzhen PinYue Technology Co., Ltd."},"image":{"@id":"https:\/\/www.pinyueppwovenbag.com\/#\/schema\/logo\/image\/"},"sameAs":["https:\/\/x.com\/pinyuepacking","https:\/\/www.youtube.com\/@pinyueppbag"]}]}},"_links":{"self":[{"href":"https:\/\/pinyueppwovenbag.com\/pt\/wp-json\/wp\/v2\/product\/3394","targetHints":{"allow":["GET"]}}],"collection":[{"href":"https:\/\/pinyueppwovenbag.com\/pt\/wp-json\/wp\/v2\/product"}],"about":[{"href":"https:\/\/pinyueppwovenbag.com\/pt\/wp-json\/wp\/v2\/types\/product"}],"replies":[{"embeddable":true,"href":"https:\/\/pinyueppwovenbag.com\/pt\/wp-json\/wp\/v2\/comments?post=3394"}],"wp:featuredmedia":[{"embeddable":true,"href":"https:\/\/pinyueppwovenbag.com\/pt\/wp-json\/wp\/v2\/media\/3395"}],"wp:attachment":[{"href":"https:\/\/pinyueppwovenbag.com\/pt\/wp-json\/wp\/v2\/media?parent=3394"}],"wp:term":[{"taxonomy":"product_cat","embeddable":true,"href":"https:\/\/pinyueppwovenbag.com\/pt\/wp-json\/wp\/v2\/product_cat?post=3394"},{"taxonomy":"product_tag","embeddable":true,"href":"https:\/\/pinyueppwovenbag.com\/pt\/wp-json\/wp\/v2\/product_tag?post=3394"}],"curies":[{"name":"wp","href":"https:\/\/api.w.org\/{rel}","templated":true}]}}