{"id":3392,"date":"2024-05-24T16:56:07","date_gmt":"2024-05-24T08:56:07","guid":{"rendered":"http:\/\/pinyueppwovenbag.com\/?post_type=product&#038;p=3392"},"modified":"2024-08-24T14:35:01","modified_gmt":"2024-08-24T06:35:01","slug":"non-woven-bags-innovations-in-great-fashion-life","status":"publish","type":"product","link":"https:\/\/pinyueppwovenbag.com\/pt\/product\/non-woven-bags-innovations-in-great-fashion-life\/","title":{"rendered":"Sacos n\u00e3o tecidos Inova\u00e7\u00f5es em grande estilo de vida"},"content":{"rendered":"<p>A ind\u00fastria da moda est\u00e1 a assistir a inova\u00e7\u00f5es empolgantes com a integra\u00e7\u00e3o de sacos n\u00e3o tecidos na paisagem do design.<\/p>\n<p>Os sacos de n\u00e3o-tecido tornaram-se uma tela para a criatividade, oferecendo aos designers possibilidades infinitas para designs \u00fanicos e inovadores. Desde as elegantes sacolas at\u00e9 as modernas bolsas de tiracolo, as pessoas que est\u00e3o na moda est\u00e3o adotando as bolsas de n\u00e3o-tecido como acess\u00f3rios vers\u00e1teis que complementam qualquer roupa.<\/p>\n<p>Uma das principais vantagens dos sacos de n\u00e3o-tecido na moda \u00e9 o seu car\u00e1cter ecol\u00f3gico. Os consumidores s\u00e3o cada vez mais atra\u00eddos por escolhas de moda sustent\u00e1veis, e os sacos em n\u00e3o-tecido alinham-se perfeitamente com esta tend\u00eancia. Fabricados a partir de materiais reciclados e tecidos biodegrad\u00e1veis, os sacos em n\u00e3o-tecido oferecem uma op\u00e7\u00e3o sem culpa para quem procura alternativas de moda com consci\u00eancia ambiental.<\/p>\n<p>Al\u00e9m disso, os sacos em n\u00e3o-tecido proporcionam aos entusiastas da moda uma combina\u00e7\u00e3o de estilo e funcionalidade. Com caracter\u00edsticas como compartimentos espa\u00e7osos, fechos seguros e pegas duradouras, os sacos em n\u00e3o-tecido oferecem solu\u00e7\u00f5es pr\u00e1ticas para transportar os objectos essenciais do dia a dia e, ao mesmo tempo, marcar uma posi\u00e7\u00e3o na moda.<\/p>\n<p>A versatilidade dos sacos em tecido n\u00e3o tecido vai para al\u00e9m do seu design e funcionalidade. Servem de plataforma para a promo\u00e7\u00e3o da marca e para contar hist\u00f3rias, permitindo que as marcas de moda mostrem os seus valores e ethos. Os sacos de n\u00e3o-tecido personalizados com log\u00f3tipos e slogans da marca tornam-se poderosas ferramentas de marketing que ressoam junto dos consumidores.<\/p>\n<p>As inova\u00e7\u00f5es na tecnologia dos sacos em n\u00e3o-tecido tamb\u00e9m conduziram a avan\u00e7os na qualidade e no desempenho dos materiais. Os tecidos de alta tecnologia com propriedades resistentes \u00e0 \u00e1gua e antimicrobianas garantem que os sacos em n\u00e3o-tecido n\u00e3o s\u00f3 t\u00eam um aspeto elegante, como tamb\u00e9m satisfazem as exig\u00eancias dos estilos de vida modernos.<\/p>\n<p>&nbsp;<\/p>\n<p>Para mais informa\u00e7\u00f5es, contacte-nos:<a href=\"https:\/\/pinyueppwovenbag.com\/pt\/contact-us\/\">http:\/\/pinyueppwovenbag.com\/contact-us\/<\/a><\/p>\n<p>&nbsp;<\/p>\n<p>O nosso servi\u00e7o:<br \/>\n-Design e amostras gr\u00e1tis.<br \/>\n-Ciclo de produ\u00e7\u00e3o curto.<br \/>\n-De acordo com os clientes, qualquer pedido de custo.<br \/>\n- Os nossos sacos t\u00eam uma elevada resist\u00eancia e resist\u00eancia ao impacto.<br \/>\n-Suporte de alta qualidade e baixo pre\u00e7o\/MOQ.<\/p>\n<p><img fetchpriority=\"high\" decoding=\"async\" class=\"alignnone size-medium wp-image-3349\" src=\"http:\/\/pinyueppwovenbag.com\/wp-content\/uploads\/2024\/04\/\u5171\u7528\u56fe2-300x300.jpg\" alt=\"\" width=\"300\" height=\"300\" srcset=\"https:\/\/pinyueppwovenbag.com\/wp-content\/uploads\/2024\/04\/\u5171\u7528\u56fe2-300x300.jpg 300w, https:\/\/pinyueppwovenbag.com\/wp-content\/uploads\/2024\/04\/\u5171\u7528\u56fe2-150x150.jpg 150w, https:\/\/pinyueppwovenbag.com\/wp-content\/uploads\/2024\/04\/\u5171\u7528\u56fe2-12x12.jpg 12w, https:\/\/pinyueppwovenbag.com\/wp-content\/uploads\/2024\/04\/\u5171\u7528\u56fe2-600x600.jpg 600w, https:\/\/pinyueppwovenbag.com\/wp-content\/uploads\/2024\/04\/\u5171\u7528\u56fe2-100x100.jpg 100w, https:\/\/pinyueppwovenbag.com\/wp-content\/uploads\/2024\/04\/\u5171\u7528\u56fe2.jpg 668w\" sizes=\"(max-width: 300px) 100vw, 300px\" \/><\/p>\n<p><img decoding=\"async\" class=\"alignnone size-medium wp-image-3380\" src=\"http:\/\/pinyueppwovenbag.com\/wp-content\/uploads\/2024\/05\/2-1-300x300.jpg\" alt=\"\" width=\"300\" height=\"300\" srcset=\"https:\/\/pinyueppwovenbag.com\/wp-content\/uploads\/2024\/05\/2-1-300x300.jpg 300w, https:\/\/pinyueppwovenbag.com\/wp-content\/uploads\/2024\/05\/2-1-150x150.jpg 150w, https:\/\/pinyueppwovenbag.com\/wp-content\/uploads\/2024\/05\/2-1-12x12.jpg 12w, https:\/\/pinyueppwovenbag.com\/wp-content\/uploads\/2024\/05\/2-1-600x600.jpg 600w, https:\/\/pinyueppwovenbag.com\/wp-content\/uploads\/2024\/05\/2-1-100x100.jpg 100w, https:\/\/pinyueppwovenbag.com\/wp-content\/uploads\/2024\/05\/2-1.jpg 640w\" sizes=\"(max-width: 300px) 100vw, 300px\" \/><\/p>","protected":false},"excerpt":{"rendered":"<p>The fashion industry is witnessing exciting innovations with the integration of non-woven bags into the design landscape. Non-woven bags have become a canvas for creativity, offering designers endless possibilities for unique and innovative designs. From chic tote bags to trendy crossbody styles, fashion-forward individuals are embracing non-woven bags as versatile accessories that complement any outfit. [&hellip;]<\/p>","protected":false},"featured_media":3393,"comment_status":"open","ping_status":"closed","template":"","meta":{"om_disable_all_campaigns":false,"_monsterinsights_skip_tracking":false,"_monsterinsights_sitenote_active":false,"_monsterinsights_sitenote_note":"","_monsterinsights_sitenote_category":0,"_uf_show_specific_survey":0,"_uf_disable_surveys":false},"product_cat":[55],"product_tag":[],"class_list":{"0":"post-3392","1":"product","2":"type-product","3":"status-publish","4":"has-post-thumbnail","6":"product_cat-non-woven-bags","8":"first","9":"instock","10":"shipping-taxable","11":"product-type-simple"},"yoast_head":"<!-- This site is optimized with the Yoast SEO plugin v23.2 - https:\/\/yoast.com\/wordpress\/plugins\/seo\/ -->\n<title>Non-Woven Bags Innovations in Great Fashion life - Shenzhen PinYue Technology Co., Ltd.<\/title>\n<meta name=\"description\" content=\"The fashion industry is witnessing exciting innovations with the integration of non-woven bags into the design landscape.\" \/>\n<meta name=\"robots\" content=\"index, follow, max-snippet:-1, max-image-preview:large, max-video-preview:-1\" \/>\n<link rel=\"canonical\" href=\"https:\/\/www.pinyueppwovenbag.com\/product\/non-woven-bags-innovations-in-great-fashion-life\/\" \/>\n<meta property=\"og:locale\" content=\"pt_PT\" \/>\n<meta property=\"og:type\" content=\"article\" \/>\n<meta property=\"og:title\" content=\"Non-Woven Bags Innovations in Great Fashion life - Shenzhen PinYue Technology Co., Ltd.\" \/>\n<meta property=\"og:description\" content=\"The fashion industry is witnessing exciting innovations with the integration of non-woven bags into the design landscape.\" \/>\n<meta property=\"og:url\" content=\"https:\/\/www.pinyueppwovenbag.com\/product\/non-woven-bags-innovations-in-great-fashion-life\/\" \/>\n<meta property=\"og:site_name\" content=\"Shenzhen PinYue Technology Co., Ltd.\" \/>\n<meta property=\"article:modified_time\" content=\"2024-08-24T06:35:01+00:00\" \/>\n<meta property=\"og:image\" content=\"https:\/\/www.pinyueppwovenbag.com\/wp-content\/uploads\/2024\/05\/Non-woven-bags5-24-8.jpg\" \/>\n\t<meta property=\"og:image:width\" content=\"800\" \/>\n\t<meta property=\"og:image:height\" content=\"800\" \/>\n\t<meta property=\"og:image:type\" content=\"image\/jpeg\" \/>\n<meta name=\"twitter:card\" content=\"summary_large_image\" \/>\n<meta name=\"twitter:site\" content=\"@pinyuepacking\" \/>\n<meta name=\"twitter:label1\" content=\"Tempo estimado de leitura\" \/>\n\t<meta name=\"twitter:data1\" content=\"3 minutos\" \/>\n<script type=\"application\/ld+json\" class=\"yoast-schema-graph\">{\"@context\":\"https:\/\/schema.org\",\"@graph\":[{\"@type\":\"WebPage\",\"@id\":\"https:\/\/www.pinyueppwovenbag.com\/product\/non-woven-bags-innovations-in-great-fashion-life\/\",\"url\":\"https:\/\/www.pinyueppwovenbag.com\/product\/non-woven-bags-innovations-in-great-fashion-life\/\",\"name\":\"Non-Woven Bags Innovations in Great Fashion life - Shenzhen PinYue Technology Co., Ltd.\",\"isPartOf\":{\"@id\":\"https:\/\/www.pinyueppwovenbag.com\/#website\"},\"primaryImageOfPage\":{\"@id\":\"https:\/\/www.pinyueppwovenbag.com\/product\/non-woven-bags-innovations-in-great-fashion-life\/#primaryimage\"},\"image\":{\"@id\":\"https:\/\/www.pinyueppwovenbag.com\/product\/non-woven-bags-innovations-in-great-fashion-life\/#primaryimage\"},\"thumbnailUrl\":\"https:\/\/pinyueppwovenbag.com\/wp-content\/uploads\/2024\/05\/Non-woven-bags5-24-8.jpg\",\"datePublished\":\"2024-05-24T08:56:07+00:00\",\"dateModified\":\"2024-08-24T06:35:01+00:00\",\"description\":\"The fashion industry is witnessing exciting innovations with the integration of non-woven bags into the design landscape.\",\"breadcrumb\":{\"@id\":\"https:\/\/www.pinyueppwovenbag.com\/product\/non-woven-bags-innovations-in-great-fashion-life\/#breadcrumb\"},\"inLanguage\":\"pt-PT\",\"potentialAction\":[{\"@type\":\"ReadAction\",\"target\":[\"https:\/\/www.pinyueppwovenbag.com\/product\/non-woven-bags-innovations-in-great-fashion-life\/\"]}]},{\"@type\":\"ImageObject\",\"inLanguage\":\"pt-PT\",\"@id\":\"https:\/\/www.pinyueppwovenbag.com\/product\/non-woven-bags-innovations-in-great-fashion-life\/#primaryimage\",\"url\":\"https:\/\/pinyueppwovenbag.com\/wp-content\/uploads\/2024\/05\/Non-woven-bags5-24-8.jpg\",\"contentUrl\":\"https:\/\/pinyueppwovenbag.com\/wp-content\/uploads\/2024\/05\/Non-woven-bags5-24-8.jpg\",\"width\":800,\"height\":800},{\"@type\":\"BreadcrumbList\",\"@id\":\"https:\/\/www.pinyueppwovenbag.com\/product\/non-woven-bags-innovations-in-great-fashion-life\/#breadcrumb\",\"itemListElement\":[{\"@type\":\"ListItem\",\"position\":1,\"name\":\"\u9996\u9875\",\"item\":\"https:\/\/pinyueppwovenbag.com\/\"},{\"@type\":\"ListItem\",\"position\":2,\"name\":\"Products\",\"item\":\"https:\/\/pinyueppwovenbag.com\/products\/\"},{\"@type\":\"ListItem\",\"position\":3,\"name\":\"Non-Woven Bags Innovations in Great Fashion life\"}]},{\"@type\":\"WebSite\",\"@id\":\"https:\/\/www.pinyueppwovenbag.com\/#website\",\"url\":\"https:\/\/www.pinyueppwovenbag.com\/\",\"name\":\"Shenzhen PinYue Technology Co., Ltd.\",\"description\":\"\",\"publisher\":{\"@id\":\"https:\/\/www.pinyueppwovenbag.com\/#organization\"},\"potentialAction\":[{\"@type\":\"SearchAction\",\"target\":{\"@type\":\"EntryPoint\",\"urlTemplate\":\"https:\/\/www.pinyueppwovenbag.com\/?s={search_term_string}\"},\"query-input\":\"required name=search_term_string\"}],\"inLanguage\":\"pt-PT\"},{\"@type\":\"Organization\",\"@id\":\"https:\/\/www.pinyueppwovenbag.com\/#organization\",\"name\":\"Shenzhen PinYue Technology Co., Ltd.\",\"url\":\"https:\/\/www.pinyueppwovenbag.com\/\",\"logo\":{\"@type\":\"ImageObject\",\"inLanguage\":\"pt-PT\",\"@id\":\"https:\/\/www.pinyueppwovenbag.com\/#\/schema\/logo\/image\/\",\"url\":\"http:\/\/pinyueppwovenbag.com\/wp-content\/uploads\/2018\/07\/8171101867b458fbb8ba537ab1003d4.png\",\"contentUrl\":\"http:\/\/pinyueppwovenbag.com\/wp-content\/uploads\/2018\/07\/8171101867b458fbb8ba537ab1003d4.png\",\"width\":569,\"height\":533,\"caption\":\"Shenzhen PinYue Technology Co., Ltd.\"},\"image\":{\"@id\":\"https:\/\/www.pinyueppwovenbag.com\/#\/schema\/logo\/image\/\"},\"sameAs\":[\"https:\/\/x.com\/pinyuepacking\",\"https:\/\/www.youtube.com\/@pinyueppbag\"]}]}<\/script>\n<!-- \/ Yoast SEO plugin. -->","yoast_head_json":{"title":"Non-Woven Bags Innovations in Great Fashion life - Shenzhen PinYue Technology Co., Ltd.","description":"The fashion industry is witnessing exciting innovations with the integration of non-woven bags into the design landscape.","robots":{"index":"index","follow":"follow","max-snippet":"max-snippet:-1","max-image-preview":"max-image-preview:large","max-video-preview":"max-video-preview:-1"},"canonical":"https:\/\/www.pinyueppwovenbag.com\/product\/non-woven-bags-innovations-in-great-fashion-life\/","og_locale":"pt_PT","og_type":"article","og_title":"Non-Woven Bags Innovations in Great Fashion life - Shenzhen PinYue Technology Co., Ltd.","og_description":"The fashion industry is witnessing exciting innovations with the integration of non-woven bags into the design landscape.","og_url":"https:\/\/www.pinyueppwovenbag.com\/product\/non-woven-bags-innovations-in-great-fashion-life\/","og_site_name":"Shenzhen PinYue Technology Co., Ltd.","article_modified_time":"2024-08-24T06:35:01+00:00","og_image":[{"width":800,"height":800,"url":"https:\/\/www.pinyueppwovenbag.com\/wp-content\/uploads\/2024\/05\/Non-woven-bags5-24-8.jpg","type":"image\/jpeg"}],"twitter_card":"summary_large_image","twitter_site":"@pinyuepacking","twitter_misc":{"Tempo estimado de leitura":"3 minutos"},"schema":{"@context":"https:\/\/schema.org","@graph":[{"@type":"WebPage","@id":"https:\/\/www.pinyueppwovenbag.com\/product\/non-woven-bags-innovations-in-great-fashion-life\/","url":"https:\/\/www.pinyueppwovenbag.com\/product\/non-woven-bags-innovations-in-great-fashion-life\/","name":"Non-Woven Bags Innovations in Great Fashion life - Shenzhen PinYue Technology Co., Ltd.","isPartOf":{"@id":"https:\/\/www.pinyueppwovenbag.com\/#website"},"primaryImageOfPage":{"@id":"https:\/\/www.pinyueppwovenbag.com\/product\/non-woven-bags-innovations-in-great-fashion-life\/#primaryimage"},"image":{"@id":"https:\/\/www.pinyueppwovenbag.com\/product\/non-woven-bags-innovations-in-great-fashion-life\/#primaryimage"},"thumbnailUrl":"https:\/\/pinyueppwovenbag.com\/wp-content\/uploads\/2024\/05\/Non-woven-bags5-24-8.jpg","datePublished":"2024-05-24T08:56:07+00:00","dateModified":"2024-08-24T06:35:01+00:00","description":"The fashion industry is witnessing exciting innovations with the integration of non-woven bags into the design landscape.","breadcrumb":{"@id":"https:\/\/www.pinyueppwovenbag.com\/product\/non-woven-bags-innovations-in-great-fashion-life\/#breadcrumb"},"inLanguage":"pt-PT","potentialAction":[{"@type":"ReadAction","target":["https:\/\/www.pinyueppwovenbag.com\/product\/non-woven-bags-innovations-in-great-fashion-life\/"]}]},{"@type":"ImageObject","inLanguage":"pt-PT","@id":"https:\/\/www.pinyueppwovenbag.com\/product\/non-woven-bags-innovations-in-great-fashion-life\/#primaryimage","url":"https:\/\/pinyueppwovenbag.com\/wp-content\/uploads\/2024\/05\/Non-woven-bags5-24-8.jpg","contentUrl":"https:\/\/pinyueppwovenbag.com\/wp-content\/uploads\/2024\/05\/Non-woven-bags5-24-8.jpg","width":800,"height":800},{"@type":"BreadcrumbList","@id":"https:\/\/www.pinyueppwovenbag.com\/product\/non-woven-bags-innovations-in-great-fashion-life\/#breadcrumb","itemListElement":[{"@type":"ListItem","position":1,"name":"\u9996\u9875","item":"https:\/\/pinyueppwovenbag.com\/"},{"@type":"ListItem","position":2,"name":"Products","item":"https:\/\/pinyueppwovenbag.com\/products\/"},{"@type":"ListItem","position":3,"name":"Non-Woven Bags Innovations in Great Fashion life"}]},{"@type":"WebSite","@id":"https:\/\/www.pinyueppwovenbag.com\/#website","url":"https:\/\/www.pinyueppwovenbag.com\/","name":"Shenzhen PinYue Technology Co., Ltd.","description":"","publisher":{"@id":"https:\/\/www.pinyueppwovenbag.com\/#organization"},"potentialAction":[{"@type":"SearchAction","target":{"@type":"EntryPoint","urlTemplate":"https:\/\/www.pinyueppwovenbag.com\/?s={search_term_string}"},"query-input":"required name=search_term_string"}],"inLanguage":"pt-PT"},{"@type":"Organization","@id":"https:\/\/www.pinyueppwovenbag.com\/#organization","name":"Shenzhen PinYue Technology Co., Ltd.","url":"https:\/\/www.pinyueppwovenbag.com\/","logo":{"@type":"ImageObject","inLanguage":"pt-PT","@id":"https:\/\/www.pinyueppwovenbag.com\/#\/schema\/logo\/image\/","url":"http:\/\/pinyueppwovenbag.com\/wp-content\/uploads\/2018\/07\/8171101867b458fbb8ba537ab1003d4.png","contentUrl":"http:\/\/pinyueppwovenbag.com\/wp-content\/uploads\/2018\/07\/8171101867b458fbb8ba537ab1003d4.png","width":569,"height":533,"caption":"Shenzhen PinYue Technology Co., Ltd."},"image":{"@id":"https:\/\/www.pinyueppwovenbag.com\/#\/schema\/logo\/image\/"},"sameAs":["https:\/\/x.com\/pinyuepacking","https:\/\/www.youtube.com\/@pinyueppbag"]}]}},"_links":{"self":[{"href":"https:\/\/pinyueppwovenbag.com\/pt\/wp-json\/wp\/v2\/product\/3392","targetHints":{"allow":["GET"]}}],"collection":[{"href":"https:\/\/pinyueppwovenbag.com\/pt\/wp-json\/wp\/v2\/product"}],"about":[{"href":"https:\/\/pinyueppwovenbag.com\/pt\/wp-json\/wp\/v2\/types\/product"}],"replies":[{"embeddable":true,"href":"https:\/\/pinyueppwovenbag.com\/pt\/wp-json\/wp\/v2\/comments?post=3392"}],"wp:featuredmedia":[{"embeddable":true,"href":"https:\/\/pinyueppwovenbag.com\/pt\/wp-json\/wp\/v2\/media\/3393"}],"wp:attachment":[{"href":"https:\/\/pinyueppwovenbag.com\/pt\/wp-json\/wp\/v2\/media?parent=3392"}],"wp:term":[{"taxonomy":"product_cat","embeddable":true,"href":"https:\/\/pinyueppwovenbag.com\/pt\/wp-json\/wp\/v2\/product_cat?post=3392"},{"taxonomy":"product_tag","embeddable":true,"href":"https:\/\/pinyueppwovenbag.com\/pt\/wp-json\/wp\/v2\/product_tag?post=3392"}],"curies":[{"name":"wp","href":"https:\/\/api.w.org\/{rel}","templated":true}]}}