{"id":3377,"date":"2024-05-24T15:47:45","date_gmt":"2024-05-24T07:47:45","guid":{"rendered":"http:\/\/pinyueppwovenbag.com\/?post_type=product&#038;p=3377"},"modified":"2024-08-23T18:32:55","modified_gmt":"2024-08-23T10:32:55","slug":"do-you-know-benefits-of-using-non-woven-bag-fabric","status":"publish","type":"product","link":"https:\/\/pinyueppwovenbag.com\/pt\/product\/do-you-know-benefits-of-using-non-woven-bag-fabric\/","title":{"rendered":"Voc\u00ea conhece os benef\u00edcios do uso de tecido n\u00e3o tecido para sacos"},"content":{"rendered":"<p>O tecido n\u00e3o tecido para sacos oferece in\u00fameras vantagens, sendo uma escolha cada vez mais popular tanto para os consumidores como para as empresas.<\/p>\n<p>Uma das principais vantagens da utiliza\u00e7\u00e3o do tecido n\u00e3o tecido para sacos \u00e9 o facto de ser amigo do ambiente. Ao contr\u00e1rio dos sacos de pl\u00e1stico tradicionais, os sacos n\u00e3o tecidos s\u00e3o frequentemente fabricados a partir de materiais reciclados e s\u00e3o eles pr\u00f3prios recicl\u00e1veis, contribuindo para reduzir o impacto ambiental.<\/p>\n<p>Al\u00e9m disso, os sacos de n\u00e3o-tecido s\u00e3o conhecidos pela sua durabilidade e resist\u00eancia. Podem suportar pesos maiores e uma utiliza\u00e7\u00e3o repetida, o que os torna uma op\u00e7\u00e3o pr\u00e1tica para fazer compras e transportar objectos pesados.<\/p>\n<p>Apoiamos a personaliza\u00e7\u00e3o com diferentes cores, designs e marcas, tornando-a uma excelente escolha para empresas que procuram promover a sua marca.<\/p>\n<p>O nosso servi\u00e7o:<br \/>\n-Design e amostras gr\u00e1tis.<br \/>\n-Ciclo de produ\u00e7\u00e3o curto.<br \/>\n-De acordo com os clientes, qualquer pedido de custo.<br \/>\n- Os nossos sacos t\u00eam uma elevada resist\u00eancia e resist\u00eancia ao impacto.<br \/>\n-Suporte de alta qualidade e baixo pre\u00e7o\/MOQ.<\/p>\n<p><a href=\"http:\/\/pinyueppwovenbag.com\/pt\/categoria-produto\/non-woven-bags\/\">http:\/\/pinyueppwovenbag.com\/product-category\/non-woven-bags\/<\/a><\/p>\n<p><a href=\"http:\/\/pinyueppwovenbag.com\/pt\/categoria-produto\/non-woven-bags\/\"><img fetchpriority=\"high\" decoding=\"async\" class=\"alignnone wp-image-3379 size-medium\" src=\"http:\/\/pinyueppwovenbag.com\/wp-content\/uploads\/2024\/05\/1-3-300x300.jpg\" alt=\"\" width=\"300\" height=\"300\" srcset=\"https:\/\/pinyueppwovenbag.com\/wp-content\/uploads\/2024\/05\/1-3-300x300.jpg 300w, https:\/\/pinyueppwovenbag.com\/wp-content\/uploads\/2024\/05\/1-3-1024x1024.jpg 1024w, https:\/\/pinyueppwovenbag.com\/wp-content\/uploads\/2024\/05\/1-3-150x150.jpg 150w, https:\/\/pinyueppwovenbag.com\/wp-content\/uploads\/2024\/05\/1-3-768x768.jpg 768w, https:\/\/pinyueppwovenbag.com\/wp-content\/uploads\/2024\/05\/1-3-12x12.jpg 12w, https:\/\/pinyueppwovenbag.com\/wp-content\/uploads\/2024\/05\/1-3-600x600.jpg 600w, https:\/\/pinyueppwovenbag.com\/wp-content\/uploads\/2024\/05\/1-3-100x100.jpg 100w, https:\/\/pinyueppwovenbag.com\/wp-content\/uploads\/2024\/05\/1-3.jpg 1031w\" sizes=\"(max-width: 300px) 100vw, 300px\" \/><\/a><\/p>\n<p><img decoding=\"async\" class=\"alignnone size-medium wp-image-3382\" src=\"http:\/\/pinyueppwovenbag.com\/wp-content\/uploads\/2024\/05\/\u672a\u6807\u9898-7-300x300.jpg\" alt=\"\" width=\"300\" height=\"300\" srcset=\"https:\/\/pinyueppwovenbag.com\/wp-content\/uploads\/2024\/05\/\u672a\u6807\u9898-7-300x300.jpg 300w, https:\/\/pinyueppwovenbag.com\/wp-content\/uploads\/2024\/05\/\u672a\u6807\u9898-7-150x150.jpg 150w, https:\/\/pinyueppwovenbag.com\/wp-content\/uploads\/2024\/05\/\u672a\u6807\u9898-7-12x12.jpg 12w, https:\/\/pinyueppwovenbag.com\/wp-content\/uploads\/2024\/05\/\u672a\u6807\u9898-7-600x600.jpg 600w, https:\/\/pinyueppwovenbag.com\/wp-content\/uploads\/2024\/05\/\u672a\u6807\u9898-7-100x100.jpg 100w, https:\/\/pinyueppwovenbag.com\/wp-content\/uploads\/2024\/05\/\u672a\u6807\u9898-7.jpg 640w\" sizes=\"(max-width: 300px) 100vw, 300px\" \/><\/p>\n<p><img decoding=\"async\" class=\"alignnone size-medium wp-image-3381\" src=\"http:\/\/pinyueppwovenbag.com\/wp-content\/uploads\/2024\/05\/4-1-300x300.jpg\" alt=\"\" width=\"300\" height=\"300\" srcset=\"https:\/\/pinyueppwovenbag.com\/wp-content\/uploads\/2024\/05\/4-1-300x300.jpg 300w, https:\/\/pinyueppwovenbag.com\/wp-content\/uploads\/2024\/05\/4-1-150x150.jpg 150w, https:\/\/pinyueppwovenbag.com\/wp-content\/uploads\/2024\/05\/4-1-12x12.jpg 12w, https:\/\/pinyueppwovenbag.com\/wp-content\/uploads\/2024\/05\/4-1-600x600.jpg 600w, https:\/\/pinyueppwovenbag.com\/wp-content\/uploads\/2024\/05\/4-1-100x100.jpg 100w, https:\/\/pinyueppwovenbag.com\/wp-content\/uploads\/2024\/05\/4-1.jpg 640w\" sizes=\"(max-width: 300px) 100vw, 300px\" \/><\/p>\n<p><img loading=\"lazy\" decoding=\"async\" class=\"alignnone size-medium wp-image-3380\" src=\"http:\/\/pinyueppwovenbag.com\/wp-content\/uploads\/2024\/05\/2-1-300x300.jpg\" alt=\"\" width=\"300\" height=\"300\" srcset=\"https:\/\/pinyueppwovenbag.com\/wp-content\/uploads\/2024\/05\/2-1-300x300.jpg 300w, https:\/\/pinyueppwovenbag.com\/wp-content\/uploads\/2024\/05\/2-1-150x150.jpg 150w, https:\/\/pinyueppwovenbag.com\/wp-content\/uploads\/2024\/05\/2-1-12x12.jpg 12w, https:\/\/pinyueppwovenbag.com\/wp-content\/uploads\/2024\/05\/2-1-600x600.jpg 600w, https:\/\/pinyueppwovenbag.com\/wp-content\/uploads\/2024\/05\/2-1-100x100.jpg 100w, https:\/\/pinyueppwovenbag.com\/wp-content\/uploads\/2024\/05\/2-1.jpg 640w\" sizes=\"(max-width: 300px) 100vw, 300px\" \/><\/p>","protected":false},"excerpt":{"rendered":"<p>Non-woven bag fabric offers numerous advantages, it an increasingly popular choice for both consumers and businesses. One of the primary benefits of using non-woven bag fabric is its environmental friendliness. Unlike traditional plastic bags, non-woven bags are often made from recycled materials and are themselves recyclable, contributing to reduced environmental impact. Moreover, non-woven bags are [&hellip;]<\/p>","protected":false},"featured_media":3378,"comment_status":"open","ping_status":"closed","template":"","meta":{"om_disable_all_campaigns":false,"_monsterinsights_skip_tracking":false,"_monsterinsights_sitenote_active":false,"_monsterinsights_sitenote_note":"","_monsterinsights_sitenote_category":0,"_uf_show_specific_survey":0,"_uf_disable_surveys":false},"product_cat":[55],"product_tag":[57],"class_list":{"0":"post-3377","1":"product","2":"type-product","3":"status-publish","4":"has-post-thumbnail","6":"product_cat-non-woven-bags","7":"product_tag-non-woven-bags","9":"first","10":"instock","11":"shipping-taxable","12":"product-type-simple"},"yoast_head":"<!-- This site is optimized with the Yoast SEO plugin v23.2 - https:\/\/yoast.com\/wordpress\/plugins\/seo\/ -->\n<title>Do you know Benefits of Using Non-Woven Bag Fabric - Shenzhen PinYue Technology Co., Ltd.<\/title>\n<meta name=\"description\" content=\"Non-woven bag fabric offers numerous advantages, it an increasingly popular choice for both consumers and businesses.\" \/>\n<meta name=\"robots\" content=\"index, follow, max-snippet:-1, max-image-preview:large, max-video-preview:-1\" \/>\n<link rel=\"canonical\" href=\"https:\/\/www.pinyueppwovenbag.com\/product\/do-you-know-benefits-of-using-non-woven-bag-fabric\/\" \/>\n<meta property=\"og:locale\" content=\"pt_PT\" \/>\n<meta property=\"og:type\" content=\"article\" \/>\n<meta property=\"og:title\" content=\"Do you know Benefits of Using Non-Woven Bag Fabric - Shenzhen PinYue Technology Co., Ltd.\" \/>\n<meta property=\"og:description\" content=\"Non-woven bag fabric offers numerous advantages, it an increasingly popular choice for both consumers and businesses.\" \/>\n<meta property=\"og:url\" content=\"https:\/\/www.pinyueppwovenbag.com\/product\/do-you-know-benefits-of-using-non-woven-bag-fabric\/\" \/>\n<meta property=\"og:site_name\" content=\"Shenzhen PinYue Technology Co., Ltd.\" \/>\n<meta property=\"article:modified_time\" content=\"2024-08-23T10:32:55+00:00\" \/>\n<meta property=\"og:image\" content=\"https:\/\/www.pinyueppwovenbag.com\/wp-content\/uploads\/2024\/05\/non-woven-bags21.jpg\" \/>\n\t<meta property=\"og:image:width\" content=\"552\" \/>\n\t<meta property=\"og:image:height\" content=\"552\" \/>\n\t<meta property=\"og:image:type\" content=\"image\/jpeg\" \/>\n<meta name=\"twitter:card\" content=\"summary_large_image\" \/>\n<meta name=\"twitter:site\" content=\"@pinyuepacking\" \/>\n<meta name=\"twitter:label1\" content=\"Tempo estimado de leitura\" \/>\n\t<meta name=\"twitter:data1\" content=\"2 minutos\" \/>\n<script type=\"application\/ld+json\" class=\"yoast-schema-graph\">{\"@context\":\"https:\/\/schema.org\",\"@graph\":[{\"@type\":\"WebPage\",\"@id\":\"https:\/\/www.pinyueppwovenbag.com\/product\/do-you-know-benefits-of-using-non-woven-bag-fabric\/\",\"url\":\"https:\/\/www.pinyueppwovenbag.com\/product\/do-you-know-benefits-of-using-non-woven-bag-fabric\/\",\"name\":\"Do you know Benefits of Using Non-Woven Bag Fabric - Shenzhen PinYue Technology Co., Ltd.\",\"isPartOf\":{\"@id\":\"https:\/\/www.pinyueppwovenbag.com\/#website\"},\"primaryImageOfPage\":{\"@id\":\"https:\/\/www.pinyueppwovenbag.com\/product\/do-you-know-benefits-of-using-non-woven-bag-fabric\/#primaryimage\"},\"image\":{\"@id\":\"https:\/\/www.pinyueppwovenbag.com\/product\/do-you-know-benefits-of-using-non-woven-bag-fabric\/#primaryimage\"},\"thumbnailUrl\":\"https:\/\/pinyueppwovenbag.com\/wp-content\/uploads\/2024\/05\/non-woven-bags21.jpg\",\"datePublished\":\"2024-05-24T07:47:45+00:00\",\"dateModified\":\"2024-08-23T10:32:55+00:00\",\"description\":\"Non-woven bag fabric offers numerous advantages, it an increasingly popular choice for both consumers and businesses.\",\"breadcrumb\":{\"@id\":\"https:\/\/www.pinyueppwovenbag.com\/product\/do-you-know-benefits-of-using-non-woven-bag-fabric\/#breadcrumb\"},\"inLanguage\":\"pt-PT\",\"potentialAction\":[{\"@type\":\"ReadAction\",\"target\":[\"https:\/\/www.pinyueppwovenbag.com\/product\/do-you-know-benefits-of-using-non-woven-bag-fabric\/\"]}]},{\"@type\":\"ImageObject\",\"inLanguage\":\"pt-PT\",\"@id\":\"https:\/\/www.pinyueppwovenbag.com\/product\/do-you-know-benefits-of-using-non-woven-bag-fabric\/#primaryimage\",\"url\":\"https:\/\/pinyueppwovenbag.com\/wp-content\/uploads\/2024\/05\/non-woven-bags21.jpg\",\"contentUrl\":\"https:\/\/pinyueppwovenbag.com\/wp-content\/uploads\/2024\/05\/non-woven-bags21.jpg\",\"width\":552,\"height\":552},{\"@type\":\"BreadcrumbList\",\"@id\":\"https:\/\/www.pinyueppwovenbag.com\/product\/do-you-know-benefits-of-using-non-woven-bag-fabric\/#breadcrumb\",\"itemListElement\":[{\"@type\":\"ListItem\",\"position\":1,\"name\":\"\u9996\u9875\",\"item\":\"https:\/\/pinyueppwovenbag.com\/\"},{\"@type\":\"ListItem\",\"position\":2,\"name\":\"Products\",\"item\":\"https:\/\/pinyueppwovenbag.com\/products\/\"},{\"@type\":\"ListItem\",\"position\":3,\"name\":\"Do you know Benefits of Using Non-Woven Bag Fabric\"}]},{\"@type\":\"WebSite\",\"@id\":\"https:\/\/www.pinyueppwovenbag.com\/#website\",\"url\":\"https:\/\/www.pinyueppwovenbag.com\/\",\"name\":\"Shenzhen PinYue Technology Co., Ltd.\",\"description\":\"\",\"publisher\":{\"@id\":\"https:\/\/www.pinyueppwovenbag.com\/#organization\"},\"potentialAction\":[{\"@type\":\"SearchAction\",\"target\":{\"@type\":\"EntryPoint\",\"urlTemplate\":\"https:\/\/www.pinyueppwovenbag.com\/?s={search_term_string}\"},\"query-input\":\"required name=search_term_string\"}],\"inLanguage\":\"pt-PT\"},{\"@type\":\"Organization\",\"@id\":\"https:\/\/www.pinyueppwovenbag.com\/#organization\",\"name\":\"Shenzhen PinYue Technology Co., Ltd.\",\"url\":\"https:\/\/www.pinyueppwovenbag.com\/\",\"logo\":{\"@type\":\"ImageObject\",\"inLanguage\":\"pt-PT\",\"@id\":\"https:\/\/www.pinyueppwovenbag.com\/#\/schema\/logo\/image\/\",\"url\":\"http:\/\/pinyueppwovenbag.com\/wp-content\/uploads\/2018\/07\/8171101867b458fbb8ba537ab1003d4.png\",\"contentUrl\":\"http:\/\/pinyueppwovenbag.com\/wp-content\/uploads\/2018\/07\/8171101867b458fbb8ba537ab1003d4.png\",\"width\":569,\"height\":533,\"caption\":\"Shenzhen PinYue Technology Co., Ltd.\"},\"image\":{\"@id\":\"https:\/\/www.pinyueppwovenbag.com\/#\/schema\/logo\/image\/\"},\"sameAs\":[\"https:\/\/x.com\/pinyuepacking\",\"https:\/\/www.youtube.com\/@pinyueppbag\"]}]}<\/script>\n<!-- \/ Yoast SEO plugin. -->","yoast_head_json":{"title":"Do you know Benefits of Using Non-Woven Bag Fabric - Shenzhen PinYue Technology Co., Ltd.","description":"Non-woven bag fabric offers numerous advantages, it an increasingly popular choice for both consumers and businesses.","robots":{"index":"index","follow":"follow","max-snippet":"max-snippet:-1","max-image-preview":"max-image-preview:large","max-video-preview":"max-video-preview:-1"},"canonical":"https:\/\/www.pinyueppwovenbag.com\/product\/do-you-know-benefits-of-using-non-woven-bag-fabric\/","og_locale":"pt_PT","og_type":"article","og_title":"Do you know Benefits of Using Non-Woven Bag Fabric - Shenzhen PinYue Technology Co., Ltd.","og_description":"Non-woven bag fabric offers numerous advantages, it an increasingly popular choice for both consumers and businesses.","og_url":"https:\/\/www.pinyueppwovenbag.com\/product\/do-you-know-benefits-of-using-non-woven-bag-fabric\/","og_site_name":"Shenzhen PinYue Technology Co., Ltd.","article_modified_time":"2024-08-23T10:32:55+00:00","og_image":[{"width":552,"height":552,"url":"https:\/\/www.pinyueppwovenbag.com\/wp-content\/uploads\/2024\/05\/non-woven-bags21.jpg","type":"image\/jpeg"}],"twitter_card":"summary_large_image","twitter_site":"@pinyuepacking","twitter_misc":{"Tempo estimado de leitura":"2 minutos"},"schema":{"@context":"https:\/\/schema.org","@graph":[{"@type":"WebPage","@id":"https:\/\/www.pinyueppwovenbag.com\/product\/do-you-know-benefits-of-using-non-woven-bag-fabric\/","url":"https:\/\/www.pinyueppwovenbag.com\/product\/do-you-know-benefits-of-using-non-woven-bag-fabric\/","name":"Do you know Benefits of Using Non-Woven Bag Fabric - Shenzhen PinYue Technology Co., Ltd.","isPartOf":{"@id":"https:\/\/www.pinyueppwovenbag.com\/#website"},"primaryImageOfPage":{"@id":"https:\/\/www.pinyueppwovenbag.com\/product\/do-you-know-benefits-of-using-non-woven-bag-fabric\/#primaryimage"},"image":{"@id":"https:\/\/www.pinyueppwovenbag.com\/product\/do-you-know-benefits-of-using-non-woven-bag-fabric\/#primaryimage"},"thumbnailUrl":"https:\/\/pinyueppwovenbag.com\/wp-content\/uploads\/2024\/05\/non-woven-bags21.jpg","datePublished":"2024-05-24T07:47:45+00:00","dateModified":"2024-08-23T10:32:55+00:00","description":"Non-woven bag fabric offers numerous advantages, it an increasingly popular choice for both consumers and businesses.","breadcrumb":{"@id":"https:\/\/www.pinyueppwovenbag.com\/product\/do-you-know-benefits-of-using-non-woven-bag-fabric\/#breadcrumb"},"inLanguage":"pt-PT","potentialAction":[{"@type":"ReadAction","target":["https:\/\/www.pinyueppwovenbag.com\/product\/do-you-know-benefits-of-using-non-woven-bag-fabric\/"]}]},{"@type":"ImageObject","inLanguage":"pt-PT","@id":"https:\/\/www.pinyueppwovenbag.com\/product\/do-you-know-benefits-of-using-non-woven-bag-fabric\/#primaryimage","url":"https:\/\/pinyueppwovenbag.com\/wp-content\/uploads\/2024\/05\/non-woven-bags21.jpg","contentUrl":"https:\/\/pinyueppwovenbag.com\/wp-content\/uploads\/2024\/05\/non-woven-bags21.jpg","width":552,"height":552},{"@type":"BreadcrumbList","@id":"https:\/\/www.pinyueppwovenbag.com\/product\/do-you-know-benefits-of-using-non-woven-bag-fabric\/#breadcrumb","itemListElement":[{"@type":"ListItem","position":1,"name":"\u9996\u9875","item":"https:\/\/pinyueppwovenbag.com\/"},{"@type":"ListItem","position":2,"name":"Products","item":"https:\/\/pinyueppwovenbag.com\/products\/"},{"@type":"ListItem","position":3,"name":"Do you know Benefits of Using Non-Woven Bag Fabric"}]},{"@type":"WebSite","@id":"https:\/\/www.pinyueppwovenbag.com\/#website","url":"https:\/\/www.pinyueppwovenbag.com\/","name":"Shenzhen PinYue Technology Co., Ltd.","description":"","publisher":{"@id":"https:\/\/www.pinyueppwovenbag.com\/#organization"},"potentialAction":[{"@type":"SearchAction","target":{"@type":"EntryPoint","urlTemplate":"https:\/\/www.pinyueppwovenbag.com\/?s={search_term_string}"},"query-input":"required name=search_term_string"}],"inLanguage":"pt-PT"},{"@type":"Organization","@id":"https:\/\/www.pinyueppwovenbag.com\/#organization","name":"Shenzhen PinYue Technology Co., Ltd.","url":"https:\/\/www.pinyueppwovenbag.com\/","logo":{"@type":"ImageObject","inLanguage":"pt-PT","@id":"https:\/\/www.pinyueppwovenbag.com\/#\/schema\/logo\/image\/","url":"http:\/\/pinyueppwovenbag.com\/wp-content\/uploads\/2018\/07\/8171101867b458fbb8ba537ab1003d4.png","contentUrl":"http:\/\/pinyueppwovenbag.com\/wp-content\/uploads\/2018\/07\/8171101867b458fbb8ba537ab1003d4.png","width":569,"height":533,"caption":"Shenzhen PinYue Technology Co., Ltd."},"image":{"@id":"https:\/\/www.pinyueppwovenbag.com\/#\/schema\/logo\/image\/"},"sameAs":["https:\/\/x.com\/pinyuepacking","https:\/\/www.youtube.com\/@pinyueppbag"]}]}},"_links":{"self":[{"href":"https:\/\/pinyueppwovenbag.com\/pt\/wp-json\/wp\/v2\/product\/3377","targetHints":{"allow":["GET"]}}],"collection":[{"href":"https:\/\/pinyueppwovenbag.com\/pt\/wp-json\/wp\/v2\/product"}],"about":[{"href":"https:\/\/pinyueppwovenbag.com\/pt\/wp-json\/wp\/v2\/types\/product"}],"replies":[{"embeddable":true,"href":"https:\/\/pinyueppwovenbag.com\/pt\/wp-json\/wp\/v2\/comments?post=3377"}],"wp:featuredmedia":[{"embeddable":true,"href":"https:\/\/pinyueppwovenbag.com\/pt\/wp-json\/wp\/v2\/media\/3378"}],"wp:attachment":[{"href":"https:\/\/pinyueppwovenbag.com\/pt\/wp-json\/wp\/v2\/media?parent=3377"}],"wp:term":[{"taxonomy":"product_cat","embeddable":true,"href":"https:\/\/pinyueppwovenbag.com\/pt\/wp-json\/wp\/v2\/product_cat?post=3377"},{"taxonomy":"product_tag","embeddable":true,"href":"https:\/\/pinyueppwovenbag.com\/pt\/wp-json\/wp\/v2\/product_tag?post=3377"}],"curies":[{"name":"wp","href":"https:\/\/api.w.org\/{rel}","templated":true}]}}