{"id":346,"date":"2018-07-28T16:07:17","date_gmt":"2018-07-28T16:07:17","guid":{"rendered":"http:\/\/manufacturer.stylemixthemes.com\/?page_id=346"},"modified":"2025-04-05T12:15:44","modified_gmt":"2025-04-05T04:15:44","slug":"about-us","status":"publish","type":"page","link":"https:\/\/pinyueppwovenbag.com\/pt\/about-us\/","title":{"rendered":"Sobre n\u00f3s"},"content":{"rendered":"<div data-elementor-type=\"wp-post\" data-elementor-id=\"346\" class=\"elementor elementor-346\" data-elementor-post-type=\"page\">\n\t\t\t\t\t\t<section class=\"elementor-section elementor-top-section elementor-element elementor-element-7ce68a4 elementor-section-boxed elementor-section-height-default elementor-section-height-default\" data-id=\"7ce68a4\" data-element_type=\"section\">\n\t\t\t\t\t\t<div class=\"elementor-container elementor-column-gap-default\">\n\t\t\t\t\t<div class=\"elementor-column elementor-col-100 elementor-top-column elementor-element elementor-element-4e3300d\" data-id=\"4e3300d\" data-element_type=\"column\">\n\t\t\t<div class=\"elementor-widget-wrap elementor-element-populated\">\n\t\t\t\t\t\t<div class=\"elementor-element elementor-element-71c4888 elementor-widget elementor-widget-woocommerce-breadcrumb\" data-id=\"71c4888\" data-element_type=\"widget\" data-widget_type=\"woocommerce-breadcrumb.default\">\n\t\t\t\t<div class=\"elementor-widget-container\">\n\t\t\t<nav class=\"woocommerce-breadcrumb\" aria-label=\"Breadcrumb\" data-no-translation=\"\" data-trp-gettext=\"\">In\u00edcio<\/nav>\t\t<\/div>\n\t\t\t\t<\/div>\n\t\t\t\t\t<\/div>\n\t\t<\/div>\n\t\t\t\t\t<\/div>\n\t\t<\/section>\n\t\t\t\t<section class=\"elementor-section elementor-top-section elementor-element elementor-element-2f1486b elementor-section-boxed elementor-section-height-default elementor-section-height-default\" data-id=\"2f1486b\" data-element_type=\"section\">\n\t\t\t\t\t\t<div class=\"elementor-container elementor-column-gap-default\">\n\t\t\t\t\t<div class=\"elementor-column elementor-col-100 elementor-top-column elementor-element elementor-element-8b90a9a\" data-id=\"8b90a9a\" data-element_type=\"column\">\n\t\t\t<div class=\"elementor-widget-wrap elementor-element-populated\">\n\t\t\t\t\t\t<div class=\"elementor-element elementor-element-18c693c elementor-widget elementor-widget-heading\" data-id=\"18c693c\" data-element_type=\"widget\" data-widget_type=\"heading.default\">\n\t\t\t\t<div class=\"elementor-widget-container\">\n\t\t\t<h2 class=\"elementor-heading-title elementor-size-default elementor-heading-title\">Sobre n\u00f3s<\/h2>\t\t<\/div>\n\t\t\t\t<\/div>\n\t\t\t\t<div class=\"elementor-element elementor-element-90af0f4 elementor-widget elementor-widget-text-editor\" data-id=\"90af0f4\" data-element_type=\"widget\" data-widget_type=\"text-editor.default\">\n\t\t\t\t<div class=\"elementor-widget-container\">\n\t\t\t\t\t\t\t<p style=\"background-color: #ffffff;\">PinYue PACKAGING foi criada em 2017, a f\u00e1brica est\u00e1 localizada em ZheJiang e criou um escrit\u00f3rio de exporta\u00e7\u00e3o de com\u00e9rcio internacional em Shenzhen \u00e9 Shenzhen PinYue Technology Co., Ltd.<\/p><p style=\"background-color: #ffffff;\">Somos especializados em sacos de tecido PP. A nossa empresa tem uma vasta experi\u00eancia na ind\u00fastria de personaliza\u00e7\u00e3o de embalagens. Os nossos principais produtos incluem sacos de tecido PP, sacos n\u00e3o tecidos, sacos de pl\u00e1stico para alimentos PE e caixas de presente. Al\u00e9m disso, estamos a fazer grandes esfor\u00e7os para desenvolver novos produtos para atender \u00e0s diferentes necessidades dos clientes.<\/p><p style=\"background-color: #ffffff;\">Os nossos produtos n\u00e3o s\u00f3 vendem bem nas prov\u00edncias e cidades nacionais, mas tamb\u00e9m s\u00e3o exportados para v\u00e1rios pa\u00edses e regi\u00f5es, ao mesmo tempo, tamb\u00e9m realizamos encomendas OEM e ODM. Se precisar de selecionar um produto do nosso cat\u00e1logo ou procurar ajuda em aplica\u00e7\u00f5es de engenharia, n\u00e3o hesite em contactar o nosso centro de atendimento ao cliente e diga-nos as suas necessidades de aquisi\u00e7\u00e3o.<\/p><p style=\"background-color: #ffffff;\">A nossa empresa tem uma m\u00e1quina de impress\u00e3o a cores profissional e equipamento de lamina\u00e7\u00e3o para controlar rigorosamente a qualidade do produto. Aderindo ao princ\u00edpio comercial de benef\u00edcios m\u00fatuos, devido ao nosso servi\u00e7o profissional, produtos de qualidade e pre\u00e7os competitivos. Temos uma boa reputa\u00e7\u00e3o. Al\u00e9m de ganhar um grande n\u00famero de clientes.<\/p><p style=\"background-color: #ffffff;\">Se tiver novas ideias e sugest\u00f5es sobre os nossos produtos, n\u00e3o hesite em contactar-nos!<br \/>Saudamos calorosamente os clientes nacionais e estrangeiros para cooperar connosco para o sucesso comum.<\/p>\t\t\t\t\t\t<\/div>\n\t\t\t\t<\/div>\n\t\t\t\t\t<\/div>\n\t\t<\/div>\n\t\t\t\t\t<\/div>\n\t\t<\/section>\n\t\t\t\t<section class=\"elementor-section elementor-top-section elementor-element elementor-element-8688433 elementor-section-boxed elementor-section-height-default elementor-section-height-default\" data-id=\"8688433\" data-element_type=\"section\">\n\t\t\t\t\t\t<div class=\"elementor-container elementor-column-gap-default\">\n\t\t\t\t\t<div class=\"elementor-column elementor-col-100 elementor-top-column elementor-element elementor-element-752ea8e\" data-id=\"752ea8e\" data-element_type=\"column\">\n\t\t\t<div class=\"elementor-widget-wrap elementor-element-populated\">\n\t\t\t\t\t\t<div data-over-color=\"\" data-over=\"overlay\" class=\"elementor-element elementor-element-3841272 elementor-widget elementor-widget-video\" data-id=\"3841272\" data-element_type=\"widget\" data-settings=\"{&quot;youtube_url&quot;:&quot;https:\\\/\\\/youtu.be\\\/qp3TjFl10FI?si=Eb3VkWoXj7Uk7gzM&quot;,&quot;video_type&quot;:&quot;youtube&quot;,&quot;controls&quot;:&quot;yes&quot;}\" data-widget_type=\"video.default\">\n\t\t\t\t<div class=\"elementor-widget-container\">\n\t\t\t\t\t<div class=\"elementor-wrapper elementor-open-inline\">\n\t\t\t<div class=\"elementor-video\"><\/div>\t\t<\/div>\n\t\t\t\t<\/div>\n\t\t\t\t<\/div>\n\t\t\t\t\t<\/div>\n\t\t<\/div>\n\t\t\t\t\t<\/div>\n\t\t<\/section>\n\t\t\t\t<\/div>","protected":false},"excerpt":{"rendered":"<p>About Us PinYue PACKAGING was established in 2017,the factory is located in ZheJiang and set up a International Trade Export Office in Shenzhen is Shenzhen PinYue Technology Co., Ltd. We are specialized in PP Woven bags. Our company has rich experience in the Packaging Customization industry. Our main products include pp woven bag, Non woven [&hellip;]<\/p>","protected":false},"author":1,"featured_media":0,"parent":0,"menu_order":0,"comment_status":"closed","ping_status":"closed","template":"elementor_header_footer","meta":{"om_disable_all_campaigns":false,"_monsterinsights_skip_tracking":false,"_monsterinsights_sitenote_active":false,"_monsterinsights_sitenote_note":"","_monsterinsights_sitenote_category":0,"_uf_show_specific_survey":0,"_uf_disable_surveys":false,"two_page_speed":{"previous_score":{"desktop_score":59,"desktop_tti":"4.1\u00a0","mobile_score":32,"mobile_tti":"19.5\u00a0","date":"26.07.2024 05:44:46 pm","status":"completed"},"current_score":{"desktop_score":97,"desktop_tti":"0.9\u00a0","mobile_score":98,"mobile_tti":"4.2\u00a0","date":"05.04.2025 12:16:30 pm","status":"completed"}},"footnotes":""},"class_list":["post-346","page","type-page","status-publish","hentry"],"yoast_head":"<!-- This site is optimized with the Yoast SEO plugin v23.2 - https:\/\/yoast.com\/wordpress\/plugins\/seo\/ -->\n<title>About Us - Shenzhen PinYue Technology Co., Ltd.<\/title>\n<meta name=\"robots\" content=\"index, follow, max-snippet:-1, max-image-preview:large, max-video-preview:-1\" \/>\n<link rel=\"canonical\" href=\"https:\/\/www.pinyueppwovenbag.com\/about-us\/\" \/>\n<meta property=\"og:locale\" content=\"pt_PT\" \/>\n<meta property=\"og:type\" content=\"article\" \/>\n<meta property=\"og:title\" content=\"About Us - Shenzhen PinYue Technology Co., Ltd.\" \/>\n<meta property=\"og:description\" content=\"About Us PinYue PACKAGING was established in 2017,the factory is located in ZheJiang and set up a International Trade Export Office in Shenzhen is Shenzhen PinYue Technology Co., Ltd. We are specialized in PP Woven bags. Our company has rich experience in the Packaging Customization industry. Our main products include pp woven bag, Non woven [&hellip;]\" \/>\n<meta property=\"og:url\" content=\"https:\/\/www.pinyueppwovenbag.com\/about-us\/\" \/>\n<meta property=\"og:site_name\" content=\"Shenzhen PinYue Technology Co., Ltd.\" \/>\n<meta property=\"article:modified_time\" content=\"2025-04-05T04:15:44+00:00\" \/>\n<meta name=\"twitter:card\" content=\"summary_large_image\" \/>\n<meta name=\"twitter:site\" content=\"@pinyuepacking\" \/>\n<meta name=\"twitter:label1\" content=\"Tempo estimado de leitura\" \/>\n\t<meta name=\"twitter:data1\" content=\"1 minuto\" \/>\n<script type=\"application\/ld+json\" class=\"yoast-schema-graph\">{\"@context\":\"https:\/\/schema.org\",\"@graph\":[{\"@type\":\"WebPage\",\"@id\":\"https:\/\/www.pinyueppwovenbag.com\/about-us\/\",\"url\":\"https:\/\/www.pinyueppwovenbag.com\/about-us\/\",\"name\":\"About Us - Shenzhen PinYue Technology Co., Ltd.\",\"isPartOf\":{\"@id\":\"https:\/\/www.pinyueppwovenbag.com\/#website\"},\"datePublished\":\"2018-07-28T16:07:17+00:00\",\"dateModified\":\"2025-04-05T04:15:44+00:00\",\"breadcrumb\":{\"@id\":\"https:\/\/www.pinyueppwovenbag.com\/about-us\/#breadcrumb\"},\"inLanguage\":\"pt-PT\",\"potentialAction\":[{\"@type\":\"ReadAction\",\"target\":[\"https:\/\/www.pinyueppwovenbag.com\/about-us\/\"]}]},{\"@type\":\"BreadcrumbList\",\"@id\":\"https:\/\/www.pinyueppwovenbag.com\/about-us\/#breadcrumb\",\"itemListElement\":[{\"@type\":\"ListItem\",\"position\":1,\"name\":\"\u9996\u9875\",\"item\":\"https:\/\/pinyueppwovenbag.com\/\"},{\"@type\":\"ListItem\",\"position\":2,\"name\":\"About Us\"}]},{\"@type\":\"WebSite\",\"@id\":\"https:\/\/www.pinyueppwovenbag.com\/#website\",\"url\":\"https:\/\/www.pinyueppwovenbag.com\/\",\"name\":\"Shenzhen PinYue Technology Co., Ltd.\",\"description\":\"\",\"publisher\":{\"@id\":\"https:\/\/www.pinyueppwovenbag.com\/#organization\"},\"potentialAction\":[{\"@type\":\"SearchAction\",\"target\":{\"@type\":\"EntryPoint\",\"urlTemplate\":\"https:\/\/www.pinyueppwovenbag.com\/?s={search_term_string}\"},\"query-input\":\"required name=search_term_string\"}],\"inLanguage\":\"pt-PT\"},{\"@type\":\"Organization\",\"@id\":\"https:\/\/www.pinyueppwovenbag.com\/#organization\",\"name\":\"Shenzhen PinYue Technology Co., Ltd.\",\"url\":\"https:\/\/www.pinyueppwovenbag.com\/\",\"logo\":{\"@type\":\"ImageObject\",\"inLanguage\":\"pt-PT\",\"@id\":\"https:\/\/www.pinyueppwovenbag.com\/#\/schema\/logo\/image\/\",\"url\":\"http:\/\/pinyueppwovenbag.com\/wp-content\/uploads\/2018\/07\/8171101867b458fbb8ba537ab1003d4.png\",\"contentUrl\":\"http:\/\/pinyueppwovenbag.com\/wp-content\/uploads\/2018\/07\/8171101867b458fbb8ba537ab1003d4.png\",\"width\":569,\"height\":533,\"caption\":\"Shenzhen PinYue Technology Co., Ltd.\"},\"image\":{\"@id\":\"https:\/\/www.pinyueppwovenbag.com\/#\/schema\/logo\/image\/\"},\"sameAs\":[\"https:\/\/x.com\/pinyuepacking\",\"https:\/\/www.youtube.com\/@pinyueppbag\"]}]}<\/script>\n<!-- \/ Yoast SEO plugin. -->","yoast_head_json":{"title":"About Us - Shenzhen PinYue Technology Co., Ltd.","robots":{"index":"index","follow":"follow","max-snippet":"max-snippet:-1","max-image-preview":"max-image-preview:large","max-video-preview":"max-video-preview:-1"},"canonical":"https:\/\/www.pinyueppwovenbag.com\/about-us\/","og_locale":"pt_PT","og_type":"article","og_title":"About Us - Shenzhen PinYue Technology Co., Ltd.","og_description":"About Us PinYue PACKAGING was established in 2017,the factory is located in ZheJiang and set up a International Trade Export Office in Shenzhen is Shenzhen PinYue Technology Co., Ltd. We are specialized in PP Woven bags. Our company has rich experience in the Packaging Customization industry. Our main products include pp woven bag, Non woven [&hellip;]","og_url":"https:\/\/www.pinyueppwovenbag.com\/about-us\/","og_site_name":"Shenzhen PinYue Technology Co., Ltd.","article_modified_time":"2025-04-05T04:15:44+00:00","twitter_card":"summary_large_image","twitter_site":"@pinyuepacking","twitter_misc":{"Tempo estimado de leitura":"1 minuto"},"schema":{"@context":"https:\/\/schema.org","@graph":[{"@type":"WebPage","@id":"https:\/\/www.pinyueppwovenbag.com\/about-us\/","url":"https:\/\/www.pinyueppwovenbag.com\/about-us\/","name":"About Us - Shenzhen PinYue Technology Co., Ltd.","isPartOf":{"@id":"https:\/\/www.pinyueppwovenbag.com\/#website"},"datePublished":"2018-07-28T16:07:17+00:00","dateModified":"2025-04-05T04:15:44+00:00","breadcrumb":{"@id":"https:\/\/www.pinyueppwovenbag.com\/about-us\/#breadcrumb"},"inLanguage":"pt-PT","potentialAction":[{"@type":"ReadAction","target":["https:\/\/www.pinyueppwovenbag.com\/about-us\/"]}]},{"@type":"BreadcrumbList","@id":"https:\/\/www.pinyueppwovenbag.com\/about-us\/#breadcrumb","itemListElement":[{"@type":"ListItem","position":1,"name":"\u9996\u9875","item":"https:\/\/pinyueppwovenbag.com\/"},{"@type":"ListItem","position":2,"name":"About Us"}]},{"@type":"WebSite","@id":"https:\/\/www.pinyueppwovenbag.com\/#website","url":"https:\/\/www.pinyueppwovenbag.com\/","name":"Shenzhen PinYue Technology Co., Ltd.","description":"","publisher":{"@id":"https:\/\/www.pinyueppwovenbag.com\/#organization"},"potentialAction":[{"@type":"SearchAction","target":{"@type":"EntryPoint","urlTemplate":"https:\/\/www.pinyueppwovenbag.com\/?s={search_term_string}"},"query-input":"required name=search_term_string"}],"inLanguage":"pt-PT"},{"@type":"Organization","@id":"https:\/\/www.pinyueppwovenbag.com\/#organization","name":"Shenzhen PinYue Technology Co., Ltd.","url":"https:\/\/www.pinyueppwovenbag.com\/","logo":{"@type":"ImageObject","inLanguage":"pt-PT","@id":"https:\/\/www.pinyueppwovenbag.com\/#\/schema\/logo\/image\/","url":"http:\/\/pinyueppwovenbag.com\/wp-content\/uploads\/2018\/07\/8171101867b458fbb8ba537ab1003d4.png","contentUrl":"http:\/\/pinyueppwovenbag.com\/wp-content\/uploads\/2018\/07\/8171101867b458fbb8ba537ab1003d4.png","width":569,"height":533,"caption":"Shenzhen PinYue Technology Co., Ltd."},"image":{"@id":"https:\/\/www.pinyueppwovenbag.com\/#\/schema\/logo\/image\/"},"sameAs":["https:\/\/x.com\/pinyuepacking","https:\/\/www.youtube.com\/@pinyueppbag"]}]}},"amp_enabled":false,"_links":{"self":[{"href":"https:\/\/pinyueppwovenbag.com\/pt\/wp-json\/wp\/v2\/pages\/346","targetHints":{"allow":["GET"]}}],"collection":[{"href":"https:\/\/pinyueppwovenbag.com\/pt\/wp-json\/wp\/v2\/pages"}],"about":[{"href":"https:\/\/pinyueppwovenbag.com\/pt\/wp-json\/wp\/v2\/types\/page"}],"author":[{"embeddable":true,"href":"https:\/\/pinyueppwovenbag.com\/pt\/wp-json\/wp\/v2\/users\/1"}],"replies":[{"embeddable":true,"href":"https:\/\/pinyueppwovenbag.com\/pt\/wp-json\/wp\/v2\/comments?post=346"}],"version-history":[{"count":33,"href":"https:\/\/pinyueppwovenbag.com\/pt\/wp-json\/wp\/v2\/pages\/346\/revisions"}],"predecessor-version":[{"id":3264,"href":"https:\/\/pinyueppwovenbag.com\/pt\/wp-json\/wp\/v2\/pages\/346\/revisions\/3264"}],"wp:attachment":[{"href":"https:\/\/pinyueppwovenbag.com\/pt\/wp-json\/wp\/v2\/media?parent=346"}],"curies":[{"name":"wp","href":"https:\/\/api.w.org\/{rel}","templated":true}]}}