{"id":3394,"date":"2024-05-24T17:02:58","date_gmt":"2024-05-24T09:02:58","guid":{"rendered":"http:\/\/pinyueppwovenbag.com\/?post_type=product&#038;p=3394"},"modified":"2024-08-24T14:37:52","modified_gmt":"2024-08-24T06:37:52","slug":"choosing-non-woven-bags-for-diy-create-a-great-life","status":"publish","type":"product","link":"https:\/\/pinyueppwovenbag.com\/it\/product\/choosing-non-woven-bags-for-diy-create-a-great-life\/","title":{"rendered":"Scegliere le borse in tessuto non tessuto per il fai-da-te Creare una vita fantastica"},"content":{"rendered":"<p>La scelta di borse in tessuto non tessuto per progetti di bricolage pu\u00f2 essere un'esperienza trasformativa, che consente di liberare la propria creativit\u00e0 e di contribuire a uno stile di vita soddisfacente.<\/p>\n<p>Quando si intraprendono progetti di bricolage, la scelta dei materiali \u00e8 fondamentale e le borse in tessuto non tessuto offrono un'opzione versatile ed ecologica. Che si tratti di tote bag, sacchetti o oggetti decorativi, le borse in tessuto non tessuto offrono una base robusta, facile da lavorare e da personalizzare.<\/p>\n<p>Considerate le dimensioni e lo stile delle borse in tessuto non tessuto pi\u00f9 adatte al vostro progetto di bricolage. Le borse Tote sono ideali per le creazioni pi\u00f9 grandi, come le borse per la spesa o le borse da spiaggia, mentre le borse pi\u00f9 piccole, come le buste con coulisse, sono perfette per organizzare gioielli o confezioni regalo. Scegliete borse in tessuto non tessuto di vari colori per aggiungere interesse visivo e completare la vostra visione estetica.<\/p>\n<p>Un altro vantaggio dell'utilizzo dei sacchetti in tessuto non tessuto per i progetti di bricolage \u00e8 la loro convenienza e accessibilit\u00e0. Disponibili in grandi quantit\u00e0 a prezzi accessibili, i sacchetti in tessuto non tessuto rappresentano una soluzione economica per i creativi di tutti i livelli. Che siate appassionati di bricolage o principianti, i sacchetti in tessuto non tessuto offrono infinite possibilit\u00e0 di espressione creativa.<\/p>\n<p>Inoltre, le borse in tessuto non tessuto possono essere facilmente personalizzate e abbellite per riflettere il vostro stile e la vostra personalit\u00e0. Sperimentate con vernici per tessuti, toppe da stirare o ricami per aggiungere disegni e abbellimenti personalizzati alle vostre creazioni. Con le borse in tessuto non tessuto come tela, l'unico limite \u00e8 la vostra immaginazione.<\/p>\n<p>La scelta di borse in tessuto non tessuto per progetti fai-da-te non solo permette di esprimere la propria creativit\u00e0, ma promuove anche la sostenibilit\u00e0 e la responsabilit\u00e0 ambientale. Riutilizzando e riciclando i sacchetti in tessuto non tessuto, si contribuisce a ridurre i rifiuti e a minimizzare l'impronta ecologica, creando uno stile di vita pi\u00f9 sostenibile e consapevole.<\/p>\n<p><strong>Il nostro servizio:<\/strong><br \/>\n<strong>-Design e campioni gratuiti.<\/strong><br \/>\n<strong>-Ciclo di produzione breve.<\/strong><br \/>\n<strong>-Secondo i clienti, qualsiasi richiesta di costom.<\/strong><br \/>\n<strong>- I nostri sacchi hanno un'elevata resistenza agli urti.<\/strong><br \/>\n<strong>-Sostenere l'alta qualit\u00e0 e il basso prezzo\/MOQ.<\/strong><\/p>\n<p>&nbsp;<\/p>\n<p><img fetchpriority=\"high\" decoding=\"async\" class=\"alignnone size-medium wp-image-3349\" src=\"http:\/\/pinyueppwovenbag.com\/wp-content\/uploads\/2024\/04\/\u5171\u7528\u56fe2-300x300.jpg\" alt=\"\" width=\"300\" height=\"300\" srcset=\"https:\/\/pinyueppwovenbag.com\/wp-content\/uploads\/2024\/04\/\u5171\u7528\u56fe2-300x300.jpg 300w, https:\/\/pinyueppwovenbag.com\/wp-content\/uploads\/2024\/04\/\u5171\u7528\u56fe2-150x150.jpg 150w, https:\/\/pinyueppwovenbag.com\/wp-content\/uploads\/2024\/04\/\u5171\u7528\u56fe2-12x12.jpg 12w, https:\/\/pinyueppwovenbag.com\/wp-content\/uploads\/2024\/04\/\u5171\u7528\u56fe2-600x600.jpg 600w, https:\/\/pinyueppwovenbag.com\/wp-content\/uploads\/2024\/04\/\u5171\u7528\u56fe2-100x100.jpg 100w, https:\/\/pinyueppwovenbag.com\/wp-content\/uploads\/2024\/04\/\u5171\u7528\u56fe2.jpg 668w\" sizes=\"(max-width: 300px) 100vw, 300px\" \/><\/p>\n<p><img decoding=\"async\" class=\"alignnone size-medium wp-image-3380\" src=\"http:\/\/pinyueppwovenbag.com\/wp-content\/uploads\/2024\/05\/2-1-300x300.jpg\" alt=\"\" width=\"300\" height=\"300\" srcset=\"https:\/\/pinyueppwovenbag.com\/wp-content\/uploads\/2024\/05\/2-1-300x300.jpg 300w, https:\/\/pinyueppwovenbag.com\/wp-content\/uploads\/2024\/05\/2-1-150x150.jpg 150w, https:\/\/pinyueppwovenbag.com\/wp-content\/uploads\/2024\/05\/2-1-12x12.jpg 12w, https:\/\/pinyueppwovenbag.com\/wp-content\/uploads\/2024\/05\/2-1-600x600.jpg 600w, https:\/\/pinyueppwovenbag.com\/wp-content\/uploads\/2024\/05\/2-1-100x100.jpg 100w, https:\/\/pinyueppwovenbag.com\/wp-content\/uploads\/2024\/05\/2-1.jpg 640w\" sizes=\"(max-width: 300px) 100vw, 300px\" \/><\/p>","protected":false},"excerpt":{"rendered":"<p>Selecting non-woven bags for DIY projects can be a transformative experience, enabling individuals to unleash their creativity while contributing to a fulfilling lifestyle. When embarking on DIY projects, the choice of materials is crucial, and non-woven bags offer a versatile and eco-friendly option. Whether you&#8217;re crafting tote bags, pouches, or decorative items, non-woven bags provide [&hellip;]<\/p>","protected":false},"featured_media":3395,"comment_status":"open","ping_status":"closed","template":"","meta":{"om_disable_all_campaigns":false,"_monsterinsights_skip_tracking":false,"_monsterinsights_sitenote_active":false,"_monsterinsights_sitenote_note":"","_monsterinsights_sitenote_category":0,"_uf_show_specific_survey":0,"_uf_disable_surveys":false},"product_cat":[55],"product_tag":[],"class_list":{"0":"post-3394","1":"product","2":"type-product","3":"status-publish","4":"has-post-thumbnail","6":"product_cat-non-woven-bags","8":"first","9":"instock","10":"shipping-taxable","11":"product-type-simple"},"yoast_head":"<!-- This site is optimized with the Yoast SEO plugin v23.2 - https:\/\/yoast.com\/wordpress\/plugins\/seo\/ -->\n<title>Choosing Non-Woven Bags for DIY Create a great life - Shenzhen PinYue Technology Co., Ltd.<\/title>\n<meta name=\"description\" content=\"Selecting non-woven bags for DIY projects can be a transformative experience, enabling individuals to unleash their creativity.\" \/>\n<meta name=\"robots\" content=\"index, follow, max-snippet:-1, max-image-preview:large, max-video-preview:-1\" \/>\n<link rel=\"canonical\" href=\"https:\/\/pinyueppwovenbag.com\/it\/prodotto\/choosing-non-woven-bags-for-diy-create-a-great-life\/\" \/>\n<meta property=\"og:locale\" content=\"it_IT\" \/>\n<meta property=\"og:type\" content=\"article\" \/>\n<meta property=\"og:title\" content=\"Choosing Non-Woven Bags for DIY Create a great life - Shenzhen PinYue Technology Co., Ltd.\" \/>\n<meta property=\"og:description\" content=\"Selecting non-woven bags for DIY projects can be a transformative experience, enabling individuals to unleash their creativity.\" \/>\n<meta property=\"og:url\" content=\"https:\/\/pinyueppwovenbag.com\/it\/prodotto\/choosing-non-woven-bags-for-diy-create-a-great-life\/\" \/>\n<meta property=\"og:site_name\" content=\"Shenzhen PinYue Technology Co., Ltd.\" \/>\n<meta property=\"article:modified_time\" content=\"2024-08-24T06:37:52+00:00\" \/>\n<meta property=\"og:image\" content=\"https:\/\/pinyueppwovenbag.com\/wp-content\/uploads\/2024\/05\/Non-Woven-Bags5-24-6.jpg\" \/>\n\t<meta property=\"og:image:width\" content=\"640\" \/>\n\t<meta property=\"og:image:height\" content=\"640\" \/>\n\t<meta property=\"og:image:type\" content=\"image\/jpeg\" \/>\n<meta name=\"twitter:card\" content=\"summary_large_image\" \/>\n<meta name=\"twitter:site\" content=\"@pinyuepacking\" \/>\n<meta name=\"twitter:label1\" content=\"Tempo di lettura stimato\" \/>\n\t<meta name=\"twitter:data1\" content=\"3 minuti\" \/>\n<script type=\"application\/ld+json\" class=\"yoast-schema-graph\">{\"@context\":\"https:\/\/schema.org\",\"@graph\":[{\"@type\":\"WebPage\",\"@id\":\"https:\/\/pinyueppwovenbag.com\/th\/product\/choosing-non-woven-bags-for-diy-create-a-great-life\/\",\"url\":\"https:\/\/pinyueppwovenbag.com\/th\/product\/choosing-non-woven-bags-for-diy-create-a-great-life\/\",\"name\":\"Choosing Non-Woven Bags for DIY Create a great life - Shenzhen PinYue Technology Co., Ltd.\",\"isPartOf\":{\"@id\":\"https:\/\/www.pinyueppwovenbag.com\/#website\"},\"primaryImageOfPage\":{\"@id\":\"https:\/\/pinyueppwovenbag.com\/th\/product\/choosing-non-woven-bags-for-diy-create-a-great-life\/#primaryimage\"},\"image\":{\"@id\":\"https:\/\/pinyueppwovenbag.com\/th\/product\/choosing-non-woven-bags-for-diy-create-a-great-life\/#primaryimage\"},\"thumbnailUrl\":\"https:\/\/pinyueppwovenbag.com\/wp-content\/uploads\/2024\/05\/Non-Woven-Bags5-24-6.jpg\",\"datePublished\":\"2024-05-24T09:02:58+00:00\",\"dateModified\":\"2024-08-24T06:37:52+00:00\",\"description\":\"Selecting non-woven bags for DIY projects can be a transformative experience, enabling individuals to unleash their creativity.\",\"breadcrumb\":{\"@id\":\"https:\/\/pinyueppwovenbag.com\/th\/product\/choosing-non-woven-bags-for-diy-create-a-great-life\/#breadcrumb\"},\"inLanguage\":\"it-IT\",\"potentialAction\":[{\"@type\":\"ReadAction\",\"target\":[\"https:\/\/pinyueppwovenbag.com\/th\/product\/choosing-non-woven-bags-for-diy-create-a-great-life\/\"]}]},{\"@type\":\"ImageObject\",\"inLanguage\":\"it-IT\",\"@id\":\"https:\/\/pinyueppwovenbag.com\/th\/product\/choosing-non-woven-bags-for-diy-create-a-great-life\/#primaryimage\",\"url\":\"https:\/\/pinyueppwovenbag.com\/wp-content\/uploads\/2024\/05\/Non-Woven-Bags5-24-6.jpg\",\"contentUrl\":\"https:\/\/pinyueppwovenbag.com\/wp-content\/uploads\/2024\/05\/Non-Woven-Bags5-24-6.jpg\",\"width\":640,\"height\":640},{\"@type\":\"BreadcrumbList\",\"@id\":\"https:\/\/pinyueppwovenbag.com\/th\/product\/choosing-non-woven-bags-for-diy-create-a-great-life\/#breadcrumb\",\"itemListElement\":[{\"@type\":\"ListItem\",\"position\":1,\"name\":\"\u9996\u9875\",\"item\":\"https:\/\/pinyueppwovenbag.com\/\"},{\"@type\":\"ListItem\",\"position\":2,\"name\":\"Products\",\"item\":\"https:\/\/pinyueppwovenbag.com\/products\/\"},{\"@type\":\"ListItem\",\"position\":3,\"name\":\"Choosing Non-Woven Bags for DIY Create a great life\"}]},{\"@type\":\"WebSite\",\"@id\":\"https:\/\/www.pinyueppwovenbag.com\/#website\",\"url\":\"https:\/\/www.pinyueppwovenbag.com\/\",\"name\":\"Shenzhen PinYue Technology Co., Ltd.\",\"description\":\"\",\"publisher\":{\"@id\":\"https:\/\/www.pinyueppwovenbag.com\/#organization\"},\"potentialAction\":[{\"@type\":\"SearchAction\",\"target\":{\"@type\":\"EntryPoint\",\"urlTemplate\":\"https:\/\/www.pinyueppwovenbag.com\/?s={search_term_string}\"},\"query-input\":\"required name=search_term_string\"}],\"inLanguage\":\"it-IT\"},{\"@type\":\"Organization\",\"@id\":\"https:\/\/www.pinyueppwovenbag.com\/#organization\",\"name\":\"Shenzhen PinYue Technology Co., Ltd.\",\"url\":\"https:\/\/www.pinyueppwovenbag.com\/\",\"logo\":{\"@type\":\"ImageObject\",\"inLanguage\":\"it-IT\",\"@id\":\"https:\/\/www.pinyueppwovenbag.com\/#\/schema\/logo\/image\/\",\"url\":\"http:\/\/pinyueppwovenbag.com\/wp-content\/uploads\/2018\/07\/8171101867b458fbb8ba537ab1003d4.png\",\"contentUrl\":\"http:\/\/pinyueppwovenbag.com\/wp-content\/uploads\/2018\/07\/8171101867b458fbb8ba537ab1003d4.png\",\"width\":569,\"height\":533,\"caption\":\"Shenzhen PinYue Technology Co., Ltd.\"},\"image\":{\"@id\":\"https:\/\/www.pinyueppwovenbag.com\/#\/schema\/logo\/image\/\"},\"sameAs\":[\"https:\/\/x.com\/pinyuepacking\",\"https:\/\/www.youtube.com\/@pinyueppbag\"]}]}<\/script>\n<!-- \/ Yoast SEO plugin. -->","yoast_head_json":{"title":"Choosing Non-Woven Bags for DIY Create a great life - Shenzhen PinYue Technology Co., Ltd.","description":"Selecting non-woven bags for DIY projects can be a transformative experience, enabling individuals to unleash their creativity.","robots":{"index":"index","follow":"follow","max-snippet":"max-snippet:-1","max-image-preview":"max-image-preview:large","max-video-preview":"max-video-preview:-1"},"canonical":"https:\/\/pinyueppwovenbag.com\/it\/prodotto\/choosing-non-woven-bags-for-diy-create-a-great-life\/","og_locale":"it_IT","og_type":"article","og_title":"Choosing Non-Woven Bags for DIY Create a great life - Shenzhen PinYue Technology Co., Ltd.","og_description":"Selecting non-woven bags for DIY projects can be a transformative experience, enabling individuals to unleash their creativity.","og_url":"https:\/\/pinyueppwovenbag.com\/it\/prodotto\/choosing-non-woven-bags-for-diy-create-a-great-life\/","og_site_name":"Shenzhen PinYue Technology Co., Ltd.","article_modified_time":"2024-08-24T06:37:52+00:00","og_image":[{"width":640,"height":640,"url":"https:\/\/pinyueppwovenbag.com\/wp-content\/uploads\/2024\/05\/Non-Woven-Bags5-24-6.jpg","type":"image\/jpeg"}],"twitter_card":"summary_large_image","twitter_site":"@pinyuepacking","twitter_misc":{"Tempo di lettura stimato":"3 minuti"},"schema":{"@context":"https:\/\/schema.org","@graph":[{"@type":"WebPage","@id":"https:\/\/pinyueppwovenbag.com\/th\/product\/choosing-non-woven-bags-for-diy-create-a-great-life\/","url":"https:\/\/pinyueppwovenbag.com\/th\/product\/choosing-non-woven-bags-for-diy-create-a-great-life\/","name":"Choosing Non-Woven Bags for DIY Create a great life - Shenzhen PinYue Technology Co., Ltd.","isPartOf":{"@id":"https:\/\/www.pinyueppwovenbag.com\/#website"},"primaryImageOfPage":{"@id":"https:\/\/pinyueppwovenbag.com\/th\/product\/choosing-non-woven-bags-for-diy-create-a-great-life\/#primaryimage"},"image":{"@id":"https:\/\/pinyueppwovenbag.com\/th\/product\/choosing-non-woven-bags-for-diy-create-a-great-life\/#primaryimage"},"thumbnailUrl":"https:\/\/pinyueppwovenbag.com\/wp-content\/uploads\/2024\/05\/Non-Woven-Bags5-24-6.jpg","datePublished":"2024-05-24T09:02:58+00:00","dateModified":"2024-08-24T06:37:52+00:00","description":"Selecting non-woven bags for DIY projects can be a transformative experience, enabling individuals to unleash their creativity.","breadcrumb":{"@id":"https:\/\/pinyueppwovenbag.com\/th\/product\/choosing-non-woven-bags-for-diy-create-a-great-life\/#breadcrumb"},"inLanguage":"it-IT","potentialAction":[{"@type":"ReadAction","target":["https:\/\/pinyueppwovenbag.com\/th\/product\/choosing-non-woven-bags-for-diy-create-a-great-life\/"]}]},{"@type":"ImageObject","inLanguage":"it-IT","@id":"https:\/\/pinyueppwovenbag.com\/th\/product\/choosing-non-woven-bags-for-diy-create-a-great-life\/#primaryimage","url":"https:\/\/pinyueppwovenbag.com\/wp-content\/uploads\/2024\/05\/Non-Woven-Bags5-24-6.jpg","contentUrl":"https:\/\/pinyueppwovenbag.com\/wp-content\/uploads\/2024\/05\/Non-Woven-Bags5-24-6.jpg","width":640,"height":640},{"@type":"BreadcrumbList","@id":"https:\/\/pinyueppwovenbag.com\/th\/product\/choosing-non-woven-bags-for-diy-create-a-great-life\/#breadcrumb","itemListElement":[{"@type":"ListItem","position":1,"name":"\u9996\u9875","item":"https:\/\/pinyueppwovenbag.com\/"},{"@type":"ListItem","position":2,"name":"Products","item":"https:\/\/pinyueppwovenbag.com\/products\/"},{"@type":"ListItem","position":3,"name":"Choosing Non-Woven Bags for DIY Create a great life"}]},{"@type":"WebSite","@id":"https:\/\/www.pinyueppwovenbag.com\/#website","url":"https:\/\/www.pinyueppwovenbag.com\/","name":"Shenzhen PinYue Technology Co., Ltd.","description":"","publisher":{"@id":"https:\/\/www.pinyueppwovenbag.com\/#organization"},"potentialAction":[{"@type":"SearchAction","target":{"@type":"EntryPoint","urlTemplate":"https:\/\/www.pinyueppwovenbag.com\/?s={search_term_string}"},"query-input":"required name=search_term_string"}],"inLanguage":"it-IT"},{"@type":"Organization","@id":"https:\/\/www.pinyueppwovenbag.com\/#organization","name":"Shenzhen PinYue Technology Co., Ltd.","url":"https:\/\/www.pinyueppwovenbag.com\/","logo":{"@type":"ImageObject","inLanguage":"it-IT","@id":"https:\/\/www.pinyueppwovenbag.com\/#\/schema\/logo\/image\/","url":"http:\/\/pinyueppwovenbag.com\/wp-content\/uploads\/2018\/07\/8171101867b458fbb8ba537ab1003d4.png","contentUrl":"http:\/\/pinyueppwovenbag.com\/wp-content\/uploads\/2018\/07\/8171101867b458fbb8ba537ab1003d4.png","width":569,"height":533,"caption":"Shenzhen PinYue Technology Co., Ltd."},"image":{"@id":"https:\/\/www.pinyueppwovenbag.com\/#\/schema\/logo\/image\/"},"sameAs":["https:\/\/x.com\/pinyuepacking","https:\/\/www.youtube.com\/@pinyueppbag"]}]}},"_links":{"self":[{"href":"https:\/\/pinyueppwovenbag.com\/it\/wp-json\/wp\/v2\/product\/3394","targetHints":{"allow":["GET"]}}],"collection":[{"href":"https:\/\/pinyueppwovenbag.com\/it\/wp-json\/wp\/v2\/product"}],"about":[{"href":"https:\/\/pinyueppwovenbag.com\/it\/wp-json\/wp\/v2\/types\/product"}],"replies":[{"embeddable":true,"href":"https:\/\/pinyueppwovenbag.com\/it\/wp-json\/wp\/v2\/comments?post=3394"}],"wp:featuredmedia":[{"embeddable":true,"href":"https:\/\/pinyueppwovenbag.com\/it\/wp-json\/wp\/v2\/media\/3395"}],"wp:attachment":[{"href":"https:\/\/pinyueppwovenbag.com\/it\/wp-json\/wp\/v2\/media?parent=3394"}],"wp:term":[{"taxonomy":"product_cat","embeddable":true,"href":"https:\/\/pinyueppwovenbag.com\/it\/wp-json\/wp\/v2\/product_cat?post=3394"},{"taxonomy":"product_tag","embeddable":true,"href":"https:\/\/pinyueppwovenbag.com\/it\/wp-json\/wp\/v2\/product_tag?post=3394"}],"curies":[{"name":"wp","href":"https:\/\/api.w.org\/{rel}","templated":true}]}}