{"id":3394,"date":"2024-05-24T17:02:58","date_gmt":"2024-05-24T09:02:58","guid":{"rendered":"http:\/\/pinyueppwovenbag.com\/?post_type=product&#038;p=3394"},"modified":"2024-08-24T14:37:52","modified_gmt":"2024-08-24T06:37:52","slug":"choosing-non-woven-bags-for-diy-create-a-great-life","status":"publish","type":"product","link":"https:\/\/pinyueppwovenbag.com\/fr\/product\/choosing-non-woven-bags-for-diy-create-a-great-life\/","title":{"rendered":"Choisir des sacs non tiss\u00e9s pour le bricolage Cr\u00e9er une vie agr\u00e9able"},"content":{"rendered":"<p>Le choix de sacs non tiss\u00e9s pour des projets de bricolage peut \u00eatre une exp\u00e9rience transformatrice, permettant aux individus de lib\u00e9rer leur cr\u00e9ativit\u00e9 tout en contribuant \u00e0 un mode de vie satisfaisant.<\/p>\n<p>Lorsque l'on se lance dans des projets de bricolage, le choix des mat\u00e9riaux est crucial, et les sacs non tiss\u00e9s constituent une option polyvalente et respectueuse de l'environnement. Qu'il s'agisse de sacs fourre-tout, de pochettes ou d'objets d\u00e9coratifs, les sacs non tiss\u00e9s constituent une base solide, facile \u00e0 travailler et \u00e0 personnaliser.<\/p>\n<p>R\u00e9fl\u00e9chissez \u00e0 la taille et au style de sacs non tiss\u00e9s qui conviennent le mieux \u00e0 votre projet de bricolage. Les sacs fourre-tout sont id\u00e9aux pour les grandes cr\u00e9ations telles que les sacs \u00e0 provisions ou les sacs de plage, tandis que les sacs plus petits, comme les pochettes \u00e0 cordon, sont parfaits pour organiser des bijoux ou emballer des cadeaux. Choisissez des sacs non tiss\u00e9s de diff\u00e9rentes couleurs pour ajouter un int\u00e9r\u00eat visuel et compl\u00e9ter votre vision esth\u00e9tique.<\/p>\n<p>Un autre avantage de l'utilisation de sacs non tiss\u00e9s pour les projets de bricolage est leur prix abordable et leur accessibilit\u00e9. Disponibles en grandes quantit\u00e9s \u00e0 des prix abordables, les sacs non tiss\u00e9s constituent une solution rentable pour les bricoleurs de tous niveaux. Que vous soyez un bricoleur chevronn\u00e9 ou un novice, les sacs non tiss\u00e9s offrent des possibilit\u00e9s infinies d'expression cr\u00e9ative.<\/p>\n<p>En outre, les sacs en non-tiss\u00e9 peuvent \u00eatre facilement personnalis\u00e9s et embellis pour refl\u00e9ter votre style et votre personnalit\u00e9 uniques. Exp\u00e9rimentez les peintures pour tissu, les patchs thermocollants ou la broderie pour ajouter des motifs et des embellissements personnalis\u00e9s \u00e0 vos cr\u00e9ations. Avec les sacs non tiss\u00e9s comme toile, la seule limite est votre imagination.<\/p>\n<p>Le choix de sacs non tiss\u00e9s pour des projets de bricolage vous permet non seulement d'exprimer votre cr\u00e9ativit\u00e9, mais aussi de promouvoir la durabilit\u00e9 et la responsabilit\u00e9 environnementale. En r\u00e9utilisant et en recyclant les sacs non tiss\u00e9s, vous contribuez \u00e0 r\u00e9duire les d\u00e9chets et \u00e0 minimiser votre empreinte \u00e9cologique, cr\u00e9ant ainsi un mode de vie plus durable et plus conscient.<\/p>\n<p><strong>Notre service :<\/strong><br \/>\n<strong>-Conception et \u00e9chantillons gratuits.<\/strong><br \/>\n<strong>-Cycle de production court.<\/strong><br \/>\n<strong>-Selon les clients, toute demande de co\u00fbt.<\/strong><br \/>\n<strong>- Nos sacs sont tr\u00e8s solides et r\u00e9sistants aux chocs.<\/strong><br \/>\n<strong>-Qualit\u00e9 \u00e9lev\u00e9e et prix bas\/QM.<\/strong><\/p>\n<p>&nbsp;<\/p>\n<p><img fetchpriority=\"high\" decoding=\"async\" class=\"alignnone size-medium wp-image-3349\" src=\"http:\/\/pinyueppwovenbag.com\/wp-content\/uploads\/2024\/04\/\u5171\u7528\u56fe2-300x300.jpg\" alt=\"\" width=\"300\" height=\"300\" srcset=\"https:\/\/pinyueppwovenbag.com\/wp-content\/uploads\/2024\/04\/\u5171\u7528\u56fe2-300x300.jpg 300w, https:\/\/pinyueppwovenbag.com\/wp-content\/uploads\/2024\/04\/\u5171\u7528\u56fe2-150x150.jpg 150w, https:\/\/pinyueppwovenbag.com\/wp-content\/uploads\/2024\/04\/\u5171\u7528\u56fe2-12x12.jpg 12w, https:\/\/pinyueppwovenbag.com\/wp-content\/uploads\/2024\/04\/\u5171\u7528\u56fe2-600x600.jpg 600w, https:\/\/pinyueppwovenbag.com\/wp-content\/uploads\/2024\/04\/\u5171\u7528\u56fe2-100x100.jpg 100w, https:\/\/pinyueppwovenbag.com\/wp-content\/uploads\/2024\/04\/\u5171\u7528\u56fe2.jpg 668w\" sizes=\"(max-width: 300px) 100vw, 300px\" \/><\/p>\n<p><img decoding=\"async\" class=\"alignnone size-medium wp-image-3380\" src=\"http:\/\/pinyueppwovenbag.com\/wp-content\/uploads\/2024\/05\/2-1-300x300.jpg\" alt=\"\" width=\"300\" height=\"300\" srcset=\"https:\/\/pinyueppwovenbag.com\/wp-content\/uploads\/2024\/05\/2-1-300x300.jpg 300w, https:\/\/pinyueppwovenbag.com\/wp-content\/uploads\/2024\/05\/2-1-150x150.jpg 150w, https:\/\/pinyueppwovenbag.com\/wp-content\/uploads\/2024\/05\/2-1-12x12.jpg 12w, https:\/\/pinyueppwovenbag.com\/wp-content\/uploads\/2024\/05\/2-1-600x600.jpg 600w, https:\/\/pinyueppwovenbag.com\/wp-content\/uploads\/2024\/05\/2-1-100x100.jpg 100w, https:\/\/pinyueppwovenbag.com\/wp-content\/uploads\/2024\/05\/2-1.jpg 640w\" sizes=\"(max-width: 300px) 100vw, 300px\" \/><\/p>","protected":false},"excerpt":{"rendered":"<p>Selecting non-woven bags for DIY projects can be a transformative experience, enabling individuals to unleash their creativity while contributing to a fulfilling lifestyle. When embarking on DIY projects, the choice of materials is crucial, and non-woven bags offer a versatile and eco-friendly option. Whether you&#8217;re crafting tote bags, pouches, or decorative items, non-woven bags provide [&hellip;]<\/p>","protected":false},"featured_media":3395,"comment_status":"open","ping_status":"closed","template":"","meta":{"om_disable_all_campaigns":false,"_monsterinsights_skip_tracking":false,"_monsterinsights_sitenote_active":false,"_monsterinsights_sitenote_note":"","_monsterinsights_sitenote_category":0,"_uf_show_specific_survey":0,"_uf_disable_surveys":false},"product_cat":[55],"product_tag":[],"class_list":{"0":"post-3394","1":"product","2":"type-product","3":"status-publish","4":"has-post-thumbnail","6":"product_cat-non-woven-bags","8":"first","9":"instock","10":"shipping-taxable","11":"product-type-simple"},"yoast_head":"<!-- This site is optimized with the Yoast SEO plugin v23.2 - https:\/\/yoast.com\/wordpress\/plugins\/seo\/ -->\n<title>Choosing Non-Woven Bags for DIY Create a great life - Shenzhen PinYue Technology Co., Ltd.<\/title>\n<meta name=\"description\" content=\"Selecting non-woven bags for DIY projects can be a transformative experience, enabling individuals to unleash their creativity.\" \/>\n<meta name=\"robots\" content=\"index, follow, max-snippet:-1, max-image-preview:large, max-video-preview:-1\" \/>\n<link rel=\"canonical\" href=\"https:\/\/pinyueppwovenbag.com\/fr\/produit\/choosing-non-woven-bags-for-diy-create-a-great-life\/\" \/>\n<meta property=\"og:locale\" content=\"fr_FR\" \/>\n<meta property=\"og:type\" content=\"article\" \/>\n<meta property=\"og:title\" content=\"Choosing Non-Woven Bags for DIY Create a great life - Shenzhen PinYue Technology Co., Ltd.\" \/>\n<meta property=\"og:description\" content=\"Selecting non-woven bags for DIY projects can be a transformative experience, enabling individuals to unleash their creativity.\" \/>\n<meta property=\"og:url\" content=\"https:\/\/pinyueppwovenbag.com\/fr\/produit\/choosing-non-woven-bags-for-diy-create-a-great-life\/\" \/>\n<meta property=\"og:site_name\" content=\"Shenzhen PinYue Technology Co., Ltd.\" \/>\n<meta property=\"article:modified_time\" content=\"2024-08-24T06:37:52+00:00\" \/>\n<meta property=\"og:image\" content=\"https:\/\/pinyueppwovenbag.com\/wp-content\/uploads\/2024\/05\/Non-Woven-Bags5-24-6.jpg\" \/>\n\t<meta property=\"og:image:width\" content=\"640\" \/>\n\t<meta property=\"og:image:height\" content=\"640\" \/>\n\t<meta property=\"og:image:type\" content=\"image\/jpeg\" \/>\n<meta name=\"twitter:card\" content=\"summary_large_image\" \/>\n<meta name=\"twitter:site\" content=\"@pinyuepacking\" \/>\n<meta name=\"twitter:label1\" content=\"Dur\u00e9e de lecture estim\u00e9e\" \/>\n\t<meta name=\"twitter:data1\" content=\"3 minutes\" \/>\n<script type=\"application\/ld+json\" class=\"yoast-schema-graph\">{\"@context\":\"https:\/\/schema.org\",\"@graph\":[{\"@type\":\"WebPage\",\"@id\":\"https:\/\/pinyueppwovenbag.com\/th\/product\/choosing-non-woven-bags-for-diy-create-a-great-life\/\",\"url\":\"https:\/\/pinyueppwovenbag.com\/th\/product\/choosing-non-woven-bags-for-diy-create-a-great-life\/\",\"name\":\"Choosing Non-Woven Bags for DIY Create a great life - Shenzhen PinYue Technology Co., Ltd.\",\"isPartOf\":{\"@id\":\"https:\/\/www.pinyueppwovenbag.com\/#website\"},\"primaryImageOfPage\":{\"@id\":\"https:\/\/pinyueppwovenbag.com\/th\/product\/choosing-non-woven-bags-for-diy-create-a-great-life\/#primaryimage\"},\"image\":{\"@id\":\"https:\/\/pinyueppwovenbag.com\/th\/product\/choosing-non-woven-bags-for-diy-create-a-great-life\/#primaryimage\"},\"thumbnailUrl\":\"https:\/\/pinyueppwovenbag.com\/wp-content\/uploads\/2024\/05\/Non-Woven-Bags5-24-6.jpg\",\"datePublished\":\"2024-05-24T09:02:58+00:00\",\"dateModified\":\"2024-08-24T06:37:52+00:00\",\"description\":\"Selecting non-woven bags for DIY projects can be a transformative experience, enabling individuals to unleash their creativity.\",\"breadcrumb\":{\"@id\":\"https:\/\/pinyueppwovenbag.com\/th\/product\/choosing-non-woven-bags-for-diy-create-a-great-life\/#breadcrumb\"},\"inLanguage\":\"fr-FR\",\"potentialAction\":[{\"@type\":\"ReadAction\",\"target\":[\"https:\/\/pinyueppwovenbag.com\/th\/product\/choosing-non-woven-bags-for-diy-create-a-great-life\/\"]}]},{\"@type\":\"ImageObject\",\"inLanguage\":\"fr-FR\",\"@id\":\"https:\/\/pinyueppwovenbag.com\/th\/product\/choosing-non-woven-bags-for-diy-create-a-great-life\/#primaryimage\",\"url\":\"https:\/\/pinyueppwovenbag.com\/wp-content\/uploads\/2024\/05\/Non-Woven-Bags5-24-6.jpg\",\"contentUrl\":\"https:\/\/pinyueppwovenbag.com\/wp-content\/uploads\/2024\/05\/Non-Woven-Bags5-24-6.jpg\",\"width\":640,\"height\":640},{\"@type\":\"BreadcrumbList\",\"@id\":\"https:\/\/pinyueppwovenbag.com\/th\/product\/choosing-non-woven-bags-for-diy-create-a-great-life\/#breadcrumb\",\"itemListElement\":[{\"@type\":\"ListItem\",\"position\":1,\"name\":\"\u9996\u9875\",\"item\":\"https:\/\/pinyueppwovenbag.com\/\"},{\"@type\":\"ListItem\",\"position\":2,\"name\":\"Products\",\"item\":\"https:\/\/pinyueppwovenbag.com\/products\/\"},{\"@type\":\"ListItem\",\"position\":3,\"name\":\"Choosing Non-Woven Bags for DIY Create a great life\"}]},{\"@type\":\"WebSite\",\"@id\":\"https:\/\/www.pinyueppwovenbag.com\/#website\",\"url\":\"https:\/\/www.pinyueppwovenbag.com\/\",\"name\":\"Shenzhen PinYue Technology Co., Ltd.\",\"description\":\"\",\"publisher\":{\"@id\":\"https:\/\/www.pinyueppwovenbag.com\/#organization\"},\"potentialAction\":[{\"@type\":\"SearchAction\",\"target\":{\"@type\":\"EntryPoint\",\"urlTemplate\":\"https:\/\/www.pinyueppwovenbag.com\/?s={search_term_string}\"},\"query-input\":\"required name=search_term_string\"}],\"inLanguage\":\"fr-FR\"},{\"@type\":\"Organization\",\"@id\":\"https:\/\/www.pinyueppwovenbag.com\/#organization\",\"name\":\"Shenzhen PinYue Technology Co., Ltd.\",\"url\":\"https:\/\/www.pinyueppwovenbag.com\/\",\"logo\":{\"@type\":\"ImageObject\",\"inLanguage\":\"fr-FR\",\"@id\":\"https:\/\/www.pinyueppwovenbag.com\/#\/schema\/logo\/image\/\",\"url\":\"http:\/\/pinyueppwovenbag.com\/wp-content\/uploads\/2018\/07\/8171101867b458fbb8ba537ab1003d4.png\",\"contentUrl\":\"http:\/\/pinyueppwovenbag.com\/wp-content\/uploads\/2018\/07\/8171101867b458fbb8ba537ab1003d4.png\",\"width\":569,\"height\":533,\"caption\":\"Shenzhen PinYue Technology Co., Ltd.\"},\"image\":{\"@id\":\"https:\/\/www.pinyueppwovenbag.com\/#\/schema\/logo\/image\/\"},\"sameAs\":[\"https:\/\/x.com\/pinyuepacking\",\"https:\/\/www.youtube.com\/@pinyueppbag\"]}]}<\/script>\n<!-- \/ Yoast SEO plugin. -->","yoast_head_json":{"title":"Choosing Non-Woven Bags for DIY Create a great life - Shenzhen PinYue Technology Co., Ltd.","description":"Selecting non-woven bags for DIY projects can be a transformative experience, enabling individuals to unleash their creativity.","robots":{"index":"index","follow":"follow","max-snippet":"max-snippet:-1","max-image-preview":"max-image-preview:large","max-video-preview":"max-video-preview:-1"},"canonical":"https:\/\/pinyueppwovenbag.com\/fr\/produit\/choosing-non-woven-bags-for-diy-create-a-great-life\/","og_locale":"fr_FR","og_type":"article","og_title":"Choosing Non-Woven Bags for DIY Create a great life - Shenzhen PinYue Technology Co., Ltd.","og_description":"Selecting non-woven bags for DIY projects can be a transformative experience, enabling individuals to unleash their creativity.","og_url":"https:\/\/pinyueppwovenbag.com\/fr\/produit\/choosing-non-woven-bags-for-diy-create-a-great-life\/","og_site_name":"Shenzhen PinYue Technology Co., Ltd.","article_modified_time":"2024-08-24T06:37:52+00:00","og_image":[{"width":640,"height":640,"url":"https:\/\/pinyueppwovenbag.com\/wp-content\/uploads\/2024\/05\/Non-Woven-Bags5-24-6.jpg","type":"image\/jpeg"}],"twitter_card":"summary_large_image","twitter_site":"@pinyuepacking","twitter_misc":{"Dur\u00e9e de lecture estim\u00e9e":"3 minutes"},"schema":{"@context":"https:\/\/schema.org","@graph":[{"@type":"WebPage","@id":"https:\/\/pinyueppwovenbag.com\/th\/product\/choosing-non-woven-bags-for-diy-create-a-great-life\/","url":"https:\/\/pinyueppwovenbag.com\/th\/product\/choosing-non-woven-bags-for-diy-create-a-great-life\/","name":"Choosing Non-Woven Bags for DIY Create a great life - Shenzhen PinYue Technology Co., Ltd.","isPartOf":{"@id":"https:\/\/www.pinyueppwovenbag.com\/#website"},"primaryImageOfPage":{"@id":"https:\/\/pinyueppwovenbag.com\/th\/product\/choosing-non-woven-bags-for-diy-create-a-great-life\/#primaryimage"},"image":{"@id":"https:\/\/pinyueppwovenbag.com\/th\/product\/choosing-non-woven-bags-for-diy-create-a-great-life\/#primaryimage"},"thumbnailUrl":"https:\/\/pinyueppwovenbag.com\/wp-content\/uploads\/2024\/05\/Non-Woven-Bags5-24-6.jpg","datePublished":"2024-05-24T09:02:58+00:00","dateModified":"2024-08-24T06:37:52+00:00","description":"Selecting non-woven bags for DIY projects can be a transformative experience, enabling individuals to unleash their creativity.","breadcrumb":{"@id":"https:\/\/pinyueppwovenbag.com\/th\/product\/choosing-non-woven-bags-for-diy-create-a-great-life\/#breadcrumb"},"inLanguage":"fr-FR","potentialAction":[{"@type":"ReadAction","target":["https:\/\/pinyueppwovenbag.com\/th\/product\/choosing-non-woven-bags-for-diy-create-a-great-life\/"]}]},{"@type":"ImageObject","inLanguage":"fr-FR","@id":"https:\/\/pinyueppwovenbag.com\/th\/product\/choosing-non-woven-bags-for-diy-create-a-great-life\/#primaryimage","url":"https:\/\/pinyueppwovenbag.com\/wp-content\/uploads\/2024\/05\/Non-Woven-Bags5-24-6.jpg","contentUrl":"https:\/\/pinyueppwovenbag.com\/wp-content\/uploads\/2024\/05\/Non-Woven-Bags5-24-6.jpg","width":640,"height":640},{"@type":"BreadcrumbList","@id":"https:\/\/pinyueppwovenbag.com\/th\/product\/choosing-non-woven-bags-for-diy-create-a-great-life\/#breadcrumb","itemListElement":[{"@type":"ListItem","position":1,"name":"\u9996\u9875","item":"https:\/\/pinyueppwovenbag.com\/"},{"@type":"ListItem","position":2,"name":"Products","item":"https:\/\/pinyueppwovenbag.com\/products\/"},{"@type":"ListItem","position":3,"name":"Choosing Non-Woven Bags for DIY Create a great life"}]},{"@type":"WebSite","@id":"https:\/\/www.pinyueppwovenbag.com\/#website","url":"https:\/\/www.pinyueppwovenbag.com\/","name":"Shenzhen PinYue Technology Co., Ltd.","description":"","publisher":{"@id":"https:\/\/www.pinyueppwovenbag.com\/#organization"},"potentialAction":[{"@type":"SearchAction","target":{"@type":"EntryPoint","urlTemplate":"https:\/\/www.pinyueppwovenbag.com\/?s={search_term_string}"},"query-input":"required name=search_term_string"}],"inLanguage":"fr-FR"},{"@type":"Organization","@id":"https:\/\/www.pinyueppwovenbag.com\/#organization","name":"Shenzhen PinYue Technology Co., Ltd.","url":"https:\/\/www.pinyueppwovenbag.com\/","logo":{"@type":"ImageObject","inLanguage":"fr-FR","@id":"https:\/\/www.pinyueppwovenbag.com\/#\/schema\/logo\/image\/","url":"http:\/\/pinyueppwovenbag.com\/wp-content\/uploads\/2018\/07\/8171101867b458fbb8ba537ab1003d4.png","contentUrl":"http:\/\/pinyueppwovenbag.com\/wp-content\/uploads\/2018\/07\/8171101867b458fbb8ba537ab1003d4.png","width":569,"height":533,"caption":"Shenzhen PinYue Technology Co., Ltd."},"image":{"@id":"https:\/\/www.pinyueppwovenbag.com\/#\/schema\/logo\/image\/"},"sameAs":["https:\/\/x.com\/pinyuepacking","https:\/\/www.youtube.com\/@pinyueppbag"]}]}},"_links":{"self":[{"href":"https:\/\/pinyueppwovenbag.com\/fr\/wp-json\/wp\/v2\/product\/3394","targetHints":{"allow":["GET"]}}],"collection":[{"href":"https:\/\/pinyueppwovenbag.com\/fr\/wp-json\/wp\/v2\/product"}],"about":[{"href":"https:\/\/pinyueppwovenbag.com\/fr\/wp-json\/wp\/v2\/types\/product"}],"replies":[{"embeddable":true,"href":"https:\/\/pinyueppwovenbag.com\/fr\/wp-json\/wp\/v2\/comments?post=3394"}],"wp:featuredmedia":[{"embeddable":true,"href":"https:\/\/pinyueppwovenbag.com\/fr\/wp-json\/wp\/v2\/media\/3395"}],"wp:attachment":[{"href":"https:\/\/pinyueppwovenbag.com\/fr\/wp-json\/wp\/v2\/media?parent=3394"}],"wp:term":[{"taxonomy":"product_cat","embeddable":true,"href":"https:\/\/pinyueppwovenbag.com\/fr\/wp-json\/wp\/v2\/product_cat?post=3394"},{"taxonomy":"product_tag","embeddable":true,"href":"https:\/\/pinyueppwovenbag.com\/fr\/wp-json\/wp\/v2\/product_tag?post=3394"}],"curies":[{"name":"wp","href":"https:\/\/api.w.org\/{rel}","templated":true}]}}