{"id":3392,"date":"2024-05-24T16:56:07","date_gmt":"2024-05-24T08:56:07","guid":{"rendered":"http:\/\/pinyueppwovenbag.com\/?post_type=product&#038;p=3392"},"modified":"2024-08-24T14:35:01","modified_gmt":"2024-08-24T06:35:01","slug":"non-woven-bags-innovations-in-great-fashion-life","status":"publish","type":"product","link":"https:\/\/pinyueppwovenbag.com\/fr\/product\/non-woven-bags-innovations-in-great-fashion-life\/","title":{"rendered":"Sacs non tiss\u00e9s Innovations dans le domaine de la mode"},"content":{"rendered":"<p>L'industrie de la mode est t\u00e9moin d'innovations passionnantes avec l'int\u00e9gration de sacs non tiss\u00e9s dans le paysage de la cr\u00e9ation.<\/p>\n<p>Les sacs en non-tiss\u00e9 sont devenus une toile pour la cr\u00e9ativit\u00e9, offrant aux designers des possibilit\u00e9s infinies de cr\u00e9ations uniques et innovantes. Qu'il s'agisse de sacs fourre-tout chics ou de sacs \u00e0 bandouli\u00e8re tendance, les personnes \u00e0 la pointe de la mode adoptent les sacs non tiss\u00e9s comme des accessoires polyvalents qui compl\u00e8tent n'importe quelle tenue.<\/p>\n<p>L'un des principaux avantages des sacs non tiss\u00e9s dans le domaine de la mode est leur caract\u00e8re \u00e9cologique. Les consommateurs sont de plus en plus attir\u00e9s par les choix de mode durable, et les sacs non tiss\u00e9s s'inscrivent parfaitement dans cette tendance. Fabriqu\u00e9s \u00e0 partir de mat\u00e9riaux recycl\u00e9s et de tissus biod\u00e9gradables, les sacs non tiss\u00e9s constituent une option sans culpabilit\u00e9 pour ceux qui recherchent des alternatives de mode respectueuses de l'environnement.<\/p>\n<p>En outre, les sacs en non-tiss\u00e9 offrent aux amateurs de mode une combinaison de style et de fonctionnalit\u00e9. Avec des caract\u00e9ristiques telles que des compartiments spacieux, des fermetures s\u00fbres et des poign\u00e9es durables, les sacs en non-tiss\u00e9 offrent des solutions pratiques pour transporter les objets essentiels de tous les jours tout en faisant une d\u00e9claration de mode.<\/p>\n<p>La polyvalence des sacs non tiss\u00e9s va au-del\u00e0 de leur conception et de leur fonctionnalit\u00e9. Ils servent de plateforme pour la promotion de la marque et la narration d'histoires, permettant aux marques de mode de mettre en avant leurs valeurs et leur \u00e9thique. Les sacs en non-tiss\u00e9 personnalis\u00e9s avec les logos et les slogans de la marque deviennent de puissants outils de marketing qui trouvent un \u00e9cho aupr\u00e8s des consommateurs.<\/p>\n<p>Les innovations dans le domaine de la technologie des sacs non tiss\u00e9s ont \u00e9galement permis d'am\u00e9liorer la qualit\u00e9 et les performances des mat\u00e9riaux. Les tissus de haute technologie dot\u00e9s de propri\u00e9t\u00e9s hydrofuges et antimicrobiennes garantissent que les sacs non tiss\u00e9s ne sont pas seulement \u00e9l\u00e9gants, mais qu'ils r\u00e9pondent \u00e9galement aux exigences du mode de vie moderne.<\/p>\n<p>&nbsp;<\/p>\n<p>N'h\u00e9sitez pas \u00e0 nous contacter si vous souhaitez en savoir plus :<a href=\"https:\/\/pinyueppwovenbag.com\/fr\/contact-us\/\">http:\/\/pinyueppwovenbag.com\/contact-us\/<\/a><\/p>\n<p>&nbsp;<\/p>\n<p>Notre service :<br \/>\n-Conception et \u00e9chantillons gratuits.<br \/>\n-Cycle de production court.<br \/>\n-Selon les clients, toute demande de co\u00fbt.<br \/>\n- Nos sacs sont tr\u00e8s solides et r\u00e9sistants aux chocs.<br \/>\n-Qualit\u00e9 \u00e9lev\u00e9e et prix bas\/QM.<\/p>\n<p><img fetchpriority=\"high\" decoding=\"async\" class=\"alignnone size-medium wp-image-3349\" src=\"http:\/\/pinyueppwovenbag.com\/wp-content\/uploads\/2024\/04\/\u5171\u7528\u56fe2-300x300.jpg\" alt=\"\" width=\"300\" height=\"300\" srcset=\"https:\/\/pinyueppwovenbag.com\/wp-content\/uploads\/2024\/04\/\u5171\u7528\u56fe2-300x300.jpg 300w, https:\/\/pinyueppwovenbag.com\/wp-content\/uploads\/2024\/04\/\u5171\u7528\u56fe2-150x150.jpg 150w, https:\/\/pinyueppwovenbag.com\/wp-content\/uploads\/2024\/04\/\u5171\u7528\u56fe2-12x12.jpg 12w, https:\/\/pinyueppwovenbag.com\/wp-content\/uploads\/2024\/04\/\u5171\u7528\u56fe2-600x600.jpg 600w, https:\/\/pinyueppwovenbag.com\/wp-content\/uploads\/2024\/04\/\u5171\u7528\u56fe2-100x100.jpg 100w, https:\/\/pinyueppwovenbag.com\/wp-content\/uploads\/2024\/04\/\u5171\u7528\u56fe2.jpg 668w\" sizes=\"(max-width: 300px) 100vw, 300px\" \/><\/p>\n<p><img decoding=\"async\" class=\"alignnone size-medium wp-image-3380\" src=\"http:\/\/pinyueppwovenbag.com\/wp-content\/uploads\/2024\/05\/2-1-300x300.jpg\" alt=\"\" width=\"300\" height=\"300\" srcset=\"https:\/\/pinyueppwovenbag.com\/wp-content\/uploads\/2024\/05\/2-1-300x300.jpg 300w, https:\/\/pinyueppwovenbag.com\/wp-content\/uploads\/2024\/05\/2-1-150x150.jpg 150w, https:\/\/pinyueppwovenbag.com\/wp-content\/uploads\/2024\/05\/2-1-12x12.jpg 12w, https:\/\/pinyueppwovenbag.com\/wp-content\/uploads\/2024\/05\/2-1-600x600.jpg 600w, https:\/\/pinyueppwovenbag.com\/wp-content\/uploads\/2024\/05\/2-1-100x100.jpg 100w, https:\/\/pinyueppwovenbag.com\/wp-content\/uploads\/2024\/05\/2-1.jpg 640w\" sizes=\"(max-width: 300px) 100vw, 300px\" \/><\/p>","protected":false},"excerpt":{"rendered":"<p>The fashion industry is witnessing exciting innovations with the integration of non-woven bags into the design landscape. Non-woven bags have become a canvas for creativity, offering designers endless possibilities for unique and innovative designs. From chic tote bags to trendy crossbody styles, fashion-forward individuals are embracing non-woven bags as versatile accessories that complement any outfit. [&hellip;]<\/p>","protected":false},"featured_media":3393,"comment_status":"open","ping_status":"closed","template":"","meta":{"om_disable_all_campaigns":false,"_monsterinsights_skip_tracking":false,"_monsterinsights_sitenote_active":false,"_monsterinsights_sitenote_note":"","_monsterinsights_sitenote_category":0,"_uf_show_specific_survey":0,"_uf_disable_surveys":false},"product_cat":[55],"product_tag":[],"class_list":{"0":"post-3392","1":"product","2":"type-product","3":"status-publish","4":"has-post-thumbnail","6":"product_cat-non-woven-bags","8":"first","9":"instock","10":"shipping-taxable","11":"product-type-simple"},"yoast_head":"<!-- This site is optimized with the Yoast SEO plugin v23.2 - https:\/\/yoast.com\/wordpress\/plugins\/seo\/ -->\n<title>Non-Woven Bags Innovations in Great Fashion life - Shenzhen PinYue Technology Co., Ltd.<\/title>\n<meta name=\"description\" content=\"The fashion industry is witnessing exciting innovations with the integration of non-woven bags into the design landscape.\" \/>\n<meta name=\"robots\" content=\"index, follow, max-snippet:-1, max-image-preview:large, max-video-preview:-1\" \/>\n<link rel=\"canonical\" href=\"https:\/\/www.pinyueppwovenbag.com\/product\/non-woven-bags-innovations-in-great-fashion-life\/\" \/>\n<meta property=\"og:locale\" content=\"fr_FR\" \/>\n<meta property=\"og:type\" content=\"article\" \/>\n<meta property=\"og:title\" content=\"Non-Woven Bags Innovations in Great Fashion life - Shenzhen PinYue Technology Co., Ltd.\" \/>\n<meta property=\"og:description\" content=\"The fashion industry is witnessing exciting innovations with the integration of non-woven bags into the design landscape.\" \/>\n<meta property=\"og:url\" content=\"https:\/\/www.pinyueppwovenbag.com\/product\/non-woven-bags-innovations-in-great-fashion-life\/\" \/>\n<meta property=\"og:site_name\" content=\"Shenzhen PinYue Technology Co., Ltd.\" \/>\n<meta property=\"article:modified_time\" content=\"2024-08-24T06:35:01+00:00\" \/>\n<meta property=\"og:image\" content=\"https:\/\/www.pinyueppwovenbag.com\/wp-content\/uploads\/2024\/05\/Non-woven-bags5-24-8.jpg\" \/>\n\t<meta property=\"og:image:width\" content=\"800\" \/>\n\t<meta property=\"og:image:height\" content=\"800\" \/>\n\t<meta property=\"og:image:type\" content=\"image\/jpeg\" \/>\n<meta name=\"twitter:card\" content=\"summary_large_image\" \/>\n<meta name=\"twitter:site\" content=\"@pinyuepacking\" \/>\n<meta name=\"twitter:label1\" content=\"Dur\u00e9e de lecture estim\u00e9e\" \/>\n\t<meta name=\"twitter:data1\" content=\"3 minutes\" \/>\n<script type=\"application\/ld+json\" class=\"yoast-schema-graph\">{\"@context\":\"https:\/\/schema.org\",\"@graph\":[{\"@type\":\"WebPage\",\"@id\":\"https:\/\/www.pinyueppwovenbag.com\/product\/non-woven-bags-innovations-in-great-fashion-life\/\",\"url\":\"https:\/\/www.pinyueppwovenbag.com\/product\/non-woven-bags-innovations-in-great-fashion-life\/\",\"name\":\"Non-Woven Bags Innovations in Great Fashion life - Shenzhen PinYue Technology Co., Ltd.\",\"isPartOf\":{\"@id\":\"https:\/\/www.pinyueppwovenbag.com\/#website\"},\"primaryImageOfPage\":{\"@id\":\"https:\/\/www.pinyueppwovenbag.com\/product\/non-woven-bags-innovations-in-great-fashion-life\/#primaryimage\"},\"image\":{\"@id\":\"https:\/\/www.pinyueppwovenbag.com\/product\/non-woven-bags-innovations-in-great-fashion-life\/#primaryimage\"},\"thumbnailUrl\":\"https:\/\/pinyueppwovenbag.com\/wp-content\/uploads\/2024\/05\/Non-woven-bags5-24-8.jpg\",\"datePublished\":\"2024-05-24T08:56:07+00:00\",\"dateModified\":\"2024-08-24T06:35:01+00:00\",\"description\":\"The fashion industry is witnessing exciting innovations with the integration of non-woven bags into the design landscape.\",\"breadcrumb\":{\"@id\":\"https:\/\/www.pinyueppwovenbag.com\/product\/non-woven-bags-innovations-in-great-fashion-life\/#breadcrumb\"},\"inLanguage\":\"fr-FR\",\"potentialAction\":[{\"@type\":\"ReadAction\",\"target\":[\"https:\/\/www.pinyueppwovenbag.com\/product\/non-woven-bags-innovations-in-great-fashion-life\/\"]}]},{\"@type\":\"ImageObject\",\"inLanguage\":\"fr-FR\",\"@id\":\"https:\/\/www.pinyueppwovenbag.com\/product\/non-woven-bags-innovations-in-great-fashion-life\/#primaryimage\",\"url\":\"https:\/\/pinyueppwovenbag.com\/wp-content\/uploads\/2024\/05\/Non-woven-bags5-24-8.jpg\",\"contentUrl\":\"https:\/\/pinyueppwovenbag.com\/wp-content\/uploads\/2024\/05\/Non-woven-bags5-24-8.jpg\",\"width\":800,\"height\":800},{\"@type\":\"BreadcrumbList\",\"@id\":\"https:\/\/www.pinyueppwovenbag.com\/product\/non-woven-bags-innovations-in-great-fashion-life\/#breadcrumb\",\"itemListElement\":[{\"@type\":\"ListItem\",\"position\":1,\"name\":\"\u9996\u9875\",\"item\":\"https:\/\/pinyueppwovenbag.com\/\"},{\"@type\":\"ListItem\",\"position\":2,\"name\":\"Products\",\"item\":\"https:\/\/pinyueppwovenbag.com\/products\/\"},{\"@type\":\"ListItem\",\"position\":3,\"name\":\"Non-Woven Bags Innovations in Great Fashion life\"}]},{\"@type\":\"WebSite\",\"@id\":\"https:\/\/www.pinyueppwovenbag.com\/#website\",\"url\":\"https:\/\/www.pinyueppwovenbag.com\/\",\"name\":\"Shenzhen PinYue Technology Co., Ltd.\",\"description\":\"\",\"publisher\":{\"@id\":\"https:\/\/www.pinyueppwovenbag.com\/#organization\"},\"potentialAction\":[{\"@type\":\"SearchAction\",\"target\":{\"@type\":\"EntryPoint\",\"urlTemplate\":\"https:\/\/www.pinyueppwovenbag.com\/?s={search_term_string}\"},\"query-input\":\"required name=search_term_string\"}],\"inLanguage\":\"fr-FR\"},{\"@type\":\"Organization\",\"@id\":\"https:\/\/www.pinyueppwovenbag.com\/#organization\",\"name\":\"Shenzhen PinYue Technology Co., Ltd.\",\"url\":\"https:\/\/www.pinyueppwovenbag.com\/\",\"logo\":{\"@type\":\"ImageObject\",\"inLanguage\":\"fr-FR\",\"@id\":\"https:\/\/www.pinyueppwovenbag.com\/#\/schema\/logo\/image\/\",\"url\":\"http:\/\/pinyueppwovenbag.com\/wp-content\/uploads\/2018\/07\/8171101867b458fbb8ba537ab1003d4.png\",\"contentUrl\":\"http:\/\/pinyueppwovenbag.com\/wp-content\/uploads\/2018\/07\/8171101867b458fbb8ba537ab1003d4.png\",\"width\":569,\"height\":533,\"caption\":\"Shenzhen PinYue Technology Co., Ltd.\"},\"image\":{\"@id\":\"https:\/\/www.pinyueppwovenbag.com\/#\/schema\/logo\/image\/\"},\"sameAs\":[\"https:\/\/x.com\/pinyuepacking\",\"https:\/\/www.youtube.com\/@pinyueppbag\"]}]}<\/script>\n<!-- \/ Yoast SEO plugin. -->","yoast_head_json":{"title":"Non-Woven Bags Innovations in Great Fashion life - Shenzhen PinYue Technology Co., Ltd.","description":"The fashion industry is witnessing exciting innovations with the integration of non-woven bags into the design landscape.","robots":{"index":"index","follow":"follow","max-snippet":"max-snippet:-1","max-image-preview":"max-image-preview:large","max-video-preview":"max-video-preview:-1"},"canonical":"https:\/\/www.pinyueppwovenbag.com\/product\/non-woven-bags-innovations-in-great-fashion-life\/","og_locale":"fr_FR","og_type":"article","og_title":"Non-Woven Bags Innovations in Great Fashion life - Shenzhen PinYue Technology Co., Ltd.","og_description":"The fashion industry is witnessing exciting innovations with the integration of non-woven bags into the design landscape.","og_url":"https:\/\/www.pinyueppwovenbag.com\/product\/non-woven-bags-innovations-in-great-fashion-life\/","og_site_name":"Shenzhen PinYue Technology Co., Ltd.","article_modified_time":"2024-08-24T06:35:01+00:00","og_image":[{"width":800,"height":800,"url":"https:\/\/www.pinyueppwovenbag.com\/wp-content\/uploads\/2024\/05\/Non-woven-bags5-24-8.jpg","type":"image\/jpeg"}],"twitter_card":"summary_large_image","twitter_site":"@pinyuepacking","twitter_misc":{"Dur\u00e9e de lecture estim\u00e9e":"3 minutes"},"schema":{"@context":"https:\/\/schema.org","@graph":[{"@type":"WebPage","@id":"https:\/\/www.pinyueppwovenbag.com\/product\/non-woven-bags-innovations-in-great-fashion-life\/","url":"https:\/\/www.pinyueppwovenbag.com\/product\/non-woven-bags-innovations-in-great-fashion-life\/","name":"Non-Woven Bags Innovations in Great Fashion life - Shenzhen PinYue Technology Co., Ltd.","isPartOf":{"@id":"https:\/\/www.pinyueppwovenbag.com\/#website"},"primaryImageOfPage":{"@id":"https:\/\/www.pinyueppwovenbag.com\/product\/non-woven-bags-innovations-in-great-fashion-life\/#primaryimage"},"image":{"@id":"https:\/\/www.pinyueppwovenbag.com\/product\/non-woven-bags-innovations-in-great-fashion-life\/#primaryimage"},"thumbnailUrl":"https:\/\/pinyueppwovenbag.com\/wp-content\/uploads\/2024\/05\/Non-woven-bags5-24-8.jpg","datePublished":"2024-05-24T08:56:07+00:00","dateModified":"2024-08-24T06:35:01+00:00","description":"The fashion industry is witnessing exciting innovations with the integration of non-woven bags into the design landscape.","breadcrumb":{"@id":"https:\/\/www.pinyueppwovenbag.com\/product\/non-woven-bags-innovations-in-great-fashion-life\/#breadcrumb"},"inLanguage":"fr-FR","potentialAction":[{"@type":"ReadAction","target":["https:\/\/www.pinyueppwovenbag.com\/product\/non-woven-bags-innovations-in-great-fashion-life\/"]}]},{"@type":"ImageObject","inLanguage":"fr-FR","@id":"https:\/\/www.pinyueppwovenbag.com\/product\/non-woven-bags-innovations-in-great-fashion-life\/#primaryimage","url":"https:\/\/pinyueppwovenbag.com\/wp-content\/uploads\/2024\/05\/Non-woven-bags5-24-8.jpg","contentUrl":"https:\/\/pinyueppwovenbag.com\/wp-content\/uploads\/2024\/05\/Non-woven-bags5-24-8.jpg","width":800,"height":800},{"@type":"BreadcrumbList","@id":"https:\/\/www.pinyueppwovenbag.com\/product\/non-woven-bags-innovations-in-great-fashion-life\/#breadcrumb","itemListElement":[{"@type":"ListItem","position":1,"name":"\u9996\u9875","item":"https:\/\/pinyueppwovenbag.com\/"},{"@type":"ListItem","position":2,"name":"Products","item":"https:\/\/pinyueppwovenbag.com\/products\/"},{"@type":"ListItem","position":3,"name":"Non-Woven Bags Innovations in Great Fashion life"}]},{"@type":"WebSite","@id":"https:\/\/www.pinyueppwovenbag.com\/#website","url":"https:\/\/www.pinyueppwovenbag.com\/","name":"Shenzhen PinYue Technology Co., Ltd.","description":"","publisher":{"@id":"https:\/\/www.pinyueppwovenbag.com\/#organization"},"potentialAction":[{"@type":"SearchAction","target":{"@type":"EntryPoint","urlTemplate":"https:\/\/www.pinyueppwovenbag.com\/?s={search_term_string}"},"query-input":"required name=search_term_string"}],"inLanguage":"fr-FR"},{"@type":"Organization","@id":"https:\/\/www.pinyueppwovenbag.com\/#organization","name":"Shenzhen PinYue Technology Co., Ltd.","url":"https:\/\/www.pinyueppwovenbag.com\/","logo":{"@type":"ImageObject","inLanguage":"fr-FR","@id":"https:\/\/www.pinyueppwovenbag.com\/#\/schema\/logo\/image\/","url":"http:\/\/pinyueppwovenbag.com\/wp-content\/uploads\/2018\/07\/8171101867b458fbb8ba537ab1003d4.png","contentUrl":"http:\/\/pinyueppwovenbag.com\/wp-content\/uploads\/2018\/07\/8171101867b458fbb8ba537ab1003d4.png","width":569,"height":533,"caption":"Shenzhen PinYue Technology Co., Ltd."},"image":{"@id":"https:\/\/www.pinyueppwovenbag.com\/#\/schema\/logo\/image\/"},"sameAs":["https:\/\/x.com\/pinyuepacking","https:\/\/www.youtube.com\/@pinyueppbag"]}]}},"_links":{"self":[{"href":"https:\/\/pinyueppwovenbag.com\/fr\/wp-json\/wp\/v2\/product\/3392","targetHints":{"allow":["GET"]}}],"collection":[{"href":"https:\/\/pinyueppwovenbag.com\/fr\/wp-json\/wp\/v2\/product"}],"about":[{"href":"https:\/\/pinyueppwovenbag.com\/fr\/wp-json\/wp\/v2\/types\/product"}],"replies":[{"embeddable":true,"href":"https:\/\/pinyueppwovenbag.com\/fr\/wp-json\/wp\/v2\/comments?post=3392"}],"wp:featuredmedia":[{"embeddable":true,"href":"https:\/\/pinyueppwovenbag.com\/fr\/wp-json\/wp\/v2\/media\/3393"}],"wp:attachment":[{"href":"https:\/\/pinyueppwovenbag.com\/fr\/wp-json\/wp\/v2\/media?parent=3392"}],"wp:term":[{"taxonomy":"product_cat","embeddable":true,"href":"https:\/\/pinyueppwovenbag.com\/fr\/wp-json\/wp\/v2\/product_cat?post=3392"},{"taxonomy":"product_tag","embeddable":true,"href":"https:\/\/pinyueppwovenbag.com\/fr\/wp-json\/wp\/v2\/product_tag?post=3392"}],"curies":[{"name":"wp","href":"https:\/\/api.w.org\/{rel}","templated":true}]}}