{"id":2975,"date":"2024-04-16T15:28:13","date_gmt":"2024-04-16T07:28:13","guid":{"rendered":"http:\/\/pinyueppwovenbag.com\/?post_type=product&#038;p=2975"},"modified":"2024-04-16T15:37:13","modified_gmt":"2024-04-16T07:37:13","slug":"premium-food-packaging-bags-safe-durable-customizable","status":"publish","type":"product","link":"https:\/\/pinyueppwovenbag.com\/fr\/product\/premium-food-packaging-bags-safe-durable-customizable\/","title":{"rendered":"Sacs d'emballage alimentaire de qualit\u00e9 sup\u00e9rieure : S\u00fbrs, durables et personnalisables"},"content":{"rendered":"<p>Am\u00e9liorez vos solutions de stockage des aliments gr\u00e2ce \u00e0 nos sacs d'emballage alimentaire de qualit\u00e9 sup\u00e9rieure.<\/p>\n<p>Con\u00e7us pour pr\u00e9server la fra\u00eecheur, am\u00e9liorer la dur\u00e9e de conservation et maintenir l'int\u00e9grit\u00e9 de vos produits, ces sacs sont parfaits pour une vari\u00e9t\u00e9 de produits alimentaires, y compris les snacks, les c\u00e9r\u00e9ales, le caf\u00e9 et plus encore.<\/p>\n<p>Fabriqu\u00e9s \u00e0 partir de mat\u00e9riaux alimentaires, nos sacs d'emballage garantissent la s\u00e9curit\u00e9 et le respect de toutes les normes r\u00e9glementaires. Disponibles en plusieurs tailles et styles, ils peuvent \u00eatre personnalis\u00e9s avec votre marque pour am\u00e9liorer la visibilit\u00e9 de votre produit.<br \/>\nId\u00e9aux pour les entreprises qui cherchent \u00e0 se d\u00e9marquer sur un march\u00e9 encombr\u00e9, nos sacs d'emballage alimentaire sont \u00e0 la fois fonctionnels et esth\u00e9tiques.<\/p>\n<p>Commandez d\u00e8s maintenant pour b\u00e9n\u00e9ficier de nos remises en gros et de nos options \u00e9cologiques, afin que votre choix d'emballage soit aussi durable qu'efficace.<\/p>\n<p>N'h\u00e9sitez pas \u00e0 nous contacter pour en savoir plus si vous souhaitez personnaliser vos sacs d'emballage.<\/p>","protected":false},"excerpt":{"rendered":"<p>Upgrade your food storage solutions with our top-quality food packaging bags. Designed to preserve freshness, enhance shelf life, and maintain the integrity of your products, these bags are perfect for a variety of food items including snacks, grains, coffee, and more. Crafted from food-safe materials, our packaging bags ensure safety and compliance with all regulatory [&hellip;]<\/p>","protected":false},"featured_media":2976,"comment_status":"open","ping_status":"closed","template":"","meta":{"om_disable_all_campaigns":false,"_monsterinsights_skip_tracking":false,"_monsterinsights_sitenote_active":false,"_monsterinsights_sitenote_note":"","_monsterinsights_sitenote_category":0,"_uf_show_specific_survey":0,"_uf_disable_surveys":false},"product_cat":[54],"product_tag":[],"class_list":{"0":"post-2975","1":"product","2":"type-product","3":"status-publish","4":"has-post-thumbnail","6":"product_cat-pe-plastic-bag","8":"first","9":"instock","10":"shipping-taxable","11":"product-type-simple"},"yoast_head":"<!-- This site is optimized with the Yoast SEO plugin v23.2 - https:\/\/yoast.com\/wordpress\/plugins\/seo\/ -->\n<title>Premium Food Packaging Bags: Safe, Durable &amp; Customizable - Shenzhen PinYue Technology Co., Ltd.<\/title>\n<meta name=\"robots\" content=\"index, follow, max-snippet:-1, max-image-preview:large, max-video-preview:-1\" \/>\n<link rel=\"canonical\" href=\"https:\/\/www.pinyueppwovenbag.com\/bn\/product\/premium-food-packaging-bags-safe-durable-customizable\/\" \/>\n<meta property=\"og:locale\" content=\"fr_FR\" \/>\n<meta property=\"og:type\" content=\"article\" \/>\n<meta property=\"og:title\" content=\"Premium Food Packaging Bags: Safe, Durable &amp; Customizable - Shenzhen PinYue Technology Co., Ltd.\" \/>\n<meta property=\"og:description\" content=\"Upgrade your food storage solutions with our top-quality food packaging bags. Designed to preserve freshness, enhance shelf life, and maintain the integrity of your products, these bags are perfect for a variety of food items including snacks, grains, coffee, and more. Crafted from food-safe materials, our packaging bags ensure safety and compliance with all regulatory [&hellip;]\" \/>\n<meta property=\"og:url\" content=\"https:\/\/www.pinyueppwovenbag.com\/bn\/product\/premium-food-packaging-bags-safe-durable-customizable\/\" \/>\n<meta property=\"og:site_name\" content=\"Shenzhen PinYue Technology Co., Ltd.\" \/>\n<meta property=\"article:modified_time\" content=\"2024-04-16T07:37:13+00:00\" \/>\n<meta property=\"og:image\" content=\"https:\/\/www.pinyueppwovenbag.com\/wp-content\/uploads\/2024\/04\/O1CN01iCe3wL1wxLN3EaanT_2080296374-0-cib.jpg\" \/>\n\t<meta property=\"og:image:width\" content=\"800\" \/>\n\t<meta property=\"og:image:height\" content=\"800\" \/>\n\t<meta property=\"og:image:type\" content=\"image\/jpeg\" \/>\n<meta name=\"twitter:card\" content=\"summary_large_image\" \/>\n<meta name=\"twitter:site\" content=\"@pinyuepacking\" \/>\n<meta name=\"twitter:label1\" content=\"Dur\u00e9e de lecture estim\u00e9e\" \/>\n\t<meta name=\"twitter:data1\" content=\"1 minute\" \/>\n<script type=\"application\/ld+json\" class=\"yoast-schema-graph\">{\"@context\":\"https:\/\/schema.org\",\"@graph\":[{\"@type\":\"WebPage\",\"@id\":\"https:\/\/www.pinyueppwovenbag.com\/bn\/product\/premium-food-packaging-bags-safe-durable-customizable\/\",\"url\":\"https:\/\/www.pinyueppwovenbag.com\/bn\/product\/premium-food-packaging-bags-safe-durable-customizable\/\",\"name\":\"Premium Food Packaging Bags: Safe, Durable & Customizable - Shenzhen PinYue Technology Co., Ltd.\",\"isPartOf\":{\"@id\":\"https:\/\/www.pinyueppwovenbag.com\/#website\"},\"primaryImageOfPage\":{\"@id\":\"https:\/\/www.pinyueppwovenbag.com\/bn\/product\/premium-food-packaging-bags-safe-durable-customizable\/#primaryimage\"},\"image\":{\"@id\":\"https:\/\/www.pinyueppwovenbag.com\/bn\/product\/premium-food-packaging-bags-safe-durable-customizable\/#primaryimage\"},\"thumbnailUrl\":\"https:\/\/pinyueppwovenbag.com\/wp-content\/uploads\/2024\/04\/O1CN01iCe3wL1wxLN3EaanT_2080296374-0-cib.jpg\",\"datePublished\":\"2024-04-16T07:28:13+00:00\",\"dateModified\":\"2024-04-16T07:37:13+00:00\",\"breadcrumb\":{\"@id\":\"https:\/\/www.pinyueppwovenbag.com\/bn\/product\/premium-food-packaging-bags-safe-durable-customizable\/#breadcrumb\"},\"inLanguage\":\"fr-FR\",\"potentialAction\":[{\"@type\":\"ReadAction\",\"target\":[\"https:\/\/www.pinyueppwovenbag.com\/bn\/product\/premium-food-packaging-bags-safe-durable-customizable\/\"]}]},{\"@type\":\"ImageObject\",\"inLanguage\":\"fr-FR\",\"@id\":\"https:\/\/www.pinyueppwovenbag.com\/bn\/product\/premium-food-packaging-bags-safe-durable-customizable\/#primaryimage\",\"url\":\"https:\/\/pinyueppwovenbag.com\/wp-content\/uploads\/2024\/04\/O1CN01iCe3wL1wxLN3EaanT_2080296374-0-cib.jpg\",\"contentUrl\":\"https:\/\/pinyueppwovenbag.com\/wp-content\/uploads\/2024\/04\/O1CN01iCe3wL1wxLN3EaanT_2080296374-0-cib.jpg\",\"width\":800,\"height\":800},{\"@type\":\"BreadcrumbList\",\"@id\":\"https:\/\/www.pinyueppwovenbag.com\/bn\/product\/premium-food-packaging-bags-safe-durable-customizable\/#breadcrumb\",\"itemListElement\":[{\"@type\":\"ListItem\",\"position\":1,\"name\":\"\u9996\u9875\",\"item\":\"https:\/\/pinyueppwovenbag.com\/\"},{\"@type\":\"ListItem\",\"position\":2,\"name\":\"Products\",\"item\":\"https:\/\/pinyueppwovenbag.com\/products\/\"},{\"@type\":\"ListItem\",\"position\":3,\"name\":\"Premium Food Packaging Bags: Safe, Durable &#038; Customizable\"}]},{\"@type\":\"WebSite\",\"@id\":\"https:\/\/www.pinyueppwovenbag.com\/#website\",\"url\":\"https:\/\/www.pinyueppwovenbag.com\/\",\"name\":\"Shenzhen PinYue Technology Co., Ltd.\",\"description\":\"\",\"publisher\":{\"@id\":\"https:\/\/www.pinyueppwovenbag.com\/#organization\"},\"potentialAction\":[{\"@type\":\"SearchAction\",\"target\":{\"@type\":\"EntryPoint\",\"urlTemplate\":\"https:\/\/www.pinyueppwovenbag.com\/?s={search_term_string}\"},\"query-input\":\"required name=search_term_string\"}],\"inLanguage\":\"fr-FR\"},{\"@type\":\"Organization\",\"@id\":\"https:\/\/www.pinyueppwovenbag.com\/#organization\",\"name\":\"Shenzhen PinYue Technology Co., Ltd.\",\"url\":\"https:\/\/www.pinyueppwovenbag.com\/\",\"logo\":{\"@type\":\"ImageObject\",\"inLanguage\":\"fr-FR\",\"@id\":\"https:\/\/www.pinyueppwovenbag.com\/#\/schema\/logo\/image\/\",\"url\":\"http:\/\/pinyueppwovenbag.com\/wp-content\/uploads\/2018\/07\/8171101867b458fbb8ba537ab1003d4.png\",\"contentUrl\":\"http:\/\/pinyueppwovenbag.com\/wp-content\/uploads\/2018\/07\/8171101867b458fbb8ba537ab1003d4.png\",\"width\":569,\"height\":533,\"caption\":\"Shenzhen PinYue Technology Co., Ltd.\"},\"image\":{\"@id\":\"https:\/\/www.pinyueppwovenbag.com\/#\/schema\/logo\/image\/\"},\"sameAs\":[\"https:\/\/x.com\/pinyuepacking\",\"https:\/\/www.youtube.com\/@pinyueppbag\"]}]}<\/script>\n<!-- \/ Yoast SEO plugin. -->","yoast_head_json":{"title":"Premium Food Packaging Bags: Safe, Durable & Customizable - Shenzhen PinYue Technology Co., Ltd.","robots":{"index":"index","follow":"follow","max-snippet":"max-snippet:-1","max-image-preview":"max-image-preview:large","max-video-preview":"max-video-preview:-1"},"canonical":"https:\/\/www.pinyueppwovenbag.com\/bn\/product\/premium-food-packaging-bags-safe-durable-customizable\/","og_locale":"fr_FR","og_type":"article","og_title":"Premium Food Packaging Bags: Safe, Durable & Customizable - Shenzhen PinYue Technology Co., Ltd.","og_description":"Upgrade your food storage solutions with our top-quality food packaging bags. Designed to preserve freshness, enhance shelf life, and maintain the integrity of your products, these bags are perfect for a variety of food items including snacks, grains, coffee, and more. Crafted from food-safe materials, our packaging bags ensure safety and compliance with all regulatory [&hellip;]","og_url":"https:\/\/www.pinyueppwovenbag.com\/bn\/product\/premium-food-packaging-bags-safe-durable-customizable\/","og_site_name":"Shenzhen PinYue Technology Co., Ltd.","article_modified_time":"2024-04-16T07:37:13+00:00","og_image":[{"width":800,"height":800,"url":"https:\/\/www.pinyueppwovenbag.com\/wp-content\/uploads\/2024\/04\/O1CN01iCe3wL1wxLN3EaanT_2080296374-0-cib.jpg","type":"image\/jpeg"}],"twitter_card":"summary_large_image","twitter_site":"@pinyuepacking","twitter_misc":{"Dur\u00e9e de lecture estim\u00e9e":"1 minute"},"schema":{"@context":"https:\/\/schema.org","@graph":[{"@type":"WebPage","@id":"https:\/\/www.pinyueppwovenbag.com\/bn\/product\/premium-food-packaging-bags-safe-durable-customizable\/","url":"https:\/\/www.pinyueppwovenbag.com\/bn\/product\/premium-food-packaging-bags-safe-durable-customizable\/","name":"Premium Food Packaging Bags: Safe, Durable & Customizable - Shenzhen PinYue Technology Co., Ltd.","isPartOf":{"@id":"https:\/\/www.pinyueppwovenbag.com\/#website"},"primaryImageOfPage":{"@id":"https:\/\/www.pinyueppwovenbag.com\/bn\/product\/premium-food-packaging-bags-safe-durable-customizable\/#primaryimage"},"image":{"@id":"https:\/\/www.pinyueppwovenbag.com\/bn\/product\/premium-food-packaging-bags-safe-durable-customizable\/#primaryimage"},"thumbnailUrl":"https:\/\/pinyueppwovenbag.com\/wp-content\/uploads\/2024\/04\/O1CN01iCe3wL1wxLN3EaanT_2080296374-0-cib.jpg","datePublished":"2024-04-16T07:28:13+00:00","dateModified":"2024-04-16T07:37:13+00:00","breadcrumb":{"@id":"https:\/\/www.pinyueppwovenbag.com\/bn\/product\/premium-food-packaging-bags-safe-durable-customizable\/#breadcrumb"},"inLanguage":"fr-FR","potentialAction":[{"@type":"ReadAction","target":["https:\/\/www.pinyueppwovenbag.com\/bn\/product\/premium-food-packaging-bags-safe-durable-customizable\/"]}]},{"@type":"ImageObject","inLanguage":"fr-FR","@id":"https:\/\/www.pinyueppwovenbag.com\/bn\/product\/premium-food-packaging-bags-safe-durable-customizable\/#primaryimage","url":"https:\/\/pinyueppwovenbag.com\/wp-content\/uploads\/2024\/04\/O1CN01iCe3wL1wxLN3EaanT_2080296374-0-cib.jpg","contentUrl":"https:\/\/pinyueppwovenbag.com\/wp-content\/uploads\/2024\/04\/O1CN01iCe3wL1wxLN3EaanT_2080296374-0-cib.jpg","width":800,"height":800},{"@type":"BreadcrumbList","@id":"https:\/\/www.pinyueppwovenbag.com\/bn\/product\/premium-food-packaging-bags-safe-durable-customizable\/#breadcrumb","itemListElement":[{"@type":"ListItem","position":1,"name":"\u9996\u9875","item":"https:\/\/pinyueppwovenbag.com\/"},{"@type":"ListItem","position":2,"name":"Products","item":"https:\/\/pinyueppwovenbag.com\/products\/"},{"@type":"ListItem","position":3,"name":"Premium Food Packaging Bags: Safe, Durable &#038; Customizable"}]},{"@type":"WebSite","@id":"https:\/\/www.pinyueppwovenbag.com\/#website","url":"https:\/\/www.pinyueppwovenbag.com\/","name":"Shenzhen PinYue Technology Co., Ltd.","description":"","publisher":{"@id":"https:\/\/www.pinyueppwovenbag.com\/#organization"},"potentialAction":[{"@type":"SearchAction","target":{"@type":"EntryPoint","urlTemplate":"https:\/\/www.pinyueppwovenbag.com\/?s={search_term_string}"},"query-input":"required name=search_term_string"}],"inLanguage":"fr-FR"},{"@type":"Organization","@id":"https:\/\/www.pinyueppwovenbag.com\/#organization","name":"Shenzhen PinYue Technology Co., Ltd.","url":"https:\/\/www.pinyueppwovenbag.com\/","logo":{"@type":"ImageObject","inLanguage":"fr-FR","@id":"https:\/\/www.pinyueppwovenbag.com\/#\/schema\/logo\/image\/","url":"http:\/\/pinyueppwovenbag.com\/wp-content\/uploads\/2018\/07\/8171101867b458fbb8ba537ab1003d4.png","contentUrl":"http:\/\/pinyueppwovenbag.com\/wp-content\/uploads\/2018\/07\/8171101867b458fbb8ba537ab1003d4.png","width":569,"height":533,"caption":"Shenzhen PinYue Technology Co., Ltd."},"image":{"@id":"https:\/\/www.pinyueppwovenbag.com\/#\/schema\/logo\/image\/"},"sameAs":["https:\/\/x.com\/pinyuepacking","https:\/\/www.youtube.com\/@pinyueppbag"]}]}},"_links":{"self":[{"href":"https:\/\/pinyueppwovenbag.com\/fr\/wp-json\/wp\/v2\/product\/2975","targetHints":{"allow":["GET"]}}],"collection":[{"href":"https:\/\/pinyueppwovenbag.com\/fr\/wp-json\/wp\/v2\/product"}],"about":[{"href":"https:\/\/pinyueppwovenbag.com\/fr\/wp-json\/wp\/v2\/types\/product"}],"replies":[{"embeddable":true,"href":"https:\/\/pinyueppwovenbag.com\/fr\/wp-json\/wp\/v2\/comments?post=2975"}],"wp:featuredmedia":[{"embeddable":true,"href":"https:\/\/pinyueppwovenbag.com\/fr\/wp-json\/wp\/v2\/media\/2976"}],"wp:attachment":[{"href":"https:\/\/pinyueppwovenbag.com\/fr\/wp-json\/wp\/v2\/media?parent=2975"}],"wp:term":[{"taxonomy":"product_cat","embeddable":true,"href":"https:\/\/pinyueppwovenbag.com\/fr\/wp-json\/wp\/v2\/product_cat?post=2975"},{"taxonomy":"product_tag","embeddable":true,"href":"https:\/\/pinyueppwovenbag.com\/fr\/wp-json\/wp\/v2\/product_tag?post=2975"}],"curies":[{"name":"wp","href":"https:\/\/api.w.org\/{rel}","templated":true}]}}