{"id":352,"date":"2018-07-28T16:08:06","date_gmt":"2018-07-28T08:08:06","guid":{"rendered":"http:\/\/manufacturer.stylemixthemes.com\/?page_id=352"},"modified":"2025-04-24T09:01:47","modified_gmt":"2025-04-24T01:01:47","slug":"factory-tour","status":"publish","type":"page","link":"https:\/\/pinyueppwovenbag.com\/fr\/factory-tour\/","title":{"rendered":"Visite de l'usine"},"content":{"rendered":"<div data-elementor-type=\"wp-post\" data-elementor-id=\"352\" class=\"elementor elementor-352\" data-elementor-post-type=\"page\">\n\t\t\t\t\t\t<section class=\"elementor-section elementor-top-section elementor-element elementor-element-65ae80e elementor-section-boxed elementor-section-height-default elementor-section-height-default\" data-id=\"65ae80e\" data-element_type=\"section\">\n\t\t\t\t\t\t<div class=\"elementor-container elementor-column-gap-default\">\n\t\t\t\t\t<div class=\"elementor-column elementor-col-100 elementor-top-column elementor-element elementor-element-ab6fbd3\" data-id=\"ab6fbd3\" data-element_type=\"column\">\n\t\t\t<div class=\"elementor-widget-wrap elementor-element-populated\">\n\t\t\t\t\t\t<div class=\"elementor-element elementor-element-285df9c elementor-widget elementor-widget-woocommerce-breadcrumb\" data-id=\"285df9c\" data-element_type=\"widget\" data-widget_type=\"woocommerce-breadcrumb.default\">\n\t\t\t\t<div class=\"elementor-widget-container\">\n\t\t\t<nav class=\"woocommerce-breadcrumb\" aria-label=\"Breadcrumb\" data-no-translation=\"\" data-trp-gettext=\"\">Accueil<\/nav>\t\t<\/div>\n\t\t\t\t<\/div>\n\t\t\t\t\t<\/div>\n\t\t<\/div>\n\t\t\t\t\t<\/div>\n\t\t<\/section>\n\t\t\t\t<section class=\"elementor-section elementor-top-section elementor-element elementor-element-62d5d6c elementor-section-boxed elementor-section-height-default elementor-section-height-default\" data-id=\"62d5d6c\" data-element_type=\"section\">\n\t\t\t\t\t\t<div class=\"elementor-container elementor-column-gap-default\">\n\t\t\t\t\t<div class=\"elementor-column elementor-col-100 elementor-top-column elementor-element elementor-element-ead9b5e\" data-id=\"ead9b5e\" data-element_type=\"column\">\n\t\t\t<div class=\"elementor-widget-wrap elementor-element-populated\">\n\t\t\t\t\t\t<div class=\"elementor-element elementor-element-c205a32 elementor-widget elementor-widget-heading\" data-id=\"c205a32\" data-element_type=\"widget\" data-widget_type=\"heading.default\">\n\t\t\t\t<div class=\"elementor-widget-container\">\n\t\t\t<h1 class=\"elementor-heading-title elementor-size-default elementor-heading-title elementor-align-after-left\"><h2 class=\"elementor-heading-title elementor-size-default elementor-inline-editing pen\" data-elementor-setting-key=\"title\" data-pen-placeholder=\"\u5728\u6b64\u8f93\u5165...\" style=\"font-size: 22px\">Ligne de production<\/h2><\/h1>\t\t<\/div>\n\t\t\t\t<\/div>\n\t\t\t\t<div class=\"elementor-element elementor-element-421f268 elementor-widget elementor-widget-text-editor\" data-id=\"421f268\" data-element_type=\"widget\" data-widget_type=\"text-editor.default\">\n\t\t\t\t<div class=\"elementor-widget-container\">\n\t\t\t\t\t\t\t<p>Notre soci\u00e9t\u00e9 produit principalement des mat\u00e9riaux d'emballage en plastique composite de haute qualit\u00e9, dans une usine moderne et conforme aux normes, et nous d\u00e9fendons des concepts \u00e9cologiques et environnementaux.<\/p><p>L'usine de sacs tiss\u00e9s couvre une superficie de 15 000 m\u00b2 et sa production annuelle est de 6800 millions de sacs tiss\u00e9s. Nous disposons \u00e9galement d'une autre usine pour produire des sacs non tiss\u00e9s, des sacs alimentaires en plastique et des bo\u00eetes cadeaux en papier.<\/p>\t\t\t\t\t\t<\/div>\n\t\t\t\t<\/div>\n\t\t\t\t\t<\/div>\n\t\t<\/div>\n\t\t\t\t\t<\/div>\n\t\t<\/section>\n\t\t\t\t<section class=\"elementor-section elementor-top-section elementor-element elementor-element-4d700ab elementor-section-boxed elementor-section-height-default elementor-section-height-default\" data-id=\"4d700ab\" data-element_type=\"section\">\n\t\t\t\t\t\t<div class=\"elementor-container elementor-column-gap-default\">\n\t\t\t\t\t<div class=\"elementor-column elementor-col-100 elementor-top-column elementor-element elementor-element-9b427b5\" data-id=\"9b427b5\" data-element_type=\"column\">\n\t\t\t<div class=\"elementor-widget-wrap elementor-element-populated\">\n\t\t\t\t\t\t<div class=\"elementor-element elementor-element-69a7ed7 elementor-widget elementor-widget-heading\" data-id=\"69a7ed7\" data-element_type=\"widget\" data-widget_type=\"heading.default\">\n\t\t\t\t<div class=\"elementor-widget-container\">\n\t\t\t<h1 class=\"elementor-heading-title elementor-size-default elementor-heading-title elementor-align-after-center\">Atelier d'impression<\/h1>\t\t<\/div>\n\t\t\t\t<\/div>\n\t\t\t\t<div class=\"elementor-element elementor-element-25a1c19 elementor-widget elementor-widget-image\" data-id=\"25a1c19\" data-element_type=\"widget\" data-widget_type=\"image.default\">\n\t\t\t\t<div class=\"elementor-widget-container\">\n\t\t\t\t\t\t\t\t\t\t\t\t\t<img fetchpriority=\"high\" decoding=\"async\" width=\"800\" height=\"198\" src=\"https:\/\/pinyueppwovenbag.com\/wp-content\/uploads\/2024\/05\/\u672a\u6807\u9898-2-1024x253.jpg\" class=\"attachment-large size-large wp-image-3101\" alt=\"\" srcset=\"https:\/\/pinyueppwovenbag.com\/wp-content\/uploads\/2024\/05\/\u672a\u6807\u9898-2-1024x253.jpg 1024w, https:\/\/pinyueppwovenbag.com\/wp-content\/uploads\/2024\/05\/\u672a\u6807\u9898-2-300x74.jpg 300w, https:\/\/pinyueppwovenbag.com\/wp-content\/uploads\/2024\/05\/\u672a\u6807\u9898-2-768x190.jpg 768w, https:\/\/pinyueppwovenbag.com\/wp-content\/uploads\/2024\/05\/\u672a\u6807\u9898-2-1536x380.jpg 1536w, https:\/\/pinyueppwovenbag.com\/wp-content\/uploads\/2024\/05\/\u672a\u6807\u9898-2-2048x506.jpg 2048w, https:\/\/pinyueppwovenbag.com\/wp-content\/uploads\/2024\/05\/\u672a\u6807\u9898-2-18x4.jpg 18w, https:\/\/pinyueppwovenbag.com\/wp-content\/uploads\/2024\/05\/\u672a\u6807\u9898-2-600x148.jpg 600w\" sizes=\"(max-width: 800px) 100vw, 800px\" \/>\t\t\t\t\t\t\t\t\t\t\t\t\t<\/div>\n\t\t\t\t<\/div>\n\t\t\t\t\t<\/div>\n\t\t<\/div>\n\t\t\t\t\t<\/div>\n\t\t<\/section>\n\t\t\t\t<section class=\"elementor-section elementor-top-section elementor-element elementor-element-6362c8b elementor-section-boxed elementor-section-height-default elementor-section-height-default\" data-id=\"6362c8b\" data-element_type=\"section\">\n\t\t\t\t\t\t<div class=\"elementor-container elementor-column-gap-default\">\n\t\t\t\t\t<div class=\"elementor-column elementor-col-100 elementor-top-column elementor-element elementor-element-92e1b04\" data-id=\"92e1b04\" data-element_type=\"column\">\n\t\t\t<div class=\"elementor-widget-wrap elementor-element-populated\">\n\t\t\t\t\t\t<div class=\"elementor-element elementor-element-4d43635 elementor-widget elementor-widget-heading\" data-id=\"4d43635\" data-element_type=\"widget\" data-widget_type=\"heading.default\">\n\t\t\t\t<div class=\"elementor-widget-container\">\n\t\t\t<h1 class=\"elementor-heading-title elementor-size-default elementor-heading-title elementor-align-after-center\">Atelier stratifi\u00e9<\/h1>\t\t<\/div>\n\t\t\t\t<\/div>\n\t\t\t\t<div class=\"elementor-element elementor-element-a5aed7f elementor-widget elementor-widget-image\" data-id=\"a5aed7f\" data-element_type=\"widget\" data-widget_type=\"image.default\">\n\t\t\t\t<div class=\"elementor-widget-container\">\n\t\t\t\t\t\t\t\t\t\t\t\t\t<img decoding=\"async\" width=\"800\" height=\"198\" src=\"https:\/\/pinyueppwovenbag.com\/wp-content\/uploads\/2024\/05\/\u672a\u6807\u9898-3-1024x253.jpg\" class=\"attachment-large size-large wp-image-3102\" alt=\"\" srcset=\"https:\/\/pinyueppwovenbag.com\/wp-content\/uploads\/2024\/05\/\u672a\u6807\u9898-3-1024x253.jpg 1024w, https:\/\/pinyueppwovenbag.com\/wp-content\/uploads\/2024\/05\/\u672a\u6807\u9898-3-300x74.jpg 300w, https:\/\/pinyueppwovenbag.com\/wp-content\/uploads\/2024\/05\/\u672a\u6807\u9898-3-768x190.jpg 768w, https:\/\/pinyueppwovenbag.com\/wp-content\/uploads\/2024\/05\/\u672a\u6807\u9898-3-1536x380.jpg 1536w, https:\/\/pinyueppwovenbag.com\/wp-content\/uploads\/2024\/05\/\u672a\u6807\u9898-3-2048x507.jpg 2048w, https:\/\/pinyueppwovenbag.com\/wp-content\/uploads\/2024\/05\/\u672a\u6807\u9898-3-18x4.jpg 18w, https:\/\/pinyueppwovenbag.com\/wp-content\/uploads\/2024\/05\/\u672a\u6807\u9898-3-600x149.jpg 600w\" sizes=\"(max-width: 800px) 100vw, 800px\" \/>\t\t\t\t\t\t\t\t\t\t\t\t\t<\/div>\n\t\t\t\t<\/div>\n\t\t\t\t\t<\/div>\n\t\t<\/div>\n\t\t\t\t\t<\/div>\n\t\t<\/section>\n\t\t\t\t<section class=\"elementor-section elementor-top-section elementor-element elementor-element-4228fa3 elementor-section-boxed elementor-section-height-default elementor-section-height-default\" data-id=\"4228fa3\" data-element_type=\"section\">\n\t\t\t\t\t\t<div class=\"elementor-container elementor-column-gap-default\">\n\t\t\t\t\t<div class=\"elementor-column elementor-col-100 elementor-top-column elementor-element elementor-element-40f2297\" data-id=\"40f2297\" data-element_type=\"column\">\n\t\t\t<div class=\"elementor-widget-wrap elementor-element-populated\">\n\t\t\t\t\t\t<div class=\"elementor-element elementor-element-c43a18f elementor-widget elementor-widget-heading\" data-id=\"c43a18f\" data-element_type=\"widget\" data-widget_type=\"heading.default\">\n\t\t\t\t<div class=\"elementor-widget-container\">\n\t\t\t<h1 class=\"elementor-heading-title elementor-size-default elementor-heading-title elementor-align-after-center\">Inspection de la qualit\u00e9<\/h1>\t\t<\/div>\n\t\t\t\t<\/div>\n\t\t\t\t<div class=\"elementor-element elementor-element-5890ae8 elementor-widget elementor-widget-image\" data-id=\"5890ae8\" data-element_type=\"widget\" data-widget_type=\"image.default\">\n\t\t\t\t<div class=\"elementor-widget-container\">\n\t\t\t\t\t\t\t\t\t\t\t\t\t<img decoding=\"async\" width=\"800\" height=\"202\" src=\"https:\/\/pinyueppwovenbag.com\/wp-content\/uploads\/2024\/05\/\u672a\u6807\u9898-1-1024x258.jpg\" class=\"attachment-large size-large wp-image-3093\" alt=\"\" srcset=\"https:\/\/pinyueppwovenbag.com\/wp-content\/uploads\/2024\/05\/\u672a\u6807\u9898-1-1024x258.jpg 1024w, https:\/\/pinyueppwovenbag.com\/wp-content\/uploads\/2024\/05\/\u672a\u6807\u9898-1-300x76.jpg 300w, https:\/\/pinyueppwovenbag.com\/wp-content\/uploads\/2024\/05\/\u672a\u6807\u9898-1-768x194.jpg 768w, https:\/\/pinyueppwovenbag.com\/wp-content\/uploads\/2024\/05\/\u672a\u6807\u9898-1-1536x388.jpg 1536w, https:\/\/pinyueppwovenbag.com\/wp-content\/uploads\/2024\/05\/\u672a\u6807\u9898-1-2048x517.jpg 2048w, https:\/\/pinyueppwovenbag.com\/wp-content\/uploads\/2024\/05\/\u672a\u6807\u9898-1-18x5.jpg 18w, https:\/\/pinyueppwovenbag.com\/wp-content\/uploads\/2024\/05\/\u672a\u6807\u9898-1-600x151.jpg 600w\" sizes=\"(max-width: 800px) 100vw, 800px\" \/>\t\t\t\t\t\t\t\t\t\t\t\t\t<\/div>\n\t\t\t\t<\/div>\n\t\t\t\t\t<\/div>\n\t\t<\/div>\n\t\t\t\t\t<\/div>\n\t\t<\/section>\n\t\t\t\t<section class=\"elementor-section elementor-top-section elementor-element elementor-element-2d4bdc9 elementor-section-boxed elementor-section-height-default elementor-section-height-default\" data-id=\"2d4bdc9\" data-element_type=\"section\">\n\t\t\t\t\t\t<div class=\"elementor-container elementor-column-gap-default\">\n\t\t\t\t\t<div class=\"elementor-column elementor-col-100 elementor-top-column elementor-element elementor-element-7f38ffa\" data-id=\"7f38ffa\" data-element_type=\"column\">\n\t\t\t<div class=\"elementor-widget-wrap elementor-element-populated\">\n\t\t\t\t\t\t<div class=\"elementor-element elementor-element-2d7843d elementor-widget elementor-widget-heading\" data-id=\"2d7843d\" data-element_type=\"widget\" data-widget_type=\"heading.default\">\n\t\t\t\t<div class=\"elementor-widget-container\">\n\t\t\t<h1 class=\"elementor-heading-title elementor-size-default elementor-heading-title elementor-align-after-center\">Emballage et entreposage<\/h1>\t\t<\/div>\n\t\t\t\t<\/div>\n\t\t\t\t<div class=\"elementor-element elementor-element-29c2140 elementor-widget elementor-widget-image\" data-id=\"29c2140\" data-element_type=\"widget\" data-widget_type=\"image.default\">\n\t\t\t\t<div class=\"elementor-widget-container\">\n\t\t\t\t\t\t\t\t\t\t\t\t\t<img loading=\"lazy\" decoding=\"async\" width=\"800\" height=\"198\" src=\"https:\/\/pinyueppwovenbag.com\/wp-content\/uploads\/2024\/05\/\u672a\u6807\u9898-4-1024x254.jpg\" class=\"attachment-large size-large wp-image-3103\" alt=\"\" srcset=\"https:\/\/pinyueppwovenbag.com\/wp-content\/uploads\/2024\/05\/\u672a\u6807\u9898-4-1024x254.jpg 1024w, https:\/\/pinyueppwovenbag.com\/wp-content\/uploads\/2024\/05\/\u672a\u6807\u9898-4-300x74.jpg 300w, https:\/\/pinyueppwovenbag.com\/wp-content\/uploads\/2024\/05\/\u672a\u6807\u9898-4-768x190.jpg 768w, https:\/\/pinyueppwovenbag.com\/wp-content\/uploads\/2024\/05\/\u672a\u6807\u9898-4-1536x380.jpg 1536w, https:\/\/pinyueppwovenbag.com\/wp-content\/uploads\/2024\/05\/\u672a\u6807\u9898-4-2048x507.jpg 2048w, https:\/\/pinyueppwovenbag.com\/wp-content\/uploads\/2024\/05\/\u672a\u6807\u9898-4-18x4.jpg 18w, https:\/\/pinyueppwovenbag.com\/wp-content\/uploads\/2024\/05\/\u672a\u6807\u9898-4-600x149.jpg 600w\" sizes=\"(max-width: 800px) 100vw, 800px\" \/>\t\t\t\t\t\t\t\t\t\t\t\t\t<\/div>\n\t\t\t\t<\/div>\n\t\t\t\t\t<\/div>\n\t\t<\/div>\n\t\t\t\t\t<\/div>\n\t\t<\/section>\n\t\t\t\t<\/div>","protected":false},"excerpt":{"rendered":"<p>Ligne de production Notre soci\u00e9t\u00e9 produit principalement divers mat\u00e9riaux d'emballage en plastique composite de haute qualit\u00e9, dans une usine moderne et standard, et nous d\u00e9fendons les concepts \u00e9cologiques et environnementaux. L'usine de sacs tiss\u00e9s couvre une superficie de 15000 m\u00b2, avec une production annuelle de 6800 millions de sacs tiss\u00e9s. Et nous avons [...]<\/p>","protected":false},"author":1,"featured_media":0,"parent":0,"menu_order":0,"comment_status":"closed","ping_status":"closed","template":"elementor_header_footer","meta":{"om_disable_all_campaigns":false,"_monsterinsights_skip_tracking":false,"_monsterinsights_sitenote_active":false,"_monsterinsights_sitenote_note":"","_monsterinsights_sitenote_category":0,"_uf_show_specific_survey":0,"_uf_disable_surveys":false,"two_page_speed":{"previous_score":{"status":"error_no_score"},"current_score":{"desktop_score":96,"desktop_tti":"0.9\u00a0","mobile_score":98,"mobile_tti":"4.2\u00a0","date":"16.04.2025 10:15:33 pm","status":"error_no_score"}},"footnotes":""},"class_list":["post-352","page","type-page","status-publish","hentry"],"yoast_head":"<!-- This site is optimized with the Yoast SEO plugin v23.2 - https:\/\/yoast.com\/wordpress\/plugins\/seo\/ -->\n<title>Factory Tour - Shenzhen PinYue Technology Co., Ltd.<\/title>\n<meta name=\"robots\" content=\"index, follow, max-snippet:-1, max-image-preview:large, max-video-preview:-1\" \/>\n<link rel=\"canonical\" href=\"https:\/\/pinyueppwovenbag.com\/fr\/factory-tour\/\" \/>\n<meta property=\"og:locale\" content=\"fr_FR\" \/>\n<meta property=\"og:type\" content=\"article\" \/>\n<meta property=\"og:title\" content=\"Factory Tour - Shenzhen PinYue Technology Co., Ltd.\" \/>\n<meta property=\"og:description\" content=\"Production Line Our company mainly produces the various composite plastic packaging materials which has the high quality, modern and standard factory and we advocate green and environmental concepts. We are a professional packaging customization supplier in China.The woven bags factory covers an area of 15000 sqm,annual production of 6800 million woven bags. And we have [&hellip;]\" \/>\n<meta property=\"og:url\" content=\"https:\/\/pinyueppwovenbag.com\/fr\/factory-tour\/\" \/>\n<meta property=\"og:site_name\" content=\"Shenzhen PinYue Technology Co., Ltd.\" \/>\n<meta property=\"article:modified_time\" content=\"2025-04-24T01:01:47+00:00\" \/>\n<meta name=\"twitter:card\" content=\"summary_large_image\" \/>\n<meta name=\"twitter:site\" content=\"@pinyuepacking\" \/>\n<script type=\"application\/ld+json\" class=\"yoast-schema-graph\">{\"@context\":\"https:\/\/schema.org\",\"@graph\":[{\"@type\":\"WebPage\",\"@id\":\"https:\/\/pinyueppwovenbag.com\/factory-tour\/\",\"url\":\"https:\/\/pinyueppwovenbag.com\/factory-tour\/\",\"name\":\"Factory Tour - Shenzhen PinYue Technology Co., Ltd.\",\"isPartOf\":{\"@id\":\"https:\/\/www.pinyueppwovenbag.com\/#website\"},\"datePublished\":\"2018-07-28T08:08:06+00:00\",\"dateModified\":\"2025-04-24T01:01:47+00:00\",\"breadcrumb\":{\"@id\":\"https:\/\/pinyueppwovenbag.com\/factory-tour\/#breadcrumb\"},\"inLanguage\":\"fr-FR\",\"potentialAction\":[{\"@type\":\"ReadAction\",\"target\":[\"https:\/\/pinyueppwovenbag.com\/factory-tour\/\"]}]},{\"@type\":\"BreadcrumbList\",\"@id\":\"https:\/\/pinyueppwovenbag.com\/factory-tour\/#breadcrumb\",\"itemListElement\":[{\"@type\":\"ListItem\",\"position\":1,\"name\":\"\u9996\u9875\",\"item\":\"https:\/\/pinyueppwovenbag.com\/\"},{\"@type\":\"ListItem\",\"position\":2,\"name\":\"Factory Tour\"}]},{\"@type\":\"WebSite\",\"@id\":\"https:\/\/www.pinyueppwovenbag.com\/#website\",\"url\":\"https:\/\/www.pinyueppwovenbag.com\/\",\"name\":\"Shenzhen PinYue Technology Co., Ltd.\",\"description\":\"\",\"publisher\":{\"@id\":\"https:\/\/www.pinyueppwovenbag.com\/#organization\"},\"potentialAction\":[{\"@type\":\"SearchAction\",\"target\":{\"@type\":\"EntryPoint\",\"urlTemplate\":\"https:\/\/www.pinyueppwovenbag.com\/?s={search_term_string}\"},\"query-input\":\"required name=search_term_string\"}],\"inLanguage\":\"fr-FR\"},{\"@type\":\"Organization\",\"@id\":\"https:\/\/www.pinyueppwovenbag.com\/#organization\",\"name\":\"Shenzhen PinYue Technology Co., Ltd.\",\"url\":\"https:\/\/www.pinyueppwovenbag.com\/\",\"logo\":{\"@type\":\"ImageObject\",\"inLanguage\":\"fr-FR\",\"@id\":\"https:\/\/www.pinyueppwovenbag.com\/#\/schema\/logo\/image\/\",\"url\":\"http:\/\/pinyueppwovenbag.com\/wp-content\/uploads\/2018\/07\/8171101867b458fbb8ba537ab1003d4.png\",\"contentUrl\":\"http:\/\/pinyueppwovenbag.com\/wp-content\/uploads\/2018\/07\/8171101867b458fbb8ba537ab1003d4.png\",\"width\":569,\"height\":533,\"caption\":\"Shenzhen PinYue Technology Co., Ltd.\"},\"image\":{\"@id\":\"https:\/\/www.pinyueppwovenbag.com\/#\/schema\/logo\/image\/\"},\"sameAs\":[\"https:\/\/x.com\/pinyuepacking\",\"https:\/\/www.youtube.com\/@pinyueppbag\"]}]}<\/script>\n<!-- \/ Yoast SEO plugin. -->","yoast_head_json":{"title":"Factory Tour - Shenzhen PinYue Technology Co., Ltd.","robots":{"index":"index","follow":"follow","max-snippet":"max-snippet:-1","max-image-preview":"max-image-preview:large","max-video-preview":"max-video-preview:-1"},"canonical":"https:\/\/pinyueppwovenbag.com\/fr\/factory-tour\/","og_locale":"fr_FR","og_type":"article","og_title":"Factory Tour - Shenzhen PinYue Technology Co., Ltd.","og_description":"Production Line Our company mainly produces the various composite plastic packaging materials which has the high quality, modern and standard factory and we advocate green and environmental concepts. We are a professional packaging customization supplier in China.The woven bags factory covers an area of 15000 sqm,annual production of 6800 million woven bags. And we have [&hellip;]","og_url":"https:\/\/pinyueppwovenbag.com\/fr\/factory-tour\/","og_site_name":"Shenzhen PinYue Technology Co., Ltd.","article_modified_time":"2025-04-24T01:01:47+00:00","twitter_card":"summary_large_image","twitter_site":"@pinyuepacking","schema":{"@context":"https:\/\/schema.org","@graph":[{"@type":"WebPage","@id":"https:\/\/pinyueppwovenbag.com\/factory-tour\/","url":"https:\/\/pinyueppwovenbag.com\/factory-tour\/","name":"Factory Tour - Shenzhen PinYue Technology Co., Ltd.","isPartOf":{"@id":"https:\/\/www.pinyueppwovenbag.com\/#website"},"datePublished":"2018-07-28T08:08:06+00:00","dateModified":"2025-04-24T01:01:47+00:00","breadcrumb":{"@id":"https:\/\/pinyueppwovenbag.com\/factory-tour\/#breadcrumb"},"inLanguage":"fr-FR","potentialAction":[{"@type":"ReadAction","target":["https:\/\/pinyueppwovenbag.com\/factory-tour\/"]}]},{"@type":"BreadcrumbList","@id":"https:\/\/pinyueppwovenbag.com\/factory-tour\/#breadcrumb","itemListElement":[{"@type":"ListItem","position":1,"name":"\u9996\u9875","item":"https:\/\/pinyueppwovenbag.com\/"},{"@type":"ListItem","position":2,"name":"Factory Tour"}]},{"@type":"WebSite","@id":"https:\/\/www.pinyueppwovenbag.com\/#website","url":"https:\/\/www.pinyueppwovenbag.com\/","name":"Shenzhen PinYue Technology Co., Ltd.","description":"","publisher":{"@id":"https:\/\/www.pinyueppwovenbag.com\/#organization"},"potentialAction":[{"@type":"SearchAction","target":{"@type":"EntryPoint","urlTemplate":"https:\/\/www.pinyueppwovenbag.com\/?s={search_term_string}"},"query-input":"required name=search_term_string"}],"inLanguage":"fr-FR"},{"@type":"Organization","@id":"https:\/\/www.pinyueppwovenbag.com\/#organization","name":"Shenzhen PinYue Technology Co., Ltd.","url":"https:\/\/www.pinyueppwovenbag.com\/","logo":{"@type":"ImageObject","inLanguage":"fr-FR","@id":"https:\/\/www.pinyueppwovenbag.com\/#\/schema\/logo\/image\/","url":"http:\/\/pinyueppwovenbag.com\/wp-content\/uploads\/2018\/07\/8171101867b458fbb8ba537ab1003d4.png","contentUrl":"http:\/\/pinyueppwovenbag.com\/wp-content\/uploads\/2018\/07\/8171101867b458fbb8ba537ab1003d4.png","width":569,"height":533,"caption":"Shenzhen PinYue Technology Co., Ltd."},"image":{"@id":"https:\/\/www.pinyueppwovenbag.com\/#\/schema\/logo\/image\/"},"sameAs":["https:\/\/x.com\/pinyuepacking","https:\/\/www.youtube.com\/@pinyueppbag"]}]}},"amp_enabled":false,"_links":{"self":[{"href":"https:\/\/pinyueppwovenbag.com\/fr\/wp-json\/wp\/v2\/pages\/352","targetHints":{"allow":["GET"]}}],"collection":[{"href":"https:\/\/pinyueppwovenbag.com\/fr\/wp-json\/wp\/v2\/pages"}],"about":[{"href":"https:\/\/pinyueppwovenbag.com\/fr\/wp-json\/wp\/v2\/types\/page"}],"author":[{"embeddable":true,"href":"https:\/\/pinyueppwovenbag.com\/fr\/wp-json\/wp\/v2\/users\/1"}],"replies":[{"embeddable":true,"href":"https:\/\/pinyueppwovenbag.com\/fr\/wp-json\/wp\/v2\/comments?post=352"}],"version-history":[{"count":20,"href":"https:\/\/pinyueppwovenbag.com\/fr\/wp-json\/wp\/v2\/pages\/352\/revisions"}],"predecessor-version":[{"id":3109,"href":"https:\/\/pinyueppwovenbag.com\/fr\/wp-json\/wp\/v2\/pages\/352\/revisions\/3109"}],"wp:attachment":[{"href":"https:\/\/pinyueppwovenbag.com\/fr\/wp-json\/wp\/v2\/media?parent=352"}],"curies":[{"name":"wp","href":"https:\/\/api.w.org\/{rel}","templated":true}]}}