{"id":3390,"date":"2024-05-24T16:44:33","date_gmt":"2024-05-24T08:44:33","guid":{"rendered":"http:\/\/pinyueppwovenbag.com\/?post_type=product&#038;p=3390"},"modified":"2024-08-24T14:30:43","modified_gmt":"2024-08-24T06:30:43","slug":"why-use-non-woven-bags-was-great-eco-friendly-in-life","status":"publish","type":"product","link":"https:\/\/pinyueppwovenbag.com\/es\/product\/why-use-non-woven-bags-was-great-eco-friendly-in-life\/","title":{"rendered":"Por qu\u00e9 el uso de bolsas de tela no tejida fue genial Eco-Friendly en la vida"},"content":{"rendered":"<p>Por qu\u00e9 el uso de bolsas de tela no tejida fue genial Eco-Friendly en la vida<\/p>\n<p>Optar por bolsas de tela no tejida ofrece importantes ventajas para una vida respetuosa con el medio ambiente, ya que contribuye a la sostenibilidad y reduce el impacto ambiental.<\/p>\n<p>En primer lugar, las bolsas no tejidas suelen fabricarse con materiales reciclados o tejidos biodegradables, lo que las convierte en una alternativa sostenible a las bolsas de pl\u00e1stico de un solo uso. Al elegir bolsas no tejidas, ayudas a reducir la demanda de producci\u00f3n de pl\u00e1stico y minimizas la contaminaci\u00f3n por pl\u00e1stico en vertederos y oc\u00e9anos.<\/p>\n<p>Adem\u00e1s, las bolsas de tela no tejida son reutilizables y duraderas, lo que permite utilizarlas repetidamente durante un periodo prolongado. A diferencia de las bolsas de pl\u00e1stico desechables, que suelen desecharse tras un solo uso, las bolsas no tejidas pueden resistir m\u00faltiples usos, lo que reduce significativamente la generaci\u00f3n de residuos.<\/p>\n<p>Adem\u00e1s, el proceso de producci\u00f3n de las bolsas no tejidas consume menos recursos y produce menos contaminaci\u00f3n en comparaci\u00f3n con la fabricaci\u00f3n tradicional de bolsas de pl\u00e1stico. Las telas no tejidas suelen fabricarse mediante procesos energ\u00e9ticamente eficientes y generan menos emisiones de gases de efecto invernadero, lo que minimiza a\u00fan m\u00e1s el da\u00f1o medioambiental.<\/p>\n<p>Adem\u00e1s, las bolsas no tejidas pueden reciclarse f\u00e1cilmente al final de su vida \u00fatil, cerrando el ciclo de producci\u00f3n y reduciendo la carga de los vertederos. Muchas bolsas no tejidas tambi\u00e9n son compostables, ya que se descomponen de forma natural en materia org\u00e1nica sin liberar toxinas nocivas en el medio ambiente.<\/p>\n<p>Fomentando el uso de bolsas de tela no tejida, las personas pueden desempe\u00f1ar un papel proactivo en la protecci\u00f3n del planeta y la conservaci\u00f3n de los recursos naturales para las generaciones futuras. El cambio a las bolsas de tela no tejida demuestra un compromiso con la sostenibilidad y el consumo responsable, en consonancia con los principios de una vida respetuosa con el medio ambiente.<\/p>\n<p>&nbsp;<\/p>\n<p><strong>Nuestro servicio:<\/strong><br \/>\n<strong>-Dise\u00f1o y muestras gratuitos.<\/strong><br \/>\n<strong>-Corto ciclo de producci\u00f3n.<\/strong><br \/>\n<strong>-Seg\u00fan los clientes cualquier solicitud a costom.<\/strong><br \/>\n<strong>- Nuestras bolsas con de alta resistencia y resistencia al impacto.<\/strong><br \/>\n<strong>-Soporte de alta calidad y bajo precio\/MOQ.<\/strong><\/p>\n<p>&nbsp;<\/p>\n<p>P\u00f3ngase en contacto con nosotros si desea m\u00e1s informaci\u00f3n:<a href=\"https:\/\/pinyueppwovenbag.com\/es\/contact-us\/\">http:\/\/pinyueppwovenbag.com\/contact-us\/<\/a><\/p>\n<p>&nbsp;<\/p>\n<p><img fetchpriority=\"high\" decoding=\"async\" class=\"alignnone size-medium wp-image-3349\" src=\"http:\/\/pinyueppwovenbag.com\/wp-content\/uploads\/2024\/04\/\u5171\u7528\u56fe2-300x300.jpg\" alt=\"\" width=\"300\" height=\"300\" srcset=\"https:\/\/pinyueppwovenbag.com\/wp-content\/uploads\/2024\/04\/\u5171\u7528\u56fe2-300x300.jpg 300w, https:\/\/pinyueppwovenbag.com\/wp-content\/uploads\/2024\/04\/\u5171\u7528\u56fe2-150x150.jpg 150w, https:\/\/pinyueppwovenbag.com\/wp-content\/uploads\/2024\/04\/\u5171\u7528\u56fe2-12x12.jpg 12w, https:\/\/pinyueppwovenbag.com\/wp-content\/uploads\/2024\/04\/\u5171\u7528\u56fe2-600x600.jpg 600w, https:\/\/pinyueppwovenbag.com\/wp-content\/uploads\/2024\/04\/\u5171\u7528\u56fe2-100x100.jpg 100w, https:\/\/pinyueppwovenbag.com\/wp-content\/uploads\/2024\/04\/\u5171\u7528\u56fe2.jpg 668w\" sizes=\"(max-width: 300px) 100vw, 300px\" \/><\/p>\n<p><img decoding=\"async\" class=\"alignnone size-medium wp-image-3380\" src=\"http:\/\/pinyueppwovenbag.com\/wp-content\/uploads\/2024\/05\/2-1-300x300.jpg\" alt=\"\" width=\"300\" height=\"300\" srcset=\"https:\/\/pinyueppwovenbag.com\/wp-content\/uploads\/2024\/05\/2-1-300x300.jpg 300w, https:\/\/pinyueppwovenbag.com\/wp-content\/uploads\/2024\/05\/2-1-150x150.jpg 150w, https:\/\/pinyueppwovenbag.com\/wp-content\/uploads\/2024\/05\/2-1-12x12.jpg 12w, https:\/\/pinyueppwovenbag.com\/wp-content\/uploads\/2024\/05\/2-1-600x600.jpg 600w, https:\/\/pinyueppwovenbag.com\/wp-content\/uploads\/2024\/05\/2-1-100x100.jpg 100w, https:\/\/pinyueppwovenbag.com\/wp-content\/uploads\/2024\/05\/2-1.jpg 640w\" sizes=\"(max-width: 300px) 100vw, 300px\" \/><\/p>","protected":false},"excerpt":{"rendered":"<p>Why use non-woven bags was great Eco-Friendly in life Opting for non-woven bags offers significant benefits for eco-friendly living, contributing to sustainability and reducing environmental impact. Firstly, non-woven bags are typically made from recycled materials or biodegradable fabrics, making them a sustainable alternative to single-use plastic bags. By choosing non-woven bags, you help reduce the [&hellip;]<\/p>","protected":false},"featured_media":3391,"comment_status":"open","ping_status":"closed","template":"","meta":{"om_disable_all_campaigns":false,"_monsterinsights_skip_tracking":false,"_monsterinsights_sitenote_active":false,"_monsterinsights_sitenote_note":"","_monsterinsights_sitenote_category":0,"_uf_show_specific_survey":0,"_uf_disable_surveys":false},"product_cat":[55],"product_tag":[],"class_list":{"0":"post-3390","1":"product","2":"type-product","3":"status-publish","4":"has-post-thumbnail","6":"product_cat-non-woven-bags","8":"first","9":"instock","10":"shipping-taxable","11":"product-type-simple"},"yoast_head":"<!-- This site is optimized with the Yoast SEO plugin v23.2 - https:\/\/yoast.com\/wordpress\/plugins\/seo\/ -->\n<title>Why use non-woven bags was great Eco-Friendly in life - Shenzhen PinYue Technology Co., Ltd.<\/title>\n<meta name=\"description\" content=\"Opting for non-woven bags offers significant benefits for eco-friendly living, contributing to sustainability and reducing environmental impact.\" \/>\n<meta name=\"robots\" content=\"index, follow, max-snippet:-1, max-image-preview:large, max-video-preview:-1\" \/>\n<link rel=\"canonical\" href=\"https:\/\/pinyueppwovenbag.com\/es\/producto\/why-use-non-woven-bags-was-great-eco-friendly-in-life\/\" \/>\n<meta property=\"og:locale\" content=\"es_ES\" \/>\n<meta property=\"og:type\" content=\"article\" \/>\n<meta property=\"og:title\" content=\"Why use non-woven bags was great Eco-Friendly in life - Shenzhen PinYue Technology Co., Ltd.\" \/>\n<meta property=\"og:description\" content=\"Opting for non-woven bags offers significant benefits for eco-friendly living, contributing to sustainability and reducing environmental impact.\" \/>\n<meta property=\"og:url\" content=\"https:\/\/pinyueppwovenbag.com\/es\/producto\/why-use-non-woven-bags-was-great-eco-friendly-in-life\/\" \/>\n<meta property=\"og:site_name\" content=\"Shenzhen PinYue Technology Co., Ltd.\" \/>\n<meta property=\"article:modified_time\" content=\"2024-08-24T06:30:43+00:00\" \/>\n<meta property=\"og:image\" content=\"https:\/\/pinyueppwovenbag.com\/wp-content\/uploads\/2024\/05\/non-woven-bags19.jpg\" \/>\n\t<meta property=\"og:image:width\" content=\"572\" \/>\n\t<meta property=\"og:image:height\" content=\"572\" \/>\n\t<meta property=\"og:image:type\" content=\"image\/jpeg\" \/>\n<meta name=\"twitter:card\" content=\"summary_large_image\" \/>\n<meta name=\"twitter:site\" content=\"@pinyuepacking\" \/>\n<meta name=\"twitter:label1\" content=\"Tiempo de lectura\" \/>\n\t<meta name=\"twitter:data1\" content=\"3 minutos\" \/>\n<script type=\"application\/ld+json\" class=\"yoast-schema-graph\">{\"@context\":\"https:\/\/schema.org\",\"@graph\":[{\"@type\":\"WebPage\",\"@id\":\"https:\/\/pinyueppwovenbag.com\/id\/product\/why-use-non-woven-bags-was-great-eco-friendly-in-life\/\",\"url\":\"https:\/\/pinyueppwovenbag.com\/id\/product\/why-use-non-woven-bags-was-great-eco-friendly-in-life\/\",\"name\":\"Why use non-woven bags was great Eco-Friendly in life - Shenzhen PinYue Technology Co., Ltd.\",\"isPartOf\":{\"@id\":\"https:\/\/www.pinyueppwovenbag.com\/#website\"},\"primaryImageOfPage\":{\"@id\":\"https:\/\/pinyueppwovenbag.com\/id\/product\/why-use-non-woven-bags-was-great-eco-friendly-in-life\/#primaryimage\"},\"image\":{\"@id\":\"https:\/\/pinyueppwovenbag.com\/id\/product\/why-use-non-woven-bags-was-great-eco-friendly-in-life\/#primaryimage\"},\"thumbnailUrl\":\"https:\/\/pinyueppwovenbag.com\/wp-content\/uploads\/2024\/05\/non-woven-bags19.jpg\",\"datePublished\":\"2024-05-24T08:44:33+00:00\",\"dateModified\":\"2024-08-24T06:30:43+00:00\",\"description\":\"Opting for non-woven bags offers significant benefits for eco-friendly living, contributing to sustainability and reducing environmental impact.\",\"breadcrumb\":{\"@id\":\"https:\/\/pinyueppwovenbag.com\/id\/product\/why-use-non-woven-bags-was-great-eco-friendly-in-life\/#breadcrumb\"},\"inLanguage\":\"es\",\"potentialAction\":[{\"@type\":\"ReadAction\",\"target\":[\"https:\/\/pinyueppwovenbag.com\/id\/product\/why-use-non-woven-bags-was-great-eco-friendly-in-life\/\"]}]},{\"@type\":\"ImageObject\",\"inLanguage\":\"es\",\"@id\":\"https:\/\/pinyueppwovenbag.com\/id\/product\/why-use-non-woven-bags-was-great-eco-friendly-in-life\/#primaryimage\",\"url\":\"https:\/\/pinyueppwovenbag.com\/wp-content\/uploads\/2024\/05\/non-woven-bags19.jpg\",\"contentUrl\":\"https:\/\/pinyueppwovenbag.com\/wp-content\/uploads\/2024\/05\/non-woven-bags19.jpg\",\"width\":572,\"height\":572},{\"@type\":\"BreadcrumbList\",\"@id\":\"https:\/\/pinyueppwovenbag.com\/id\/product\/why-use-non-woven-bags-was-great-eco-friendly-in-life\/#breadcrumb\",\"itemListElement\":[{\"@type\":\"ListItem\",\"position\":1,\"name\":\"\u9996\u9875\",\"item\":\"https:\/\/pinyueppwovenbag.com\/\"},{\"@type\":\"ListItem\",\"position\":2,\"name\":\"Products\",\"item\":\"https:\/\/pinyueppwovenbag.com\/products\/\"},{\"@type\":\"ListItem\",\"position\":3,\"name\":\"Why use non-woven bags was great Eco-Friendly in life\"}]},{\"@type\":\"WebSite\",\"@id\":\"https:\/\/www.pinyueppwovenbag.com\/#website\",\"url\":\"https:\/\/www.pinyueppwovenbag.com\/\",\"name\":\"Shenzhen PinYue Technology Co., Ltd.\",\"description\":\"\",\"publisher\":{\"@id\":\"https:\/\/www.pinyueppwovenbag.com\/#organization\"},\"potentialAction\":[{\"@type\":\"SearchAction\",\"target\":{\"@type\":\"EntryPoint\",\"urlTemplate\":\"https:\/\/www.pinyueppwovenbag.com\/?s={search_term_string}\"},\"query-input\":\"required name=search_term_string\"}],\"inLanguage\":\"es\"},{\"@type\":\"Organization\",\"@id\":\"https:\/\/www.pinyueppwovenbag.com\/#organization\",\"name\":\"Shenzhen PinYue Technology Co., Ltd.\",\"url\":\"https:\/\/www.pinyueppwovenbag.com\/\",\"logo\":{\"@type\":\"ImageObject\",\"inLanguage\":\"es\",\"@id\":\"https:\/\/www.pinyueppwovenbag.com\/#\/schema\/logo\/image\/\",\"url\":\"http:\/\/pinyueppwovenbag.com\/wp-content\/uploads\/2018\/07\/8171101867b458fbb8ba537ab1003d4.png\",\"contentUrl\":\"http:\/\/pinyueppwovenbag.com\/wp-content\/uploads\/2018\/07\/8171101867b458fbb8ba537ab1003d4.png\",\"width\":569,\"height\":533,\"caption\":\"Shenzhen PinYue Technology Co., Ltd.\"},\"image\":{\"@id\":\"https:\/\/www.pinyueppwovenbag.com\/#\/schema\/logo\/image\/\"},\"sameAs\":[\"https:\/\/x.com\/pinyuepacking\",\"https:\/\/www.youtube.com\/@pinyueppbag\"]}]}<\/script>\n<!-- \/ Yoast SEO plugin. -->","yoast_head_json":{"title":"Why use non-woven bags was great Eco-Friendly in life - Shenzhen PinYue Technology Co., Ltd.","description":"Opting for non-woven bags offers significant benefits for eco-friendly living, contributing to sustainability and reducing environmental impact.","robots":{"index":"index","follow":"follow","max-snippet":"max-snippet:-1","max-image-preview":"max-image-preview:large","max-video-preview":"max-video-preview:-1"},"canonical":"https:\/\/pinyueppwovenbag.com\/es\/producto\/why-use-non-woven-bags-was-great-eco-friendly-in-life\/","og_locale":"es_ES","og_type":"article","og_title":"Why use non-woven bags was great Eco-Friendly in life - Shenzhen PinYue Technology Co., Ltd.","og_description":"Opting for non-woven bags offers significant benefits for eco-friendly living, contributing to sustainability and reducing environmental impact.","og_url":"https:\/\/pinyueppwovenbag.com\/es\/producto\/why-use-non-woven-bags-was-great-eco-friendly-in-life\/","og_site_name":"Shenzhen PinYue Technology Co., Ltd.","article_modified_time":"2024-08-24T06:30:43+00:00","og_image":[{"width":572,"height":572,"url":"https:\/\/pinyueppwovenbag.com\/wp-content\/uploads\/2024\/05\/non-woven-bags19.jpg","type":"image\/jpeg"}],"twitter_card":"summary_large_image","twitter_site":"@pinyuepacking","twitter_misc":{"Tiempo de lectura":"3 minutos"},"schema":{"@context":"https:\/\/schema.org","@graph":[{"@type":"WebPage","@id":"https:\/\/pinyueppwovenbag.com\/id\/product\/why-use-non-woven-bags-was-great-eco-friendly-in-life\/","url":"https:\/\/pinyueppwovenbag.com\/id\/product\/why-use-non-woven-bags-was-great-eco-friendly-in-life\/","name":"Why use non-woven bags was great Eco-Friendly in life - Shenzhen PinYue Technology Co., Ltd.","isPartOf":{"@id":"https:\/\/www.pinyueppwovenbag.com\/#website"},"primaryImageOfPage":{"@id":"https:\/\/pinyueppwovenbag.com\/id\/product\/why-use-non-woven-bags-was-great-eco-friendly-in-life\/#primaryimage"},"image":{"@id":"https:\/\/pinyueppwovenbag.com\/id\/product\/why-use-non-woven-bags-was-great-eco-friendly-in-life\/#primaryimage"},"thumbnailUrl":"https:\/\/pinyueppwovenbag.com\/wp-content\/uploads\/2024\/05\/non-woven-bags19.jpg","datePublished":"2024-05-24T08:44:33+00:00","dateModified":"2024-08-24T06:30:43+00:00","description":"Opting for non-woven bags offers significant benefits for eco-friendly living, contributing to sustainability and reducing environmental impact.","breadcrumb":{"@id":"https:\/\/pinyueppwovenbag.com\/id\/product\/why-use-non-woven-bags-was-great-eco-friendly-in-life\/#breadcrumb"},"inLanguage":"es","potentialAction":[{"@type":"ReadAction","target":["https:\/\/pinyueppwovenbag.com\/id\/product\/why-use-non-woven-bags-was-great-eco-friendly-in-life\/"]}]},{"@type":"ImageObject","inLanguage":"es","@id":"https:\/\/pinyueppwovenbag.com\/id\/product\/why-use-non-woven-bags-was-great-eco-friendly-in-life\/#primaryimage","url":"https:\/\/pinyueppwovenbag.com\/wp-content\/uploads\/2024\/05\/non-woven-bags19.jpg","contentUrl":"https:\/\/pinyueppwovenbag.com\/wp-content\/uploads\/2024\/05\/non-woven-bags19.jpg","width":572,"height":572},{"@type":"BreadcrumbList","@id":"https:\/\/pinyueppwovenbag.com\/id\/product\/why-use-non-woven-bags-was-great-eco-friendly-in-life\/#breadcrumb","itemListElement":[{"@type":"ListItem","position":1,"name":"\u9996\u9875","item":"https:\/\/pinyueppwovenbag.com\/"},{"@type":"ListItem","position":2,"name":"Products","item":"https:\/\/pinyueppwovenbag.com\/products\/"},{"@type":"ListItem","position":3,"name":"Why use non-woven bags was great Eco-Friendly in life"}]},{"@type":"WebSite","@id":"https:\/\/www.pinyueppwovenbag.com\/#website","url":"https:\/\/www.pinyueppwovenbag.com\/","name":"Shenzhen PinYue Technology Co., Ltd.","description":"","publisher":{"@id":"https:\/\/www.pinyueppwovenbag.com\/#organization"},"potentialAction":[{"@type":"SearchAction","target":{"@type":"EntryPoint","urlTemplate":"https:\/\/www.pinyueppwovenbag.com\/?s={search_term_string}"},"query-input":"required name=search_term_string"}],"inLanguage":"es"},{"@type":"Organization","@id":"https:\/\/www.pinyueppwovenbag.com\/#organization","name":"Shenzhen PinYue Technology Co., Ltd.","url":"https:\/\/www.pinyueppwovenbag.com\/","logo":{"@type":"ImageObject","inLanguage":"es","@id":"https:\/\/www.pinyueppwovenbag.com\/#\/schema\/logo\/image\/","url":"http:\/\/pinyueppwovenbag.com\/wp-content\/uploads\/2018\/07\/8171101867b458fbb8ba537ab1003d4.png","contentUrl":"http:\/\/pinyueppwovenbag.com\/wp-content\/uploads\/2018\/07\/8171101867b458fbb8ba537ab1003d4.png","width":569,"height":533,"caption":"Shenzhen PinYue Technology Co., Ltd."},"image":{"@id":"https:\/\/www.pinyueppwovenbag.com\/#\/schema\/logo\/image\/"},"sameAs":["https:\/\/x.com\/pinyuepacking","https:\/\/www.youtube.com\/@pinyueppbag"]}]}},"_links":{"self":[{"href":"https:\/\/pinyueppwovenbag.com\/es\/wp-json\/wp\/v2\/product\/3390","targetHints":{"allow":["GET"]}}],"collection":[{"href":"https:\/\/pinyueppwovenbag.com\/es\/wp-json\/wp\/v2\/product"}],"about":[{"href":"https:\/\/pinyueppwovenbag.com\/es\/wp-json\/wp\/v2\/types\/product"}],"replies":[{"embeddable":true,"href":"https:\/\/pinyueppwovenbag.com\/es\/wp-json\/wp\/v2\/comments?post=3390"}],"wp:featuredmedia":[{"embeddable":true,"href":"https:\/\/pinyueppwovenbag.com\/es\/wp-json\/wp\/v2\/media\/3391"}],"wp:attachment":[{"href":"https:\/\/pinyueppwovenbag.com\/es\/wp-json\/wp\/v2\/media?parent=3390"}],"wp:term":[{"taxonomy":"product_cat","embeddable":true,"href":"https:\/\/pinyueppwovenbag.com\/es\/wp-json\/wp\/v2\/product_cat?post=3390"},{"taxonomy":"product_tag","embeddable":true,"href":"https:\/\/pinyueppwovenbag.com\/es\/wp-json\/wp\/v2\/product_tag?post=3390"}],"curies":[{"name":"wp","href":"https:\/\/api.w.org\/{rel}","templated":true}]}}