{"id":3392,"date":"2024-05-24T16:56:07","date_gmt":"2024-05-24T08:56:07","guid":{"rendered":"http:\/\/pinyueppwovenbag.com\/?post_type=product&#038;p=3392"},"modified":"2024-08-24T14:35:01","modified_gmt":"2024-08-24T06:35:01","slug":"non-woven-bags-innovations-in-great-fashion-life","status":"publish","type":"product","link":"https:\/\/pinyueppwovenbag.com\/de\/product\/non-woven-bags-innovations-in-great-fashion-life\/","title":{"rendered":"Non-Woven Bags Innovationen in gro\u00dfer Mode Leben"},"content":{"rendered":"<p>Die Modeindustrie erlebt mit der Integration von Vliesstofftaschen in die Designlandschaft spannende Innovationen.<\/p>\n<p>Taschen aus Vliesstoff sind zu einer Leinwand f\u00fcr Kreativit\u00e4t geworden und bieten Designern endlose M\u00f6glichkeiten f\u00fcr einzigartige und innovative Designs. Von schicken Tragetaschen bis hin zu trendigen Crossbody-Modellen - modebewusste Menschen sch\u00e4tzen Vliestaschen als vielseitige Accessoires, die jedes Outfit erg\u00e4nzen.<\/p>\n<p>Einer der wichtigsten Vorteile von Taschen aus Vliesstoff in der Mode ist ihre Umweltfreundlichkeit. Die Verbraucher entscheiden sich zunehmend f\u00fcr nachhaltige Mode, und Taschen aus Vliesstoff passen perfekt zu diesem Trend. Die aus recycelten Materialien und biologisch abbaubaren Stoffen hergestellten Taschen aus Vliesstoff sind eine unbedenkliche Option f\u00fcr alle, die umweltbewusste Modealternativen suchen.<\/p>\n<p>Au\u00dferdem bieten Taschen aus Vliesstoff Modebegeisterten eine Kombination aus Stil und Funktionalit\u00e4t. Mit Merkmalen wie ger\u00e4umigen F\u00e4chern, sicheren Verschl\u00fcssen und robusten Griffen bieten Vliestaschen praktische L\u00f6sungen f\u00fcr den Transport von Alltagsgegenst\u00e4nden und setzen gleichzeitig ein modisches Statement.<\/p>\n<p>Die Vielseitigkeit von Vliestaschen geht \u00fcber ihr Design und ihre Funktionalit\u00e4t hinaus. Sie dienen als Plattform f\u00fcr Markenwerbung und Storytelling und erm\u00f6glichen es Modemarken, ihre Werte und ihr Ethos zu pr\u00e4sentieren. Individuell gestaltete Vliestaschen mit Markenlogos und Slogans werden zu wirkungsvollen Marketinginstrumenten, die bei den Verbrauchern gut ankommen.<\/p>\n<p>Innovationen in der Vliestaschentechnologie haben auch zu Fortschritten bei der Materialqualit\u00e4t und -leistung gef\u00fchrt. Hightech-Stoffe mit wasserabweisenden und antimikrobiellen Eigenschaften sorgen daf\u00fcr, dass Vliestaschen nicht nur stilvoll aussehen, sondern auch den Anforderungen des modernen Lebensstils gerecht werden.<\/p>\n<p>&nbsp;<\/p>\n<p>Bitte kontaktieren Sie uns, wenn Sie mehr wissen m\u00f6chten:<a href=\"https:\/\/pinyueppwovenbag.com\/de\/contact-us\/\">http:\/\/pinyueppwovenbag.com\/contact-us\/<\/a><\/p>\n<p>&nbsp;<\/p>\n<p>Unser Service:<br \/>\n-Gratisdesign und kostenlose Muster.<br \/>\n-Kurzer Produktionszyklus.<br \/>\n-Nach Kundenwunsch jede Anfrage an costom.<br \/>\n- Unsere Taschen mit hoher Festigkeit und Schlagz\u00e4higkeit.<br \/>\n-Unterst\u00fctzung hoher Qualit\u00e4t und niedriger Preise\/MOQ.<\/p>\n<p><img fetchpriority=\"high\" decoding=\"async\" class=\"alignnone size-medium wp-image-3349\" src=\"http:\/\/pinyueppwovenbag.com\/wp-content\/uploads\/2024\/04\/\u5171\u7528\u56fe2-300x300.jpg\" alt=\"\" width=\"300\" height=\"300\" srcset=\"https:\/\/pinyueppwovenbag.com\/wp-content\/uploads\/2024\/04\/\u5171\u7528\u56fe2-300x300.jpg 300w, https:\/\/pinyueppwovenbag.com\/wp-content\/uploads\/2024\/04\/\u5171\u7528\u56fe2-150x150.jpg 150w, https:\/\/pinyueppwovenbag.com\/wp-content\/uploads\/2024\/04\/\u5171\u7528\u56fe2-12x12.jpg 12w, https:\/\/pinyueppwovenbag.com\/wp-content\/uploads\/2024\/04\/\u5171\u7528\u56fe2-600x600.jpg 600w, https:\/\/pinyueppwovenbag.com\/wp-content\/uploads\/2024\/04\/\u5171\u7528\u56fe2-100x100.jpg 100w, https:\/\/pinyueppwovenbag.com\/wp-content\/uploads\/2024\/04\/\u5171\u7528\u56fe2.jpg 668w\" sizes=\"(max-width: 300px) 100vw, 300px\" \/><\/p>\n<p><img decoding=\"async\" class=\"alignnone size-medium wp-image-3380\" src=\"http:\/\/pinyueppwovenbag.com\/wp-content\/uploads\/2024\/05\/2-1-300x300.jpg\" alt=\"\" width=\"300\" height=\"300\" srcset=\"https:\/\/pinyueppwovenbag.com\/wp-content\/uploads\/2024\/05\/2-1-300x300.jpg 300w, https:\/\/pinyueppwovenbag.com\/wp-content\/uploads\/2024\/05\/2-1-150x150.jpg 150w, https:\/\/pinyueppwovenbag.com\/wp-content\/uploads\/2024\/05\/2-1-12x12.jpg 12w, https:\/\/pinyueppwovenbag.com\/wp-content\/uploads\/2024\/05\/2-1-600x600.jpg 600w, https:\/\/pinyueppwovenbag.com\/wp-content\/uploads\/2024\/05\/2-1-100x100.jpg 100w, https:\/\/pinyueppwovenbag.com\/wp-content\/uploads\/2024\/05\/2-1.jpg 640w\" sizes=\"(max-width: 300px) 100vw, 300px\" \/><\/p>","protected":false},"excerpt":{"rendered":"<p>The fashion industry is witnessing exciting innovations with the integration of non-woven bags into the design landscape. Non-woven bags have become a canvas for creativity, offering designers endless possibilities for unique and innovative designs. From chic tote bags to trendy crossbody styles, fashion-forward individuals are embracing non-woven bags as versatile accessories that complement any outfit. [&hellip;]<\/p>","protected":false},"featured_media":3393,"comment_status":"open","ping_status":"closed","template":"","meta":{"om_disable_all_campaigns":false,"_monsterinsights_skip_tracking":false,"_monsterinsights_sitenote_active":false,"_monsterinsights_sitenote_note":"","_monsterinsights_sitenote_category":0,"_uf_show_specific_survey":0,"_uf_disable_surveys":false},"product_cat":[55],"product_tag":[],"class_list":{"0":"post-3392","1":"product","2":"type-product","3":"status-publish","4":"has-post-thumbnail","6":"product_cat-non-woven-bags","8":"first","9":"instock","10":"shipping-taxable","11":"product-type-simple"},"yoast_head":"<!-- This site is optimized with the Yoast SEO plugin v23.2 - https:\/\/yoast.com\/wordpress\/plugins\/seo\/ -->\n<title>Non-Woven Bags Innovations in Great Fashion life - Shenzhen PinYue Technology Co., Ltd.<\/title>\n<meta name=\"description\" content=\"The fashion industry is witnessing exciting innovations with the integration of non-woven bags into the design landscape.\" \/>\n<meta name=\"robots\" content=\"index, follow, max-snippet:-1, max-image-preview:large, max-video-preview:-1\" \/>\n<link rel=\"canonical\" href=\"https:\/\/www.pinyueppwovenbag.com\/product\/non-woven-bags-innovations-in-great-fashion-life\/\" \/>\n<meta property=\"og:locale\" content=\"de_DE\" \/>\n<meta property=\"og:type\" content=\"article\" \/>\n<meta property=\"og:title\" content=\"Non-Woven Bags Innovations in Great Fashion life - Shenzhen PinYue Technology Co., Ltd.\" \/>\n<meta property=\"og:description\" content=\"The fashion industry is witnessing exciting innovations with the integration of non-woven bags into the design landscape.\" \/>\n<meta property=\"og:url\" content=\"https:\/\/www.pinyueppwovenbag.com\/product\/non-woven-bags-innovations-in-great-fashion-life\/\" \/>\n<meta property=\"og:site_name\" content=\"Shenzhen PinYue Technology Co., Ltd.\" \/>\n<meta property=\"article:modified_time\" content=\"2024-08-24T06:35:01+00:00\" \/>\n<meta property=\"og:image\" content=\"https:\/\/www.pinyueppwovenbag.com\/wp-content\/uploads\/2024\/05\/Non-woven-bags5-24-8.jpg\" \/>\n\t<meta property=\"og:image:width\" content=\"800\" \/>\n\t<meta property=\"og:image:height\" content=\"800\" \/>\n\t<meta property=\"og:image:type\" content=\"image\/jpeg\" \/>\n<meta name=\"twitter:card\" content=\"summary_large_image\" \/>\n<meta name=\"twitter:site\" content=\"@pinyuepacking\" \/>\n<meta name=\"twitter:label1\" content=\"Gesch\u00e4tzte Lesezeit\" \/>\n\t<meta name=\"twitter:data1\" content=\"3\u00a0Minuten\" \/>\n<script type=\"application\/ld+json\" class=\"yoast-schema-graph\">{\"@context\":\"https:\/\/schema.org\",\"@graph\":[{\"@type\":\"WebPage\",\"@id\":\"https:\/\/www.pinyueppwovenbag.com\/product\/non-woven-bags-innovations-in-great-fashion-life\/\",\"url\":\"https:\/\/www.pinyueppwovenbag.com\/product\/non-woven-bags-innovations-in-great-fashion-life\/\",\"name\":\"Non-Woven Bags Innovations in Great Fashion life - Shenzhen PinYue Technology Co., Ltd.\",\"isPartOf\":{\"@id\":\"https:\/\/www.pinyueppwovenbag.com\/#website\"},\"primaryImageOfPage\":{\"@id\":\"https:\/\/www.pinyueppwovenbag.com\/product\/non-woven-bags-innovations-in-great-fashion-life\/#primaryimage\"},\"image\":{\"@id\":\"https:\/\/www.pinyueppwovenbag.com\/product\/non-woven-bags-innovations-in-great-fashion-life\/#primaryimage\"},\"thumbnailUrl\":\"https:\/\/pinyueppwovenbag.com\/wp-content\/uploads\/2024\/05\/Non-woven-bags5-24-8.jpg\",\"datePublished\":\"2024-05-24T08:56:07+00:00\",\"dateModified\":\"2024-08-24T06:35:01+00:00\",\"description\":\"The fashion industry is witnessing exciting innovations with the integration of non-woven bags into the design landscape.\",\"breadcrumb\":{\"@id\":\"https:\/\/www.pinyueppwovenbag.com\/product\/non-woven-bags-innovations-in-great-fashion-life\/#breadcrumb\"},\"inLanguage\":\"de\",\"potentialAction\":[{\"@type\":\"ReadAction\",\"target\":[\"https:\/\/www.pinyueppwovenbag.com\/product\/non-woven-bags-innovations-in-great-fashion-life\/\"]}]},{\"@type\":\"ImageObject\",\"inLanguage\":\"de\",\"@id\":\"https:\/\/www.pinyueppwovenbag.com\/product\/non-woven-bags-innovations-in-great-fashion-life\/#primaryimage\",\"url\":\"https:\/\/pinyueppwovenbag.com\/wp-content\/uploads\/2024\/05\/Non-woven-bags5-24-8.jpg\",\"contentUrl\":\"https:\/\/pinyueppwovenbag.com\/wp-content\/uploads\/2024\/05\/Non-woven-bags5-24-8.jpg\",\"width\":800,\"height\":800},{\"@type\":\"BreadcrumbList\",\"@id\":\"https:\/\/www.pinyueppwovenbag.com\/product\/non-woven-bags-innovations-in-great-fashion-life\/#breadcrumb\",\"itemListElement\":[{\"@type\":\"ListItem\",\"position\":1,\"name\":\"\u9996\u9875\",\"item\":\"https:\/\/pinyueppwovenbag.com\/\"},{\"@type\":\"ListItem\",\"position\":2,\"name\":\"Products\",\"item\":\"https:\/\/pinyueppwovenbag.com\/products\/\"},{\"@type\":\"ListItem\",\"position\":3,\"name\":\"Non-Woven Bags Innovations in Great Fashion life\"}]},{\"@type\":\"WebSite\",\"@id\":\"https:\/\/www.pinyueppwovenbag.com\/#website\",\"url\":\"https:\/\/www.pinyueppwovenbag.com\/\",\"name\":\"Shenzhen PinYue Technology Co., Ltd.\",\"description\":\"\",\"publisher\":{\"@id\":\"https:\/\/www.pinyueppwovenbag.com\/#organization\"},\"potentialAction\":[{\"@type\":\"SearchAction\",\"target\":{\"@type\":\"EntryPoint\",\"urlTemplate\":\"https:\/\/www.pinyueppwovenbag.com\/?s={search_term_string}\"},\"query-input\":\"required name=search_term_string\"}],\"inLanguage\":\"de\"},{\"@type\":\"Organization\",\"@id\":\"https:\/\/www.pinyueppwovenbag.com\/#organization\",\"name\":\"Shenzhen PinYue Technology Co., Ltd.\",\"url\":\"https:\/\/www.pinyueppwovenbag.com\/\",\"logo\":{\"@type\":\"ImageObject\",\"inLanguage\":\"de\",\"@id\":\"https:\/\/www.pinyueppwovenbag.com\/#\/schema\/logo\/image\/\",\"url\":\"http:\/\/pinyueppwovenbag.com\/wp-content\/uploads\/2018\/07\/8171101867b458fbb8ba537ab1003d4.png\",\"contentUrl\":\"http:\/\/pinyueppwovenbag.com\/wp-content\/uploads\/2018\/07\/8171101867b458fbb8ba537ab1003d4.png\",\"width\":569,\"height\":533,\"caption\":\"Shenzhen PinYue Technology Co., Ltd.\"},\"image\":{\"@id\":\"https:\/\/www.pinyueppwovenbag.com\/#\/schema\/logo\/image\/\"},\"sameAs\":[\"https:\/\/x.com\/pinyuepacking\",\"https:\/\/www.youtube.com\/@pinyueppbag\"]}]}<\/script>\n<!-- \/ Yoast SEO plugin. -->","yoast_head_json":{"title":"Non-Woven Bags Innovations in Great Fashion life - Shenzhen PinYue Technology Co., Ltd.","description":"The fashion industry is witnessing exciting innovations with the integration of non-woven bags into the design landscape.","robots":{"index":"index","follow":"follow","max-snippet":"max-snippet:-1","max-image-preview":"max-image-preview:large","max-video-preview":"max-video-preview:-1"},"canonical":"https:\/\/www.pinyueppwovenbag.com\/product\/non-woven-bags-innovations-in-great-fashion-life\/","og_locale":"de_DE","og_type":"article","og_title":"Non-Woven Bags Innovations in Great Fashion life - Shenzhen PinYue Technology Co., Ltd.","og_description":"The fashion industry is witnessing exciting innovations with the integration of non-woven bags into the design landscape.","og_url":"https:\/\/www.pinyueppwovenbag.com\/product\/non-woven-bags-innovations-in-great-fashion-life\/","og_site_name":"Shenzhen PinYue Technology Co., Ltd.","article_modified_time":"2024-08-24T06:35:01+00:00","og_image":[{"width":800,"height":800,"url":"https:\/\/www.pinyueppwovenbag.com\/wp-content\/uploads\/2024\/05\/Non-woven-bags5-24-8.jpg","type":"image\/jpeg"}],"twitter_card":"summary_large_image","twitter_site":"@pinyuepacking","twitter_misc":{"Gesch\u00e4tzte Lesezeit":"3\u00a0Minuten"},"schema":{"@context":"https:\/\/schema.org","@graph":[{"@type":"WebPage","@id":"https:\/\/www.pinyueppwovenbag.com\/product\/non-woven-bags-innovations-in-great-fashion-life\/","url":"https:\/\/www.pinyueppwovenbag.com\/product\/non-woven-bags-innovations-in-great-fashion-life\/","name":"Non-Woven Bags Innovations in Great Fashion life - Shenzhen PinYue Technology Co., Ltd.","isPartOf":{"@id":"https:\/\/www.pinyueppwovenbag.com\/#website"},"primaryImageOfPage":{"@id":"https:\/\/www.pinyueppwovenbag.com\/product\/non-woven-bags-innovations-in-great-fashion-life\/#primaryimage"},"image":{"@id":"https:\/\/www.pinyueppwovenbag.com\/product\/non-woven-bags-innovations-in-great-fashion-life\/#primaryimage"},"thumbnailUrl":"https:\/\/pinyueppwovenbag.com\/wp-content\/uploads\/2024\/05\/Non-woven-bags5-24-8.jpg","datePublished":"2024-05-24T08:56:07+00:00","dateModified":"2024-08-24T06:35:01+00:00","description":"The fashion industry is witnessing exciting innovations with the integration of non-woven bags into the design landscape.","breadcrumb":{"@id":"https:\/\/www.pinyueppwovenbag.com\/product\/non-woven-bags-innovations-in-great-fashion-life\/#breadcrumb"},"inLanguage":"de","potentialAction":[{"@type":"ReadAction","target":["https:\/\/www.pinyueppwovenbag.com\/product\/non-woven-bags-innovations-in-great-fashion-life\/"]}]},{"@type":"ImageObject","inLanguage":"de","@id":"https:\/\/www.pinyueppwovenbag.com\/product\/non-woven-bags-innovations-in-great-fashion-life\/#primaryimage","url":"https:\/\/pinyueppwovenbag.com\/wp-content\/uploads\/2024\/05\/Non-woven-bags5-24-8.jpg","contentUrl":"https:\/\/pinyueppwovenbag.com\/wp-content\/uploads\/2024\/05\/Non-woven-bags5-24-8.jpg","width":800,"height":800},{"@type":"BreadcrumbList","@id":"https:\/\/www.pinyueppwovenbag.com\/product\/non-woven-bags-innovations-in-great-fashion-life\/#breadcrumb","itemListElement":[{"@type":"ListItem","position":1,"name":"\u9996\u9875","item":"https:\/\/pinyueppwovenbag.com\/"},{"@type":"ListItem","position":2,"name":"Products","item":"https:\/\/pinyueppwovenbag.com\/products\/"},{"@type":"ListItem","position":3,"name":"Non-Woven Bags Innovations in Great Fashion life"}]},{"@type":"WebSite","@id":"https:\/\/www.pinyueppwovenbag.com\/#website","url":"https:\/\/www.pinyueppwovenbag.com\/","name":"Shenzhen PinYue Technology Co., Ltd.","description":"","publisher":{"@id":"https:\/\/www.pinyueppwovenbag.com\/#organization"},"potentialAction":[{"@type":"SearchAction","target":{"@type":"EntryPoint","urlTemplate":"https:\/\/www.pinyueppwovenbag.com\/?s={search_term_string}"},"query-input":"required name=search_term_string"}],"inLanguage":"de"},{"@type":"Organization","@id":"https:\/\/www.pinyueppwovenbag.com\/#organization","name":"Shenzhen PinYue Technology Co., Ltd.","url":"https:\/\/www.pinyueppwovenbag.com\/","logo":{"@type":"ImageObject","inLanguage":"de","@id":"https:\/\/www.pinyueppwovenbag.com\/#\/schema\/logo\/image\/","url":"http:\/\/pinyueppwovenbag.com\/wp-content\/uploads\/2018\/07\/8171101867b458fbb8ba537ab1003d4.png","contentUrl":"http:\/\/pinyueppwovenbag.com\/wp-content\/uploads\/2018\/07\/8171101867b458fbb8ba537ab1003d4.png","width":569,"height":533,"caption":"Shenzhen PinYue Technology Co., Ltd."},"image":{"@id":"https:\/\/www.pinyueppwovenbag.com\/#\/schema\/logo\/image\/"},"sameAs":["https:\/\/x.com\/pinyuepacking","https:\/\/www.youtube.com\/@pinyueppbag"]}]}},"_links":{"self":[{"href":"https:\/\/pinyueppwovenbag.com\/de\/wp-json\/wp\/v2\/product\/3392","targetHints":{"allow":["GET"]}}],"collection":[{"href":"https:\/\/pinyueppwovenbag.com\/de\/wp-json\/wp\/v2\/product"}],"about":[{"href":"https:\/\/pinyueppwovenbag.com\/de\/wp-json\/wp\/v2\/types\/product"}],"replies":[{"embeddable":true,"href":"https:\/\/pinyueppwovenbag.com\/de\/wp-json\/wp\/v2\/comments?post=3392"}],"wp:featuredmedia":[{"embeddable":true,"href":"https:\/\/pinyueppwovenbag.com\/de\/wp-json\/wp\/v2\/media\/3393"}],"wp:attachment":[{"href":"https:\/\/pinyueppwovenbag.com\/de\/wp-json\/wp\/v2\/media?parent=3392"}],"wp:term":[{"taxonomy":"product_cat","embeddable":true,"href":"https:\/\/pinyueppwovenbag.com\/de\/wp-json\/wp\/v2\/product_cat?post=3392"},{"taxonomy":"product_tag","embeddable":true,"href":"https:\/\/pinyueppwovenbag.com\/de\/wp-json\/wp\/v2\/product_tag?post=3392"}],"curies":[{"name":"wp","href":"https:\/\/api.w.org\/{rel}","templated":true}]}}