{"id":346,"date":"2018-07-28T16:07:17","date_gmt":"2018-07-28T16:07:17","guid":{"rendered":"http:\/\/manufacturer.stylemixthemes.com\/?page_id=346"},"modified":"2025-04-05T12:15:44","modified_gmt":"2025-04-05T04:15:44","slug":"about-us","status":"publish","type":"page","link":"https:\/\/pinyueppwovenbag.com\/de\/about-us\/","title":{"rendered":"\u00dcber uns"},"content":{"rendered":"<div data-elementor-type=\"wp-post\" data-elementor-id=\"346\" class=\"elementor elementor-346\" data-elementor-post-type=\"page\">\n\t\t\t\t\t\t<section class=\"elementor-section elementor-top-section elementor-element elementor-element-7ce68a4 elementor-section-boxed elementor-section-height-default elementor-section-height-default\" data-id=\"7ce68a4\" data-element_type=\"section\">\n\t\t\t\t\t\t<div class=\"elementor-container elementor-column-gap-default\">\n\t\t\t\t\t<div class=\"elementor-column elementor-col-100 elementor-top-column elementor-element elementor-element-4e3300d\" data-id=\"4e3300d\" data-element_type=\"column\">\n\t\t\t<div class=\"elementor-widget-wrap elementor-element-populated\">\n\t\t\t\t\t\t<div class=\"elementor-element elementor-element-71c4888 elementor-widget elementor-widget-woocommerce-breadcrumb\" data-id=\"71c4888\" data-element_type=\"widget\" data-widget_type=\"woocommerce-breadcrumb.default\">\n\t\t\t\t<div class=\"elementor-widget-container\">\n\t\t\t<nav class=\"woocommerce-breadcrumb\" aria-label=\"Breadcrumb\" data-no-translation=\"\" data-trp-gettext=\"\">Startseite<\/nav>\t\t<\/div>\n\t\t\t\t<\/div>\n\t\t\t\t\t<\/div>\n\t\t<\/div>\n\t\t\t\t\t<\/div>\n\t\t<\/section>\n\t\t\t\t<section class=\"elementor-section elementor-top-section elementor-element elementor-element-2f1486b elementor-section-boxed elementor-section-height-default elementor-section-height-default\" data-id=\"2f1486b\" data-element_type=\"section\">\n\t\t\t\t\t\t<div class=\"elementor-container elementor-column-gap-default\">\n\t\t\t\t\t<div class=\"elementor-column elementor-col-100 elementor-top-column elementor-element elementor-element-8b90a9a\" data-id=\"8b90a9a\" data-element_type=\"column\">\n\t\t\t<div class=\"elementor-widget-wrap elementor-element-populated\">\n\t\t\t\t\t\t<div class=\"elementor-element elementor-element-18c693c elementor-widget elementor-widget-heading\" data-id=\"18c693c\" data-element_type=\"widget\" data-widget_type=\"heading.default\">\n\t\t\t\t<div class=\"elementor-widget-container\">\n\t\t\t<h2 class=\"elementor-heading-title elementor-size-default elementor-heading-title\">\u00dcber uns<\/h2>\t\t<\/div>\n\t\t\t\t<\/div>\n\t\t\t\t<div class=\"elementor-element elementor-element-90af0f4 elementor-widget elementor-widget-text-editor\" data-id=\"90af0f4\" data-element_type=\"widget\" data-widget_type=\"text-editor.default\">\n\t\t\t\t<div class=\"elementor-widget-container\">\n\t\t\t\t\t\t\t<p style=\"background-color: #ffffff;\">PinYue PACKAGING wurde 2017 gegr\u00fcndet, die Fabrik befindet sich in ZheJiang und ein International Trade Export Office in Shenzhen ist Shenzhen PinYue Technology Co, Ltd.<\/p><p style=\"background-color: #ffffff;\">Wir sind spezialisiert auf PP-Gewebes\u00e4cke. Unser Unternehmen verf\u00fcgt \u00fcber reiche Erfahrung in der Verpackungsindustrie. Zu unseren Hauptprodukten geh\u00f6ren gewebte PP-Taschen, nicht gewebte Taschen, PE-Plastiktaschen f\u00fcr Lebensmittel und Geschenkboxen. Au\u00dferdem bem\u00fchen wir uns sehr, neue Produkte zu entwickeln, um den unterschiedlichen Anforderungen der Kunden gerecht zu werden.<\/p><p style=\"background-color: #ffffff;\">Unsere Produkte verkaufen sich nicht nur gut in den heimischen Provinzen und St\u00e4dten, sondern werden auch in verschiedene L\u00e4nder und Regionen exportiert. Gleichzeitig \u00fcbernehmen wir auch OEM- und ODM-Auftr\u00e4ge. Egal, ob Sie ein Produkt aus unserem Katalog ausw\u00e4hlen m\u00f6chten oder Hilfe bei technischen Anwendungen ben\u00f6tigen, wenden Sie sich bitte an unser Kundendienstzentrum und teilen Sie uns Ihre Beschaffungsanforderungen mit.<\/p><p style=\"background-color: #ffffff;\">Unser Unternehmen verf\u00fcgt \u00fcber professionelle Farbdruckmaschinen und Laminiermaschinen, um die Produktqualit\u00e4t streng zu kontrollieren. Wir halten uns an das Gesch\u00e4ftsprinzip des beiderseitigen Vorteils, weil wir einen professionellen Service, Qualit\u00e4tsprodukte und wettbewerbsf\u00e4hige Preise bieten. Wir haben einen guten Ruf erworben. Sowie eine gro\u00dfe Anzahl von Kunden gewonnen.<\/p><p style=\"background-color: #ffffff;\">Wenn Sie neue Ideen und Vorschl\u00e4ge zu unseren Produkten haben, k\u00f6nnen Sie uns gerne kontaktieren!<br \/>Wir hei\u00dfen Kunden aus dem In- und Ausland herzlich willkommen, mit uns f\u00fcr den gemeinsamen Erfolg zusammenzuarbeiten.<\/p>\t\t\t\t\t\t<\/div>\n\t\t\t\t<\/div>\n\t\t\t\t\t<\/div>\n\t\t<\/div>\n\t\t\t\t\t<\/div>\n\t\t<\/section>\n\t\t\t\t<section class=\"elementor-section elementor-top-section elementor-element elementor-element-8688433 elementor-section-boxed elementor-section-height-default elementor-section-height-default\" data-id=\"8688433\" data-element_type=\"section\">\n\t\t\t\t\t\t<div class=\"elementor-container elementor-column-gap-default\">\n\t\t\t\t\t<div class=\"elementor-column elementor-col-100 elementor-top-column elementor-element elementor-element-752ea8e\" data-id=\"752ea8e\" data-element_type=\"column\">\n\t\t\t<div class=\"elementor-widget-wrap elementor-element-populated\">\n\t\t\t\t\t\t<div data-over-color=\"\" data-over=\"overlay\" class=\"elementor-element elementor-element-3841272 elementor-widget elementor-widget-video\" data-id=\"3841272\" data-element_type=\"widget\" data-settings=\"{&quot;youtube_url&quot;:&quot;https:\\\/\\\/youtu.be\\\/qp3TjFl10FI?si=Eb3VkWoXj7Uk7gzM&quot;,&quot;video_type&quot;:&quot;youtube&quot;,&quot;controls&quot;:&quot;yes&quot;}\" data-widget_type=\"video.default\">\n\t\t\t\t<div class=\"elementor-widget-container\">\n\t\t\t\t\t<div class=\"elementor-wrapper elementor-open-inline\">\n\t\t\t<div class=\"elementor-video\"><\/div>\t\t<\/div>\n\t\t\t\t<\/div>\n\t\t\t\t<\/div>\n\t\t\t\t\t<\/div>\n\t\t<\/div>\n\t\t\t\t\t<\/div>\n\t\t<\/section>\n\t\t\t\t<\/div>","protected":false},"excerpt":{"rendered":"<p>About Us PinYue PACKAGING was established in 2017,the factory is located in ZheJiang and set up a International Trade Export Office in Shenzhen is Shenzhen PinYue Technology Co., Ltd. We are specialized in PP Woven bags. Our company has rich experience in the Packaging Customization industry. Our main products include pp woven bag, Non woven [&hellip;]<\/p>","protected":false},"author":1,"featured_media":0,"parent":0,"menu_order":0,"comment_status":"closed","ping_status":"closed","template":"elementor_header_footer","meta":{"om_disable_all_campaigns":false,"_monsterinsights_skip_tracking":false,"_monsterinsights_sitenote_active":false,"_monsterinsights_sitenote_note":"","_monsterinsights_sitenote_category":0,"_uf_show_specific_survey":0,"_uf_disable_surveys":false,"two_page_speed":{"previous_score":{"desktop_score":59,"desktop_tti":"4.1\u00a0","mobile_score":32,"mobile_tti":"19.5\u00a0","date":"26.07.2024 05:44:46 pm","status":"completed"},"current_score":{"desktop_score":97,"desktop_tti":"0.9\u00a0","mobile_score":98,"mobile_tti":"4.2\u00a0","date":"05.04.2025 12:16:30 pm","status":"completed"}},"footnotes":""},"class_list":["post-346","page","type-page","status-publish","hentry"],"yoast_head":"<!-- This site is optimized with the Yoast SEO plugin v23.2 - https:\/\/yoast.com\/wordpress\/plugins\/seo\/ -->\n<title>About Us - Shenzhen PinYue Technology Co., Ltd.<\/title>\n<meta name=\"robots\" content=\"index, follow, max-snippet:-1, max-image-preview:large, max-video-preview:-1\" \/>\n<link rel=\"canonical\" href=\"https:\/\/www.pinyueppwovenbag.com\/about-us\/\" \/>\n<meta property=\"og:locale\" content=\"de_DE\" \/>\n<meta property=\"og:type\" content=\"article\" \/>\n<meta property=\"og:title\" content=\"About Us - Shenzhen PinYue Technology Co., Ltd.\" \/>\n<meta property=\"og:description\" content=\"About Us PinYue PACKAGING was established in 2017,the factory is located in ZheJiang and set up a International Trade Export Office in Shenzhen is Shenzhen PinYue Technology Co., Ltd. We are specialized in PP Woven bags. Our company has rich experience in the Packaging Customization industry. Our main products include pp woven bag, Non woven [&hellip;]\" \/>\n<meta property=\"og:url\" content=\"https:\/\/www.pinyueppwovenbag.com\/about-us\/\" \/>\n<meta property=\"og:site_name\" content=\"Shenzhen PinYue Technology Co., Ltd.\" \/>\n<meta property=\"article:modified_time\" content=\"2025-04-05T04:15:44+00:00\" \/>\n<meta name=\"twitter:card\" content=\"summary_large_image\" \/>\n<meta name=\"twitter:site\" content=\"@pinyuepacking\" \/>\n<meta name=\"twitter:label1\" content=\"Gesch\u00e4tzte Lesezeit\" \/>\n\t<meta name=\"twitter:data1\" content=\"1\u00a0Minute\" \/>\n<script type=\"application\/ld+json\" class=\"yoast-schema-graph\">{\"@context\":\"https:\/\/schema.org\",\"@graph\":[{\"@type\":\"WebPage\",\"@id\":\"https:\/\/www.pinyueppwovenbag.com\/about-us\/\",\"url\":\"https:\/\/www.pinyueppwovenbag.com\/about-us\/\",\"name\":\"About Us - Shenzhen PinYue Technology Co., Ltd.\",\"isPartOf\":{\"@id\":\"https:\/\/www.pinyueppwovenbag.com\/#website\"},\"datePublished\":\"2018-07-28T16:07:17+00:00\",\"dateModified\":\"2025-04-05T04:15:44+00:00\",\"breadcrumb\":{\"@id\":\"https:\/\/www.pinyueppwovenbag.com\/about-us\/#breadcrumb\"},\"inLanguage\":\"de\",\"potentialAction\":[{\"@type\":\"ReadAction\",\"target\":[\"https:\/\/www.pinyueppwovenbag.com\/about-us\/\"]}]},{\"@type\":\"BreadcrumbList\",\"@id\":\"https:\/\/www.pinyueppwovenbag.com\/about-us\/#breadcrumb\",\"itemListElement\":[{\"@type\":\"ListItem\",\"position\":1,\"name\":\"\u9996\u9875\",\"item\":\"https:\/\/pinyueppwovenbag.com\/\"},{\"@type\":\"ListItem\",\"position\":2,\"name\":\"About Us\"}]},{\"@type\":\"WebSite\",\"@id\":\"https:\/\/www.pinyueppwovenbag.com\/#website\",\"url\":\"https:\/\/www.pinyueppwovenbag.com\/\",\"name\":\"Shenzhen PinYue Technology Co., Ltd.\",\"description\":\"\",\"publisher\":{\"@id\":\"https:\/\/www.pinyueppwovenbag.com\/#organization\"},\"potentialAction\":[{\"@type\":\"SearchAction\",\"target\":{\"@type\":\"EntryPoint\",\"urlTemplate\":\"https:\/\/www.pinyueppwovenbag.com\/?s={search_term_string}\"},\"query-input\":\"required name=search_term_string\"}],\"inLanguage\":\"de\"},{\"@type\":\"Organization\",\"@id\":\"https:\/\/www.pinyueppwovenbag.com\/#organization\",\"name\":\"Shenzhen PinYue Technology Co., Ltd.\",\"url\":\"https:\/\/www.pinyueppwovenbag.com\/\",\"logo\":{\"@type\":\"ImageObject\",\"inLanguage\":\"de\",\"@id\":\"https:\/\/www.pinyueppwovenbag.com\/#\/schema\/logo\/image\/\",\"url\":\"http:\/\/pinyueppwovenbag.com\/wp-content\/uploads\/2018\/07\/8171101867b458fbb8ba537ab1003d4.png\",\"contentUrl\":\"http:\/\/pinyueppwovenbag.com\/wp-content\/uploads\/2018\/07\/8171101867b458fbb8ba537ab1003d4.png\",\"width\":569,\"height\":533,\"caption\":\"Shenzhen PinYue Technology Co., Ltd.\"},\"image\":{\"@id\":\"https:\/\/www.pinyueppwovenbag.com\/#\/schema\/logo\/image\/\"},\"sameAs\":[\"https:\/\/x.com\/pinyuepacking\",\"https:\/\/www.youtube.com\/@pinyueppbag\"]}]}<\/script>\n<!-- \/ Yoast SEO plugin. -->","yoast_head_json":{"title":"About Us - Shenzhen PinYue Technology Co., Ltd.","robots":{"index":"index","follow":"follow","max-snippet":"max-snippet:-1","max-image-preview":"max-image-preview:large","max-video-preview":"max-video-preview:-1"},"canonical":"https:\/\/www.pinyueppwovenbag.com\/about-us\/","og_locale":"de_DE","og_type":"article","og_title":"About Us - Shenzhen PinYue Technology Co., Ltd.","og_description":"About Us PinYue PACKAGING was established in 2017,the factory is located in ZheJiang and set up a International Trade Export Office in Shenzhen is Shenzhen PinYue Technology Co., Ltd. We are specialized in PP Woven bags. Our company has rich experience in the Packaging Customization industry. Our main products include pp woven bag, Non woven [&hellip;]","og_url":"https:\/\/www.pinyueppwovenbag.com\/about-us\/","og_site_name":"Shenzhen PinYue Technology Co., Ltd.","article_modified_time":"2025-04-05T04:15:44+00:00","twitter_card":"summary_large_image","twitter_site":"@pinyuepacking","twitter_misc":{"Gesch\u00e4tzte Lesezeit":"1\u00a0Minute"},"schema":{"@context":"https:\/\/schema.org","@graph":[{"@type":"WebPage","@id":"https:\/\/www.pinyueppwovenbag.com\/about-us\/","url":"https:\/\/www.pinyueppwovenbag.com\/about-us\/","name":"About Us - Shenzhen PinYue Technology Co., Ltd.","isPartOf":{"@id":"https:\/\/www.pinyueppwovenbag.com\/#website"},"datePublished":"2018-07-28T16:07:17+00:00","dateModified":"2025-04-05T04:15:44+00:00","breadcrumb":{"@id":"https:\/\/www.pinyueppwovenbag.com\/about-us\/#breadcrumb"},"inLanguage":"de","potentialAction":[{"@type":"ReadAction","target":["https:\/\/www.pinyueppwovenbag.com\/about-us\/"]}]},{"@type":"BreadcrumbList","@id":"https:\/\/www.pinyueppwovenbag.com\/about-us\/#breadcrumb","itemListElement":[{"@type":"ListItem","position":1,"name":"\u9996\u9875","item":"https:\/\/pinyueppwovenbag.com\/"},{"@type":"ListItem","position":2,"name":"About Us"}]},{"@type":"WebSite","@id":"https:\/\/www.pinyueppwovenbag.com\/#website","url":"https:\/\/www.pinyueppwovenbag.com\/","name":"Shenzhen PinYue Technology Co., Ltd.","description":"","publisher":{"@id":"https:\/\/www.pinyueppwovenbag.com\/#organization"},"potentialAction":[{"@type":"SearchAction","target":{"@type":"EntryPoint","urlTemplate":"https:\/\/www.pinyueppwovenbag.com\/?s={search_term_string}"},"query-input":"required name=search_term_string"}],"inLanguage":"de"},{"@type":"Organization","@id":"https:\/\/www.pinyueppwovenbag.com\/#organization","name":"Shenzhen PinYue Technology Co., Ltd.","url":"https:\/\/www.pinyueppwovenbag.com\/","logo":{"@type":"ImageObject","inLanguage":"de","@id":"https:\/\/www.pinyueppwovenbag.com\/#\/schema\/logo\/image\/","url":"http:\/\/pinyueppwovenbag.com\/wp-content\/uploads\/2018\/07\/8171101867b458fbb8ba537ab1003d4.png","contentUrl":"http:\/\/pinyueppwovenbag.com\/wp-content\/uploads\/2018\/07\/8171101867b458fbb8ba537ab1003d4.png","width":569,"height":533,"caption":"Shenzhen PinYue Technology Co., Ltd."},"image":{"@id":"https:\/\/www.pinyueppwovenbag.com\/#\/schema\/logo\/image\/"},"sameAs":["https:\/\/x.com\/pinyuepacking","https:\/\/www.youtube.com\/@pinyueppbag"]}]}},"amp_enabled":false,"_links":{"self":[{"href":"https:\/\/pinyueppwovenbag.com\/de\/wp-json\/wp\/v2\/pages\/346","targetHints":{"allow":["GET"]}}],"collection":[{"href":"https:\/\/pinyueppwovenbag.com\/de\/wp-json\/wp\/v2\/pages"}],"about":[{"href":"https:\/\/pinyueppwovenbag.com\/de\/wp-json\/wp\/v2\/types\/page"}],"author":[{"embeddable":true,"href":"https:\/\/pinyueppwovenbag.com\/de\/wp-json\/wp\/v2\/users\/1"}],"replies":[{"embeddable":true,"href":"https:\/\/pinyueppwovenbag.com\/de\/wp-json\/wp\/v2\/comments?post=346"}],"version-history":[{"count":33,"href":"https:\/\/pinyueppwovenbag.com\/de\/wp-json\/wp\/v2\/pages\/346\/revisions"}],"predecessor-version":[{"id":3264,"href":"https:\/\/pinyueppwovenbag.com\/de\/wp-json\/wp\/v2\/pages\/346\/revisions\/3264"}],"wp:attachment":[{"href":"https:\/\/pinyueppwovenbag.com\/de\/wp-json\/wp\/v2\/media?parent=346"}],"curies":[{"name":"wp","href":"https:\/\/api.w.org\/{rel}","templated":true}]}}