{"id":2892,"date":"2024-04-15T14:47:40","date_gmt":"2024-04-15T06:47:40","guid":{"rendered":"http:\/\/pinyueppwovenbag.com\/index.php\/request-quote\/"},"modified":"2024-05-09T17:09:21","modified_gmt":"2024-05-09T09:09:21","slug":"request-quote","status":"publish","type":"page","link":"https:\/\/pinyueppwovenbag.com\/de\/request-quote\/","title":{"rendered":"Angebot anfordern"},"content":{"rendered":"<div data-elementor-type=\"wp-page\" data-elementor-id=\"2892\" class=\"elementor elementor-2892\" data-elementor-post-type=\"page\">\n\t\t\t\t\t\t<section class=\"elementor-section elementor-top-section elementor-element elementor-element-2cfb5020 elementor-section-boxed elementor-section-height-default elementor-section-height-default\" data-id=\"2cfb5020\" data-element_type=\"section\">\n\t\t\t\t\t\t<div class=\"elementor-container elementor-column-gap-default\">\n\t\t\t\t\t<div class=\"elementor-column elementor-col-100 elementor-top-column elementor-element elementor-element-16773ff6\" data-id=\"16773ff6\" data-element_type=\"column\">\n\t\t\t<div class=\"elementor-widget-wrap elementor-element-populated\">\n\t\t\t\t\t\t<div class=\"elementor-element elementor-element-d868285 elementor-widget elementor-widget-heading\" data-id=\"d868285\" data-element_type=\"widget\" data-widget_type=\"heading.default\">\n\t\t\t\t<div class=\"elementor-widget-container\">\n\t\t\t<h2 class=\"elementor-heading-title elementor-size-default elementor-heading-title\">FAQ<\/h2>\t\t<\/div>\n\t\t\t\t<\/div>\n\t\t\t\t<div class=\"elementor-element elementor-element-3c498b2e elementor-widget elementor-widget-text-editor\" data-id=\"3c498b2e\" data-element_type=\"widget\" data-widget_type=\"text-editor.default\">\n\t\t\t\t<div class=\"elementor-widget-container\">\n\t\t\t\t\t\t\t<p><span class=\"magic-57\" data-spm-anchor-id=\"a2700.details.0.i55.71ff7479UOBOns\">Q1. Sind Sie eine Fabrik oder ein Handelsunternehmen?<br \/>A: Wir sind eine Fabrik in Wenzhou und haben \u00fcber 7 Jahre Erfahrung in dieser Branche.<br \/><br \/>Q2. Ich kaufe zum ersten Mal eine Verpackung. Welche Informationen muss ich angeben, um ein Angebot zu erhalten?<br \/>A: Bitte geben Sie an: 1.Bag Typ;2.Material;3.Dicke;4.Gr\u00f6\u00dfe; 5.Menge;<br \/>Wir sind auch in der Lage, diese notwendigen Details auf der Grundlage unserer Erfahrung vorzuschlagen, wenn Sie wirklich keine Ahnung haben.<br \/><br \/>Q3. Wie hoch ist Ihr MOQ?<br \/>A: Wir unterst\u00fctzen niedrige MOQ, und es ist durch die Tasche Gr\u00f6\u00dfe entschieden und immer verhandelbar.<br \/><br \/>Q4. Wie viele Farben k\u00f6nnen Sie machen? welche Farbe canluse?<br \/>A: Es sind bis zu 10 Farben m\u00f6glich. Sowohl Pantone-Farben als auch die \u00fcblichen.<br \/><br \/>Q5. Kann ich die Tasche mit Grafikdesign und meinem Logo bedrucken lassen?<br \/>A: Ja, wir sind OEM und k\u00f6nnen die Tasche in den Spezifikationen machen, die Sie ben\u00f6tigen.<br \/><br \/>F6: Welches Dateiformat muss ich f\u00fcr die Produktion bereitstellen? <br \/>A: Wir akzeptieren AICDR PSD-Dateien.<br \/><br \/>Q7:Ich m\u00f6chte die Verpackung verwenden, um mein Produkt zu verpacken - kann Ihre Tasche funktionieren?<br \/>A: Nat\u00fcrlich sicher, alle unsere Verpackungsbeutel sind FOOD GRADE und k\u00f6nnen direkt mit Lebensmitteln in Ber\u00fchrung kommen.<\/span><\/p>\n<div><span class=\"magic-57\">\u00a0<\/span><\/div>\n<div><span class=\"magic-57\">Q8:Welche Arten von Verpackungen k\u00f6nnen Sie individuell gestalten? <\/span><\/div>\n<div><span class=\"magic-57\">A: Wir k\u00f6nnen jede Art von gewebten Beuteln, nicht gewebten Beuteln, Kunststoffbeuteln und Geschenkpapier\/-schachteln individuell gestalten.<\/span><\/div>\t\t\t\t\t\t<\/div>\n\t\t\t\t<\/div>\n\t\t\t\t\t<\/div>\n\t\t<\/div>\n\t\t\t\t\t<\/div>\n\t\t<\/section>\n\t\t\t\t<\/div>","protected":false},"excerpt":{"rendered":"<p>FAQ Q1. Are you a factory or trading company?A:We are a factory in Wenzhou and have over 7 years experience in this lines. Q2. This is my first time to buy the packaging,may I know what&#8217;s the information I need to provide to get the quotation?A:Please provide:1.Bag Type;2.Material;3.Thickness;4.Size; 5.Quantity;We are also able to suggest these [&hellip;]<\/p>","protected":false},"author":1,"featured_media":0,"parent":0,"menu_order":0,"comment_status":"closed","ping_status":"closed","template":"","meta":{"om_disable_all_campaigns":false,"_monsterinsights_skip_tracking":false,"_monsterinsights_sitenote_active":false,"_monsterinsights_sitenote_note":"","_monsterinsights_sitenote_category":0,"_uf_show_specific_survey":0,"_uf_disable_surveys":false,"two_page_speed":[],"footnotes":""},"class_list":["post-2892","page","type-page","status-publish","hentry"],"yoast_head":"<!-- This site is optimized with the Yoast SEO plugin v23.2 - https:\/\/yoast.com\/wordpress\/plugins\/seo\/ -->\n<title>Request a Quote - Shenzhen PinYue Technology Co., Ltd.<\/title>\n<meta name=\"robots\" content=\"index, follow, max-snippet:-1, max-image-preview:large, max-video-preview:-1\" \/>\n<link rel=\"canonical\" href=\"https:\/\/pinyueppwovenbag.com\/de\/request-quote\/\" \/>\n<meta property=\"og:locale\" content=\"de_DE\" \/>\n<meta property=\"og:type\" content=\"article\" \/>\n<meta property=\"og:title\" content=\"Request a Quote - Shenzhen PinYue Technology Co., Ltd.\" \/>\n<meta property=\"og:description\" content=\"FAQ Q1. Are you a factory or trading company?A:We are a factory in Wenzhou and have over 7 years experience in this lines. Q2. This is my first time to buy the packaging,may I know what&#8217;s the information I need to provide to get the quotation?A:Please provide:1.Bag Type;2.Material;3.Thickness;4.Size; 5.Quantity;We are also able to suggest these [&hellip;]\" \/>\n<meta property=\"og:url\" content=\"https:\/\/pinyueppwovenbag.com\/de\/request-quote\/\" \/>\n<meta property=\"og:site_name\" content=\"Shenzhen PinYue Technology Co., Ltd.\" \/>\n<meta property=\"article:modified_time\" content=\"2024-05-09T09:09:21+00:00\" \/>\n<meta name=\"twitter:card\" content=\"summary_large_image\" \/>\n<meta name=\"twitter:site\" content=\"@pinyuepacking\" \/>\n<meta name=\"twitter:label1\" content=\"Gesch\u00e4tzte Lesezeit\" \/>\n\t<meta name=\"twitter:data1\" content=\"1\u00a0Minute\" \/>\n<script type=\"application\/ld+json\" class=\"yoast-schema-graph\">{\"@context\":\"https:\/\/schema.org\",\"@graph\":[{\"@type\":\"WebPage\",\"@id\":\"https:\/\/pinyueppwovenbag.com\/th\/request-quote\/\",\"url\":\"https:\/\/pinyueppwovenbag.com\/th\/request-quote\/\",\"name\":\"Request a Quote - Shenzhen PinYue Technology Co., Ltd.\",\"isPartOf\":{\"@id\":\"https:\/\/www.pinyueppwovenbag.com\/#website\"},\"datePublished\":\"2024-04-15T06:47:40+00:00\",\"dateModified\":\"2024-05-09T09:09:21+00:00\",\"breadcrumb\":{\"@id\":\"https:\/\/pinyueppwovenbag.com\/th\/request-quote\/#breadcrumb\"},\"inLanguage\":\"de\",\"potentialAction\":[{\"@type\":\"ReadAction\",\"target\":[\"https:\/\/pinyueppwovenbag.com\/th\/request-quote\/\"]}]},{\"@type\":\"BreadcrumbList\",\"@id\":\"https:\/\/pinyueppwovenbag.com\/th\/request-quote\/#breadcrumb\",\"itemListElement\":[{\"@type\":\"ListItem\",\"position\":1,\"name\":\"\u9996\u9875\",\"item\":\"https:\/\/pinyueppwovenbag.com\/\"},{\"@type\":\"ListItem\",\"position\":2,\"name\":\"Request a Quote\"}]},{\"@type\":\"WebSite\",\"@id\":\"https:\/\/www.pinyueppwovenbag.com\/#website\",\"url\":\"https:\/\/www.pinyueppwovenbag.com\/\",\"name\":\"Shenzhen PinYue Technology Co., Ltd.\",\"description\":\"\",\"publisher\":{\"@id\":\"https:\/\/www.pinyueppwovenbag.com\/#organization\"},\"potentialAction\":[{\"@type\":\"SearchAction\",\"target\":{\"@type\":\"EntryPoint\",\"urlTemplate\":\"https:\/\/www.pinyueppwovenbag.com\/?s={search_term_string}\"},\"query-input\":\"required name=search_term_string\"}],\"inLanguage\":\"de\"},{\"@type\":\"Organization\",\"@id\":\"https:\/\/www.pinyueppwovenbag.com\/#organization\",\"name\":\"Shenzhen PinYue Technology Co., Ltd.\",\"url\":\"https:\/\/www.pinyueppwovenbag.com\/\",\"logo\":{\"@type\":\"ImageObject\",\"inLanguage\":\"de\",\"@id\":\"https:\/\/www.pinyueppwovenbag.com\/#\/schema\/logo\/image\/\",\"url\":\"http:\/\/pinyueppwovenbag.com\/wp-content\/uploads\/2018\/07\/8171101867b458fbb8ba537ab1003d4.png\",\"contentUrl\":\"http:\/\/pinyueppwovenbag.com\/wp-content\/uploads\/2018\/07\/8171101867b458fbb8ba537ab1003d4.png\",\"width\":569,\"height\":533,\"caption\":\"Shenzhen PinYue Technology Co., Ltd.\"},\"image\":{\"@id\":\"https:\/\/www.pinyueppwovenbag.com\/#\/schema\/logo\/image\/\"},\"sameAs\":[\"https:\/\/x.com\/pinyuepacking\",\"https:\/\/www.youtube.com\/@pinyueppbag\"]}]}<\/script>\n<!-- \/ Yoast SEO plugin. -->","yoast_head_json":{"title":"Request a Quote - Shenzhen PinYue Technology Co., Ltd.","robots":{"index":"index","follow":"follow","max-snippet":"max-snippet:-1","max-image-preview":"max-image-preview:large","max-video-preview":"max-video-preview:-1"},"canonical":"https:\/\/pinyueppwovenbag.com\/de\/request-quote\/","og_locale":"de_DE","og_type":"article","og_title":"Request a Quote - Shenzhen PinYue Technology Co., Ltd.","og_description":"FAQ Q1. Are you a factory or trading company?A:We are a factory in Wenzhou and have over 7 years experience in this lines. Q2. This is my first time to buy the packaging,may I know what&#8217;s the information I need to provide to get the quotation?A:Please provide:1.Bag Type;2.Material;3.Thickness;4.Size; 5.Quantity;We are also able to suggest these [&hellip;]","og_url":"https:\/\/pinyueppwovenbag.com\/de\/request-quote\/","og_site_name":"Shenzhen PinYue Technology Co., Ltd.","article_modified_time":"2024-05-09T09:09:21+00:00","twitter_card":"summary_large_image","twitter_site":"@pinyuepacking","twitter_misc":{"Gesch\u00e4tzte Lesezeit":"1\u00a0Minute"},"schema":{"@context":"https:\/\/schema.org","@graph":[{"@type":"WebPage","@id":"https:\/\/pinyueppwovenbag.com\/th\/request-quote\/","url":"https:\/\/pinyueppwovenbag.com\/th\/request-quote\/","name":"Request a Quote - Shenzhen PinYue Technology Co., Ltd.","isPartOf":{"@id":"https:\/\/www.pinyueppwovenbag.com\/#website"},"datePublished":"2024-04-15T06:47:40+00:00","dateModified":"2024-05-09T09:09:21+00:00","breadcrumb":{"@id":"https:\/\/pinyueppwovenbag.com\/th\/request-quote\/#breadcrumb"},"inLanguage":"de","potentialAction":[{"@type":"ReadAction","target":["https:\/\/pinyueppwovenbag.com\/th\/request-quote\/"]}]},{"@type":"BreadcrumbList","@id":"https:\/\/pinyueppwovenbag.com\/th\/request-quote\/#breadcrumb","itemListElement":[{"@type":"ListItem","position":1,"name":"\u9996\u9875","item":"https:\/\/pinyueppwovenbag.com\/"},{"@type":"ListItem","position":2,"name":"Request a Quote"}]},{"@type":"WebSite","@id":"https:\/\/www.pinyueppwovenbag.com\/#website","url":"https:\/\/www.pinyueppwovenbag.com\/","name":"Shenzhen PinYue Technology Co., Ltd.","description":"","publisher":{"@id":"https:\/\/www.pinyueppwovenbag.com\/#organization"},"potentialAction":[{"@type":"SearchAction","target":{"@type":"EntryPoint","urlTemplate":"https:\/\/www.pinyueppwovenbag.com\/?s={search_term_string}"},"query-input":"required name=search_term_string"}],"inLanguage":"de"},{"@type":"Organization","@id":"https:\/\/www.pinyueppwovenbag.com\/#organization","name":"Shenzhen PinYue Technology Co., Ltd.","url":"https:\/\/www.pinyueppwovenbag.com\/","logo":{"@type":"ImageObject","inLanguage":"de","@id":"https:\/\/www.pinyueppwovenbag.com\/#\/schema\/logo\/image\/","url":"http:\/\/pinyueppwovenbag.com\/wp-content\/uploads\/2018\/07\/8171101867b458fbb8ba537ab1003d4.png","contentUrl":"http:\/\/pinyueppwovenbag.com\/wp-content\/uploads\/2018\/07\/8171101867b458fbb8ba537ab1003d4.png","width":569,"height":533,"caption":"Shenzhen PinYue Technology Co., Ltd."},"image":{"@id":"https:\/\/www.pinyueppwovenbag.com\/#\/schema\/logo\/image\/"},"sameAs":["https:\/\/x.com\/pinyuepacking","https:\/\/www.youtube.com\/@pinyueppbag"]}]}},"amp_enabled":true,"_links":{"self":[{"href":"https:\/\/pinyueppwovenbag.com\/de\/wp-json\/wp\/v2\/pages\/2892","targetHints":{"allow":["GET"]}}],"collection":[{"href":"https:\/\/pinyueppwovenbag.com\/de\/wp-json\/wp\/v2\/pages"}],"about":[{"href":"https:\/\/pinyueppwovenbag.com\/de\/wp-json\/wp\/v2\/types\/page"}],"author":[{"embeddable":true,"href":"https:\/\/pinyueppwovenbag.com\/de\/wp-json\/wp\/v2\/users\/1"}],"replies":[{"embeddable":true,"href":"https:\/\/pinyueppwovenbag.com\/de\/wp-json\/wp\/v2\/comments?post=2892"}],"version-history":[{"count":3,"href":"https:\/\/pinyueppwovenbag.com\/de\/wp-json\/wp\/v2\/pages\/2892\/revisions"}],"predecessor-version":[{"id":3122,"href":"https:\/\/pinyueppwovenbag.com\/de\/wp-json\/wp\/v2\/pages\/2892\/revisions\/3122"}],"wp:attachment":[{"href":"https:\/\/pinyueppwovenbag.com\/de\/wp-json\/wp\/v2\/media?parent=2892"}],"curies":[{"name":"wp","href":"https:\/\/api.w.org\/{rel}","templated":true}]}}