{"id":2791,"date":"2024-04-15T10:34:52","date_gmt":"2024-04-15T02:34:52","guid":{"rendered":"http:\/\/pinyueppwovenbag.com\/?page_id=2791"},"modified":"2025-04-24T08:55:53","modified_gmt":"2025-04-24T00:55:53","slug":"quality-control","status":"publish","type":"page","link":"https:\/\/pinyueppwovenbag.com\/de\/quality-control\/","title":{"rendered":"Qualit\u00e4tskontrolle"},"content":{"rendered":"<div data-elementor-type=\"wp-page\" data-elementor-id=\"2791\" class=\"elementor elementor-2791\" data-elementor-post-type=\"page\">\n\t\t\t\t\t\t<section class=\"elementor-section elementor-top-section elementor-element elementor-element-7507643 elementor-section-boxed elementor-section-height-default elementor-section-height-default\" data-id=\"7507643\" data-element_type=\"section\">\n\t\t\t\t\t\t<div class=\"elementor-container elementor-column-gap-default\">\n\t\t\t\t\t<div class=\"elementor-column elementor-col-100 elementor-top-column elementor-element elementor-element-613dabd\" data-id=\"613dabd\" data-element_type=\"column\">\n\t\t\t<div class=\"elementor-widget-wrap elementor-element-populated\">\n\t\t\t\t\t\t<div class=\"elementor-element elementor-element-f3a193c elementor-widget elementor-widget-woocommerce-breadcrumb\" data-id=\"f3a193c\" data-element_type=\"widget\" data-widget_type=\"woocommerce-breadcrumb.default\">\n\t\t\t\t<div class=\"elementor-widget-container\">\n\t\t\t<nav class=\"woocommerce-breadcrumb\" aria-label=\"Breadcrumb\" data-no-translation=\"\" data-trp-gettext=\"\">Startseite<\/nav>\t\t<\/div>\n\t\t\t\t<\/div>\n\t\t\t\t\t<\/div>\n\t\t<\/div>\n\t\t\t\t\t<\/div>\n\t\t<\/section>\n\t\t\t\t<section class=\"elementor-section elementor-top-section elementor-element elementor-element-711600f elementor-section-boxed elementor-section-height-default elementor-section-height-default\" data-id=\"711600f\" data-element_type=\"section\">\n\t\t\t\t\t\t<div class=\"elementor-container elementor-column-gap-default\">\n\t\t\t\t\t<div class=\"elementor-column elementor-col-33 elementor-top-column elementor-element elementor-element-4e0ce38 elementor-hidden-mobile\" data-id=\"4e0ce38\" data-element_type=\"column\">\n\t\t\t<div class=\"elementor-widget-wrap\">\n\t\t\t\t\t\t\t<\/div>\n\t\t<\/div>\n\t\t\t\t<div class=\"elementor-column elementor-col-66 elementor-top-column elementor-element elementor-element-2ca4b47\" data-id=\"2ca4b47\" data-element_type=\"column\" data-settings=\"{&quot;background_background&quot;:&quot;classic&quot;}\">\n\t\t\t<div class=\"elementor-widget-wrap elementor-element-populated\">\n\t\t\t\t\t\t<div class=\"elementor-element elementor-element-20eec8a elementor-widget elementor-widget-heading\" data-id=\"20eec8a\" data-element_type=\"widget\" data-widget_type=\"heading.default\">\n\t\t\t\t<div class=\"elementor-widget-container\">\n\t\t\t<h2 class=\"elementor-heading-title elementor-size-default elementor-heading-title\">QC-Profil<\/h2>\t\t<\/div>\n\t\t\t\t<\/div>\n\t\t\t\t<div class=\"elementor-element elementor-element-d4b8c5b elementor-widget elementor-widget-text-editor\" data-id=\"d4b8c5b\" data-element_type=\"widget\" data-widget_type=\"text-editor.default\">\n\t\t\t\t<div class=\"elementor-widget-container\">\n\t\t\t\t\t\t\t<p>Wir konzentrieren uns auf die Sicherheit unserer Mitarbeiter und auf die Gesundheit der Produkte. Dar\u00fcber hinaus bestehen wir darauf, das Geheimnis unserer Kunden zu wahren.\u00a0<\/p><p>Die Fabrik wird in einem v\u00f6llig geschlossenen System gef\u00fchrt, mit einem Sicherheitsteam, das 24 Stunden am Tag im Einsatz ist und \u00fcber ein \u00dcberwachungssystem mit Video\u00fcberwachung und automatischen Alarmanlagen verf\u00fcgt. Um die Sicherheit in der Produktion und die Gesundheit zu gew\u00e4hrleisten, verst\u00e4rken wir die Hardware f\u00fcr Gesundheitsprodukte, f\u00fchren regelm\u00e4\u00dfige medizinische Untersuchungen f\u00fcr die Mitarbeiter durch und verbessern die routinem\u00e4\u00dfigen HS-Kontrollarbeiten. Die Produkte mit Lackierung wurden zuerst vollst\u00e4ndig granuliert, was Kanten, Ecken und b\u00f6swillige Verwendung von Spucke effektiv vermeiden kann.<\/p>\t\t\t\t\t\t<\/div>\n\t\t\t\t<\/div>\n\t\t\t\t\t<\/div>\n\t\t<\/div>\n\t\t\t\t\t<\/div>\n\t\t<\/section>\n\t\t\t\t<\/div>","protected":false},"excerpt":{"rendered":"<p>QC Profil Wir konzentrieren uns auf die Sicherheit unserer Mitarbeiter und die Gesundheit der Produkte. Au\u00dferdem bestehen wir darauf, die Geheimhaltung f\u00fcr unsere Kunden zu wahren.  Die Fabrik ist komplett geschlossen und wird 24 Stunden am Tag von einem Sicherheitsteam bewacht, das mit einem \u00dcberwachungssystem mit Video\u00fcberwachung und automatischen Alarmanlagen ausgestattet ist. Um die Sicherheit in der Produktion und Gesundheit zu gew\u00e4hrleisten, [...]<\/p>","protected":false},"author":1,"featured_media":0,"parent":0,"menu_order":0,"comment_status":"closed","ping_status":"closed","template":"","meta":{"om_disable_all_campaigns":false,"_monsterinsights_skip_tracking":false,"_monsterinsights_sitenote_active":false,"_monsterinsights_sitenote_note":"","_monsterinsights_sitenote_category":0,"_uf_show_specific_survey":0,"_uf_disable_surveys":false,"two_page_speed":{"previous_score":{"status":"error_no_score"},"current_score":{"desktop_score":89,"desktop_tti":"1.3\u00a0","mobile_score":95,"mobile_tti":"2.3\u00a0","date":"21.01.2026 10:58:08 pm","status":"completed"}},"footnotes":""},"class_list":["post-2791","page","type-page","status-publish","hentry"],"yoast_head":"<!-- This site is optimized with the Yoast SEO plugin v23.2 - https:\/\/yoast.com\/wordpress\/plugins\/seo\/ -->\n<title>Quality Control - Shenzhen PinYue Technology Co., Ltd.<\/title>\n<meta name=\"robots\" content=\"index, follow, max-snippet:-1, max-image-preview:large, max-video-preview:-1\" \/>\n<link rel=\"canonical\" href=\"https:\/\/pinyueppwovenbag.com\/de\/quality-control\/\" \/>\n<meta property=\"og:locale\" content=\"de_DE\" \/>\n<meta property=\"og:type\" content=\"article\" \/>\n<meta property=\"og:title\" content=\"Quality Control - Shenzhen PinYue Technology Co., Ltd.\" \/>\n<meta property=\"og:description\" content=\"QC Profile We focus on safety of our worker and health-oriented of products. What\u2019s more, we insist on keeping secret for our customers.\u00a0 Factory is managed in a totally closed way with security team 24 hours a day, equipped with closed-circuit television monitoring system and automatic alarm device. To ensure safety in production and health, [&hellip;]\" \/>\n<meta property=\"og:url\" content=\"https:\/\/pinyueppwovenbag.com\/de\/quality-control\/\" \/>\n<meta property=\"og:site_name\" content=\"Shenzhen PinYue Technology Co., Ltd.\" \/>\n<meta property=\"article:modified_time\" content=\"2025-04-24T00:55:53+00:00\" \/>\n<meta name=\"twitter:card\" content=\"summary_large_image\" \/>\n<meta name=\"twitter:site\" content=\"@pinyuepacking\" \/>\n<script type=\"application\/ld+json\" class=\"yoast-schema-graph\">{\"@context\":\"https:\/\/schema.org\",\"@graph\":[{\"@type\":\"WebPage\",\"@id\":\"https:\/\/pinyueppwovenbag.com\/id\/quality-control\/\",\"url\":\"https:\/\/pinyueppwovenbag.com\/id\/quality-control\/\",\"name\":\"Quality Control - Shenzhen PinYue Technology Co., Ltd.\",\"isPartOf\":{\"@id\":\"https:\/\/www.pinyueppwovenbag.com\/#website\"},\"datePublished\":\"2024-04-15T02:34:52+00:00\",\"dateModified\":\"2025-04-24T00:55:53+00:00\",\"breadcrumb\":{\"@id\":\"https:\/\/pinyueppwovenbag.com\/id\/quality-control\/#breadcrumb\"},\"inLanguage\":\"de\",\"potentialAction\":[{\"@type\":\"ReadAction\",\"target\":[\"https:\/\/pinyueppwovenbag.com\/id\/quality-control\/\"]}]},{\"@type\":\"BreadcrumbList\",\"@id\":\"https:\/\/pinyueppwovenbag.com\/id\/quality-control\/#breadcrumb\",\"itemListElement\":[{\"@type\":\"ListItem\",\"position\":1,\"name\":\"\u9996\u9875\",\"item\":\"https:\/\/pinyueppwovenbag.com\/\"},{\"@type\":\"ListItem\",\"position\":2,\"name\":\"Quality Control\"}]},{\"@type\":\"WebSite\",\"@id\":\"https:\/\/www.pinyueppwovenbag.com\/#website\",\"url\":\"https:\/\/www.pinyueppwovenbag.com\/\",\"name\":\"Shenzhen PinYue Technology Co., Ltd.\",\"description\":\"\",\"publisher\":{\"@id\":\"https:\/\/www.pinyueppwovenbag.com\/#organization\"},\"potentialAction\":[{\"@type\":\"SearchAction\",\"target\":{\"@type\":\"EntryPoint\",\"urlTemplate\":\"https:\/\/www.pinyueppwovenbag.com\/?s={search_term_string}\"},\"query-input\":\"required name=search_term_string\"}],\"inLanguage\":\"de\"},{\"@type\":\"Organization\",\"@id\":\"https:\/\/www.pinyueppwovenbag.com\/#organization\",\"name\":\"Shenzhen PinYue Technology Co., Ltd.\",\"url\":\"https:\/\/www.pinyueppwovenbag.com\/\",\"logo\":{\"@type\":\"ImageObject\",\"inLanguage\":\"de\",\"@id\":\"https:\/\/www.pinyueppwovenbag.com\/#\/schema\/logo\/image\/\",\"url\":\"http:\/\/pinyueppwovenbag.com\/wp-content\/uploads\/2018\/07\/8171101867b458fbb8ba537ab1003d4.png\",\"contentUrl\":\"http:\/\/pinyueppwovenbag.com\/wp-content\/uploads\/2018\/07\/8171101867b458fbb8ba537ab1003d4.png\",\"width\":569,\"height\":533,\"caption\":\"Shenzhen PinYue Technology Co., Ltd.\"},\"image\":{\"@id\":\"https:\/\/www.pinyueppwovenbag.com\/#\/schema\/logo\/image\/\"},\"sameAs\":[\"https:\/\/x.com\/pinyuepacking\",\"https:\/\/www.youtube.com\/@pinyueppbag\"]}]}<\/script>\n<!-- \/ Yoast SEO plugin. -->","yoast_head_json":{"title":"Quality Control - Shenzhen PinYue Technology Co., Ltd.","robots":{"index":"index","follow":"follow","max-snippet":"max-snippet:-1","max-image-preview":"max-image-preview:large","max-video-preview":"max-video-preview:-1"},"canonical":"https:\/\/pinyueppwovenbag.com\/de\/quality-control\/","og_locale":"de_DE","og_type":"article","og_title":"Quality Control - Shenzhen PinYue Technology Co., Ltd.","og_description":"QC Profile We focus on safety of our worker and health-oriented of products. What\u2019s more, we insist on keeping secret for our customers.\u00a0 Factory is managed in a totally closed way with security team 24 hours a day, equipped with closed-circuit television monitoring system and automatic alarm device. To ensure safety in production and health, [&hellip;]","og_url":"https:\/\/pinyueppwovenbag.com\/de\/quality-control\/","og_site_name":"Shenzhen PinYue Technology Co., Ltd.","article_modified_time":"2025-04-24T00:55:53+00:00","twitter_card":"summary_large_image","twitter_site":"@pinyuepacking","schema":{"@context":"https:\/\/schema.org","@graph":[{"@type":"WebPage","@id":"https:\/\/pinyueppwovenbag.com\/id\/quality-control\/","url":"https:\/\/pinyueppwovenbag.com\/id\/quality-control\/","name":"Quality Control - Shenzhen PinYue Technology Co., Ltd.","isPartOf":{"@id":"https:\/\/www.pinyueppwovenbag.com\/#website"},"datePublished":"2024-04-15T02:34:52+00:00","dateModified":"2025-04-24T00:55:53+00:00","breadcrumb":{"@id":"https:\/\/pinyueppwovenbag.com\/id\/quality-control\/#breadcrumb"},"inLanguage":"de","potentialAction":[{"@type":"ReadAction","target":["https:\/\/pinyueppwovenbag.com\/id\/quality-control\/"]}]},{"@type":"BreadcrumbList","@id":"https:\/\/pinyueppwovenbag.com\/id\/quality-control\/#breadcrumb","itemListElement":[{"@type":"ListItem","position":1,"name":"\u9996\u9875","item":"https:\/\/pinyueppwovenbag.com\/"},{"@type":"ListItem","position":2,"name":"Quality Control"}]},{"@type":"WebSite","@id":"https:\/\/www.pinyueppwovenbag.com\/#website","url":"https:\/\/www.pinyueppwovenbag.com\/","name":"Shenzhen PinYue Technology Co., Ltd.","description":"","publisher":{"@id":"https:\/\/www.pinyueppwovenbag.com\/#organization"},"potentialAction":[{"@type":"SearchAction","target":{"@type":"EntryPoint","urlTemplate":"https:\/\/www.pinyueppwovenbag.com\/?s={search_term_string}"},"query-input":"required name=search_term_string"}],"inLanguage":"de"},{"@type":"Organization","@id":"https:\/\/www.pinyueppwovenbag.com\/#organization","name":"Shenzhen PinYue Technology Co., Ltd.","url":"https:\/\/www.pinyueppwovenbag.com\/","logo":{"@type":"ImageObject","inLanguage":"de","@id":"https:\/\/www.pinyueppwovenbag.com\/#\/schema\/logo\/image\/","url":"http:\/\/pinyueppwovenbag.com\/wp-content\/uploads\/2018\/07\/8171101867b458fbb8ba537ab1003d4.png","contentUrl":"http:\/\/pinyueppwovenbag.com\/wp-content\/uploads\/2018\/07\/8171101867b458fbb8ba537ab1003d4.png","width":569,"height":533,"caption":"Shenzhen PinYue Technology Co., Ltd."},"image":{"@id":"https:\/\/www.pinyueppwovenbag.com\/#\/schema\/logo\/image\/"},"sameAs":["https:\/\/x.com\/pinyuepacking","https:\/\/www.youtube.com\/@pinyueppbag"]}]}},"amp_enabled":true,"_links":{"self":[{"href":"https:\/\/pinyueppwovenbag.com\/de\/wp-json\/wp\/v2\/pages\/2791","targetHints":{"allow":["GET"]}}],"collection":[{"href":"https:\/\/pinyueppwovenbag.com\/de\/wp-json\/wp\/v2\/pages"}],"about":[{"href":"https:\/\/pinyueppwovenbag.com\/de\/wp-json\/wp\/v2\/types\/page"}],"author":[{"embeddable":true,"href":"https:\/\/pinyueppwovenbag.com\/de\/wp-json\/wp\/v2\/users\/1"}],"replies":[{"embeddable":true,"href":"https:\/\/pinyueppwovenbag.com\/de\/wp-json\/wp\/v2\/comments?post=2791"}],"version-history":[{"count":13,"href":"https:\/\/pinyueppwovenbag.com\/de\/wp-json\/wp\/v2\/pages\/2791\/revisions"}],"predecessor-version":[{"id":3128,"href":"https:\/\/pinyueppwovenbag.com\/de\/wp-json\/wp\/v2\/pages\/2791\/revisions\/3128"}],"wp:attachment":[{"href":"https:\/\/pinyueppwovenbag.com\/de\/wp-json\/wp\/v2\/media?parent=2791"}],"curies":[{"name":"wp","href":"https:\/\/api.w.org\/{rel}","templated":true}]}}